{"id":6608,"date":"2024-04-29T18:11:56","date_gmt":"2024-04-29T16:11:56","guid":{"rendered":"https:\/\/www.idrogru.it\/camion-grue\/"},"modified":"2024-08-23T11:22:06","modified_gmt":"2024-08-23T09:22:06","slug":"camion-grue","status":"publish","type":"page","link":"https:\/\/www.idrogru.it\/fr\/camion-grue\/","title":{"rendered":"Grue sur porteur"},"content":{"rendered":"<div class=\"wpb-content-wrapper\"><p>[vc_row full_width=&#8221;stretch_row&#8221; content_placement=&#8221;middle&#8221; parallax=&#8221;content-moving&#8221; parallax_image=&#8221;159&#8243; css=&#8221;.vc_custom_1715093964269{padding-top: 6em !important;padding-bottom: 6em !important;background-color: #333333 !important;}&#8221;][vc_column width=&#8221;1\/2&#8243;][\/vc_column][vc_column width=&#8221;1\/2&#8243;]<div class=\"floating-block-wrapper\">\n\t\t\t<div class=\"flaoting-block text-start bg-white rounded shadow p-4\">\n\t\t\t\t<h2 class=\"deco-title text-start floating-block-title with-subtitle\"><span class=\"deco-eylet\">Grue sur porteur<\/span><span>Puissance, contr\u00f4le et performance<mark>pour chaque levage<\/mark><\/span><\/h2>\n\t\t\t\t<div class=\"floating-block-text mb-5\">Nous sommes la r\u00e9f\u00e9rence en mati\u00e8re de conception, de construction et de vente de <strong>grues sur porteur <\/strong> de grand tonnage et ayant des <strong>performances exceptionnelles.<\/strong> Tous nos mod\u00e8les sont mont\u00e9s sur des porteurs commerciaux \u00e0 3, 4 ou 5 essieux, la plupart d&#8217;entre eux pouvent <strong>rouler en l\u00e9gal.<\/strong> Nos grues sont con\u00e7ues avec une attention particuli\u00e8re \u00e0 chaque d\u00e9tail afin de garantir \u00e0 tout moment <strong>les plus grandes performances et conditions de s\u00e9curit\u00e9 <\/strong><\/div>\n\t\t\t\t<div class=\"button-wrapper text-start\"><a class=\"btn btn-default floating-block-button btn-lg\"  href=\"https:\/\/idrogru.it\/autogru\/#tipologie\"title=\"En savoir plus\">En savoir plus<\/a><\/div>\n\t\t\t<\/div>\n\t\t<\/div>[\/vc_column][\/vc_row][vc_row css=&#8221;.vc_custom_1715615595020{padding-bottom: 8em !important;}&#8221; el_id=&#8221;tipologie&#8221;][vc_column css_animation=&#8221;fadeInUp&#8221; width=&#8221;5\/6&#8243; offset=&#8221;vc_col-md-offset-0 vc_col-md-4 vc_col-xs-offset-1 vc_col-xs-10&#8243;]\n\t\t\t<div class=\"card-block-wrapper \">\n\t\t\t\t<div class=\"card min-height mb-3\">\n\t\t\t\t\t<figure class=\"card-img-top aspect-image\" style=\"background-image:url('https:\/\/www.idrogru.it\/wp-content\/uploads\/2024\/07\/light-resize.jpg'); aspect-ratio:4 \/ 3; \">\n\t\t\t\t\t\t\n\t\t\t\t\t<\/figure>\n\t\t\t\t\t<div class=\"card-body\">\n\t\t\t\t\t\t<h3 class=\"card-title\"><span class=\"card-title-eyelet\">Idrogru<\/span>Grue pour camion l\u00e9ger<\/h3>\n\t\t\t\t\t\t<p class=\"card-text\">L\u00e9gers et compacts, ils s&#8217;int\u00e8grent partout, alliant puissance et grande agilit\u00e9.<\/p>\n\t\t\t\t\t\t<div class=\"card-button\"><a href=\"https:\/\/www.idrogru.it\/fr\/typologie\/camion-grue-leger\/\" title=\"Mod\u00e8les l\u00e9gers\" target=\"_blank\" class=\"btn btn-default\">Mod\u00e8les l\u00e9gers<\/a><\/div>\n\t\t\t\t\t<\/div>\n\t\t\t\t<\/div>\n\t\t\t<\/div>[\/vc_column][vc_column css_animation=&#8221;fadeInUp&#8221; width=&#8221;5\/6&#8243; el_class=&#8221;delay200&#8243; offset=&#8221;vc_col-md-offset-0 vc_col-md-4 vc_col-xs-offset-1 vc_col-xs-10&#8243;]\n\t\t\t<div class=\"card-block-wrapper \">\n\t\t\t\t<div class=\"card min-height mb-3\">\n\t\t\t\t\t<figure class=\"card-img-top aspect-image\" style=\"background-image:url('https:\/\/www.idrogru.it\/wp-content\/uploads\/2024\/07\/medium-resize-1.jpg'); aspect-ratio:4 \/ 3; \">\n\t\t\t\t\t\t\n\t\t\t\t\t<\/figure>\n\t\t\t\t\t<div class=\"card-body\">\n\t\t\t\t\t\t<h3 class=\"card-title\"><span class=\"card-title-eyelet\">Idrogru<\/span>Camion-grue moyen<\/h3>\n\t\t\t\t\t\t<p class=\"card-text\">Le plus polyvalent, capable d&#8217;effectuer des travaux lourds \u00e0 l&#8217;int\u00e9rieur comme \u00e0 l&#8217;ext\u00e9rieur.<\/p>\n\t\t\t\t\t\t<div class=\"card-button\"><a href=\"https:\/\/www.idrogru.it\/fr\/typologie\/camion-grue-moyen\/\" title=\"Mod\u00e8les moyens\" target=\"_blank\" class=\"btn btn-default\">Mod\u00e8les moyens<\/a><\/div>\n\t\t\t\t\t<\/div>\n\t\t\t\t<\/div>\n\t\t\t<\/div>[\/vc_column][vc_column css_animation=&#8221;fadeInUp&#8221; width=&#8221;5\/6&#8243; el_class=&#8221;delay400&#8243; offset=&#8221;vc_col-md-offset-0 vc_col-md-4 vc_col-xs-offset-1 vc_col-xs-10&#8243;]\n\t\t\t<div class=\"card-block-wrapper \">\n\t\t\t\t<div class=\"card min-height mb-3\">\n\t\t\t\t\t<figure class=\"card-img-top aspect-image\" style=\"background-image:url('https:\/\/www.idrogru.it\/wp-content\/uploads\/2024\/07\/heavy-resize-3.jpg'); aspect-ratio:4 \/ 3; \">\n\t\t\t\t\t\t\n\t\t\t\t\t<\/figure>\n\t\t\t\t\t<div class=\"card-body\">\n\t\t\t\t\t\t<h3 class=\"card-title\"><span class=\"card-title-eyelet\">Idrogru<\/span>Camion-grue lourd<\/h3>\n\t\t\t\t\t\t<p class=\"card-text\">Avec des poids de lestage allant de 18 \u00e0 36 tonnes, ils sont id\u00e9aux pour les charges les plus extr\u00eames.<\/p>\n\t\t\t\t\t\t<div class=\"card-button\"><a href=\"https:\/\/www.idrogru.it\/fr\/typologie\/camion-grue-lourd\/\" title=\"Mod\u00e8les lourds\" target=\"_blank\" class=\"btn btn-default\">Mod\u00e8les lourds<\/a><\/div>\n\t\t\t\t\t<\/div>\n\t\t\t\t<\/div>\n\t\t\t<\/div>[\/vc_column][\/vc_row]<\/p>\n<\/div>","protected":false},"excerpt":{"rendered":"<p>[vc_row full_width=&#8221;stretch_row&#8221; content_placement=&#8221;middle&#8221; parallax=&#8221;content-moving&#8221; parallax_image=&#8221;159&#8243; css=&#8221;.vc_custom_1715093964269{padding-top: 6em !important;padding-bottom: 6em !important;background-color: #333333 !important;}&#8221;][vc_column width=&#8221;1\/2&#8243;][\/vc_column][vc_column width=&#8221;1\/2&#8243;][\/vc_column][\/vc_row][vc_row css=&#8221;.vc_custom_1715615595020{padding-bottom: 8em !important;}&#8221; el_id=&#8221;tipologie&#8221;][vc_column css_animation=&#8221;fadeInUp&#8221; width=&#8221;5\/6&#8243; offset=&#8221;vc_col-md-offset-0 vc_col-md-4 vc_col-xs-offset-1 vc_col-xs-10&#8243;][\/vc_column][vc_column css_animation=&#8221;fadeInUp&#8221; width=&#8221;5\/6&#8243; el_class=&#8221;delay200&#8243; offset=&#8221;vc_col-md-offset-0 vc_col-md-4 vc_col-xs-offset-1 vc_col-xs-10&#8243;][\/vc_column][vc_column css_animation=&#8221;fadeInUp&#8221; width=&#8221;5\/6&#8243; el_class=&#8221;delay400&#8243; offset=&#8221;vc_col-md-offset-0 vc_col-md-4 vc_col-xs-offset-1 vc_col-xs-10&#8243;][\/vc_column][\/vc_row]<\/p>\n","protected":false},"author":1,"featured_media":0,"parent":0,"menu_order":0,"comment_status":"closed","ping_status":"closed","template":"","meta":{"_acf_changed":false,"rs_blank_template":"","rs_page_bg_color":"","slide_template_v7":"","footnotes":""},"class_list":["post-6608","page","type-page","status-publish","hentry"],"acf":[],"yoast_head":"<!-- This site is optimized with the Yoast SEO plugin v27.4 - https:\/\/yoast.com\/product\/yoast-seo-wordpress\/ -->\n<title>Grue sur porteur - Idrogru<\/title>\n<meta name=\"robots\" content=\"index, follow, max-snippet:-1, max-image-preview:large, max-video-preview:-1\" \/>\n<link rel=\"canonical\" href=\"https:\/\/www.idrogru.it\/fr\/camion-grue\/\" \/>\n<meta property=\"og:locale\" content=\"fr_FR\" \/>\n<meta property=\"og:type\" content=\"article\" \/>\n<meta property=\"og:title\" content=\"Grue sur porteur - Idrogru\" \/>\n<meta property=\"og:description\" content=\"[vc_row full_width=&#8221;stretch_row&#8221; content_placement=&#8221;middle&#8221; parallax=&#8221;content-moving&#8221; parallax_image=&#8221;159&#8243; css=&#8221;.vc_custom_1715093964269{padding-top: 6em !important;padding-bottom: 6em !important;background-color: #333333 !important;}&#8221;][vc_column width=&#8221;1\/2&#8243;][\/vc_column][vc_column width=&#8221;1\/2&#8243;][\/vc_column][\/vc_row][vc_row css=&#8221;.vc_custom_1715615595020{padding-bottom: 8em !important;}&#8221; el_id=&#8221;tipologie&#8221;][vc_column css_animation=&#8221;fadeInUp&#8221; width=&#8221;5\/6&#8243; offset=&#8221;vc_col-md-offset-0 vc_col-md-4 vc_col-xs-offset-1 vc_col-xs-10&#8243;][\/vc_column][vc_column css_animation=&#8221;fadeInUp&#8221; width=&#8221;5\/6&#8243; el_class=&#8221;delay200&#8243; offset=&#8221;vc_col-md-offset-0 vc_col-md-4 vc_col-xs-offset-1 vc_col-xs-10&#8243;][\/vc_column][vc_column css_animation=&#8221;fadeInUp&#8221; width=&#8221;5\/6&#8243; el_class=&#8221;delay400&#8243; offset=&#8221;vc_col-md-offset-0 vc_col-md-4 vc_col-xs-offset-1 vc_col-xs-10&#8243;][\/vc_column][\/vc_row]\" \/>\n<meta property=\"og:url\" content=\"https:\/\/www.idrogru.it\/fr\/camion-grue\/\" \/>\n<meta property=\"og:site_name\" content=\"Idrogru\" \/>\n<meta property=\"article:publisher\" content=\"https:\/\/www.facebook.com\/Idrogru-Srl-1651955921694151\/\" \/>\n<meta property=\"article:modified_time\" content=\"2024-08-23T09:22:06+00:00\" \/>\n<meta name=\"twitter:card\" content=\"summary_large_image\" \/>\n<meta name=\"twitter:label1\" content=\"Est. reading time\" \/>\n\t<meta name=\"twitter:data1\" content=\"2 minutes\" \/>\n<script type=\"application\/ld+json\" class=\"yoast-schema-graph\">{\"@context\":\"https:\\\/\\\/schema.org\",\"@graph\":[{\"@type\":\"WebPage\",\"@id\":\"https:\\\/\\\/www.idrogru.it\\\/fr\\\/camion-grue\\\/\",\"url\":\"https:\\\/\\\/www.idrogru.it\\\/fr\\\/camion-grue\\\/\",\"name\":\"Grue sur porteur - Idrogru\",\"isPartOf\":{\"@id\":\"https:\\\/\\\/www.idrogru.it\\\/fr\\\/#website\"},\"datePublished\":\"2024-04-29T16:11:56+00:00\",\"dateModified\":\"2024-08-23T09:22:06+00:00\",\"breadcrumb\":{\"@id\":\"https:\\\/\\\/www.idrogru.it\\\/fr\\\/camion-grue\\\/#breadcrumb\"},\"inLanguage\":\"fr-FR\",\"potentialAction\":[{\"@type\":\"ReadAction\",\"target\":[\"https:\\\/\\\/www.idrogru.it\\\/fr\\\/camion-grue\\\/\"]}]},{\"@type\":\"BreadcrumbList\",\"@id\":\"https:\\\/\\\/www.idrogru.it\\\/fr\\\/camion-grue\\\/#breadcrumb\",\"itemListElement\":[{\"@type\":\"ListItem\",\"position\":1,\"name\":\"Home\",\"item\":\"https:\\\/\\\/www.idrogru.it\\\/fr\\\/\"},{\"@type\":\"ListItem\",\"position\":2,\"name\":\"Grue sur porteur\"}]},{\"@type\":\"WebSite\",\"@id\":\"https:\\\/\\\/www.idrogru.it\\\/fr\\\/#website\",\"url\":\"https:\\\/\\\/www.idrogru.it\\\/fr\\\/\",\"name\":\"Idrogru\",\"description\":\"Il tuo partner di fiducia per le gru idrauliche su misura\",\"publisher\":{\"@id\":\"https:\\\/\\\/www.idrogru.it\\\/fr\\\/#organization\"},\"potentialAction\":[{\"@type\":\"SearchAction\",\"target\":{\"@type\":\"EntryPoint\",\"urlTemplate\":\"https:\\\/\\\/www.idrogru.it\\\/fr\\\/?s={search_term_string}\"},\"query-input\":{\"@type\":\"PropertyValueSpecification\",\"valueRequired\":true,\"valueName\":\"search_term_string\"}}],\"inLanguage\":\"fr-FR\"},{\"@type\":\"Organization\",\"@id\":\"https:\\\/\\\/www.idrogru.it\\\/fr\\\/#organization\",\"name\":\"Idrogru\",\"url\":\"https:\\\/\\\/www.idrogru.it\\\/fr\\\/\",\"logo\":{\"@type\":\"ImageObject\",\"inLanguage\":\"fr-FR\",\"@id\":\"https:\\\/\\\/www.idrogru.it\\\/fr\\\/#\\\/schema\\\/logo\\\/image\\\/\",\"url\":\"https:\\\/\\\/www.idrogru.it\\\/wp-content\\\/uploads\\\/2025\\\/03\\\/Idrogru_logoR.png\",\"contentUrl\":\"https:\\\/\\\/www.idrogru.it\\\/wp-content\\\/uploads\\\/2025\\\/03\\\/Idrogru_logoR.png\",\"width\":4870,\"height\":864,\"caption\":\"Idrogru\"},\"image\":{\"@id\":\"https:\\\/\\\/www.idrogru.it\\\/fr\\\/#\\\/schema\\\/logo\\\/image\\\/\"},\"sameAs\":[\"https:\\\/\\\/www.facebook.com\\\/Idrogru-Srl-1651955921694151\\\/\",\"https:\\\/\\\/www.youtube.com\\\/channel\\\/UCt0-wyhR6AXew6QL2XwWFLw\",\"https:\\\/\\\/www.linkedin.com\\\/company\\\/idrogru\",\"https:\\\/\\\/www.instagram.com\\\/idrogru\\\/\"]}]}<\/script>\n<!-- \/ Yoast SEO plugin. -->","yoast_head_json":{"title":"Grue sur porteur - Idrogru","robots":{"index":"index","follow":"follow","max-snippet":"max-snippet:-1","max-image-preview":"max-image-preview:large","max-video-preview":"max-video-preview:-1"},"canonical":"https:\/\/www.idrogru.it\/fr\/camion-grue\/","og_locale":"fr_FR","og_type":"article","og_title":"Grue sur porteur - Idrogru","og_description":"[vc_row full_width=&#8221;stretch_row&#8221; content_placement=&#8221;middle&#8221; parallax=&#8221;content-moving&#8221; parallax_image=&#8221;159&#8243; css=&#8221;.vc_custom_1715093964269{padding-top: 6em !important;padding-bottom: 6em !important;background-color: #333333 !important;}&#8221;][vc_column width=&#8221;1\/2&#8243;][\/vc_column][vc_column width=&#8221;1\/2&#8243;][\/vc_column][\/vc_row][vc_row css=&#8221;.vc_custom_1715615595020{padding-bottom: 8em !important;}&#8221; el_id=&#8221;tipologie&#8221;][vc_column css_animation=&#8221;fadeInUp&#8221; width=&#8221;5\/6&#8243; offset=&#8221;vc_col-md-offset-0 vc_col-md-4 vc_col-xs-offset-1 vc_col-xs-10&#8243;][\/vc_column][vc_column css_animation=&#8221;fadeInUp&#8221; width=&#8221;5\/6&#8243; el_class=&#8221;delay200&#8243; offset=&#8221;vc_col-md-offset-0 vc_col-md-4 vc_col-xs-offset-1 vc_col-xs-10&#8243;][\/vc_column][vc_column css_animation=&#8221;fadeInUp&#8221; width=&#8221;5\/6&#8243; el_class=&#8221;delay400&#8243; offset=&#8221;vc_col-md-offset-0 vc_col-md-4 vc_col-xs-offset-1 vc_col-xs-10&#8243;][\/vc_column][\/vc_row]","og_url":"https:\/\/www.idrogru.it\/fr\/camion-grue\/","og_site_name":"Idrogru","article_publisher":"https:\/\/www.facebook.com\/Idrogru-Srl-1651955921694151\/","article_modified_time":"2024-08-23T09:22:06+00:00","twitter_card":"summary_large_image","twitter_misc":{"Est. reading time":"2 minutes"},"schema":{"@context":"https:\/\/schema.org","@graph":[{"@type":"WebPage","@id":"https:\/\/www.idrogru.it\/fr\/camion-grue\/","url":"https:\/\/www.idrogru.it\/fr\/camion-grue\/","name":"Grue sur porteur - Idrogru","isPartOf":{"@id":"https:\/\/www.idrogru.it\/fr\/#website"},"datePublished":"2024-04-29T16:11:56+00:00","dateModified":"2024-08-23T09:22:06+00:00","breadcrumb":{"@id":"https:\/\/www.idrogru.it\/fr\/camion-grue\/#breadcrumb"},"inLanguage":"fr-FR","potentialAction":[{"@type":"ReadAction","target":["https:\/\/www.idrogru.it\/fr\/camion-grue\/"]}]},{"@type":"BreadcrumbList","@id":"https:\/\/www.idrogru.it\/fr\/camion-grue\/#breadcrumb","itemListElement":[{"@type":"ListItem","position":1,"name":"Home","item":"https:\/\/www.idrogru.it\/fr\/"},{"@type":"ListItem","position":2,"name":"Grue sur porteur"}]},{"@type":"WebSite","@id":"https:\/\/www.idrogru.it\/fr\/#website","url":"https:\/\/www.idrogru.it\/fr\/","name":"Idrogru","description":"Il tuo partner di fiducia per le gru idrauliche su misura","publisher":{"@id":"https:\/\/www.idrogru.it\/fr\/#organization"},"potentialAction":[{"@type":"SearchAction","target":{"@type":"EntryPoint","urlTemplate":"https:\/\/www.idrogru.it\/fr\/?s={search_term_string}"},"query-input":{"@type":"PropertyValueSpecification","valueRequired":true,"valueName":"search_term_string"}}],"inLanguage":"fr-FR"},{"@type":"Organization","@id":"https:\/\/www.idrogru.it\/fr\/#organization","name":"Idrogru","url":"https:\/\/www.idrogru.it\/fr\/","logo":{"@type":"ImageObject","inLanguage":"fr-FR","@id":"https:\/\/www.idrogru.it\/fr\/#\/schema\/logo\/image\/","url":"https:\/\/www.idrogru.it\/wp-content\/uploads\/2025\/03\/Idrogru_logoR.png","contentUrl":"https:\/\/www.idrogru.it\/wp-content\/uploads\/2025\/03\/Idrogru_logoR.png","width":4870,"height":864,"caption":"Idrogru"},"image":{"@id":"https:\/\/www.idrogru.it\/fr\/#\/schema\/logo\/image\/"},"sameAs":["https:\/\/www.facebook.com\/Idrogru-Srl-1651955921694151\/","https:\/\/www.youtube.com\/channel\/UCt0-wyhR6AXew6QL2XwWFLw","https:\/\/www.linkedin.com\/company\/idrogru","https:\/\/www.instagram.com\/idrogru\/"]}]}},"_links":{"self":[{"href":"https:\/\/www.idrogru.it\/fr\/wp-json\/wp\/v2\/pages\/6608","targetHints":{"allow":["GET"]}}],"collection":[{"href":"https:\/\/www.idrogru.it\/fr\/wp-json\/wp\/v2\/pages"}],"about":[{"href":"https:\/\/www.idrogru.it\/fr\/wp-json\/wp\/v2\/types\/page"}],"author":[{"embeddable":true,"href":"https:\/\/www.idrogru.it\/fr\/wp-json\/wp\/v2\/users\/1"}],"replies":[{"embeddable":true,"href":"https:\/\/www.idrogru.it\/fr\/wp-json\/wp\/v2\/comments?post=6608"}],"version-history":[{"count":27,"href":"https:\/\/www.idrogru.it\/fr\/wp-json\/wp\/v2\/pages\/6608\/revisions"}],"predecessor-version":[{"id":7985,"href":"https:\/\/www.idrogru.it\/fr\/wp-json\/wp\/v2\/pages\/6608\/revisions\/7985"}],"wp:attachment":[{"href":"https:\/\/www.idrogru.it\/fr\/wp-json\/wp\/v2\/media?parent=6608"}],"curies":[{"name":"wp","href":"https:\/\/api.w.org\/{rel}","templated":true}]}}