{"id":6587,"date":"2024-04-22T16:00:06","date_gmt":"2024-04-22T14:00:06","guid":{"rendered":"https:\/\/www.idrogru.it\/entreprise\/"},"modified":"2024-08-23T12:30:43","modified_gmt":"2024-08-23T10:30:43","slug":"entreprise","status":"publish","type":"page","link":"https:\/\/www.idrogru.it\/fr\/entreprise\/","title":{"rendered":"Entreprise"},"content":{"rendered":"<div class=\"wpb-content-wrapper\"><p>[vc_row full_width=&#8221;stretch_row&#8221; content_placement=&#8221;middle&#8221; parallax=&#8221;content-moving&#8221; parallax_image=&#8221;315&#8243; css=&#8221;.vc_custom_1715097025642{padding-top: 6em !important;padding-bottom: 6em !important;}&#8221;][vc_column width=&#8221;1\/2&#8243; el_class=&#8221;bg-white rounded shadow p-4&#8243;]<h1 class=\"deco-title sinistra with-subtitle\"><span class=\"deco-eylet\">Entreprise<\/span><span>Idrogru Crane<mark>Leader de grues sur porteur<\/mark><\/span><\/h1>[vc_column_text css=&#8221;&#8221;]En <strong>50 ans<\/strong> d&#8217;activit\u00e9, <strong>Idrogru<\/strong> est devenu une <strong>r\u00e9f\u00e9rence dans la conception et la construction de grues puissantes et performantes<\/strong>, adapt\u00e9es \u00e0 tous les types de travaux de levage, \u00e0 l&#8217;int\u00e9rieur comme \u00e0 l&#8217;ext\u00e9rieur.<\/p>\n<p>Nos grues sont fabriqu\u00e9es avec des <strong>mat\u00e9riaux et des pi\u00e8ces de la plus haute qualit\u00e9<\/strong> avec une attention particuli\u00e8re \u00e0 tous les d\u00e9tails, tant m\u00e9caniques qu&#8217;esth\u00e9tiques.<\/p>\n<p>Depuis toujours, nous nous sommes engag\u00e9s \u00e0 <strong>r\u00e9pondre aux besoins sp\u00e9cifiques de nos clients<\/strong>, tels que les loueurs et les transporteurs.[\/vc_column_text]<div class=\"button-wrapper sinistra\">\n\t\t\t\t\t<button type=\"button\" data-target=\"#cta-modal-69e1e02e0a464\" data-unique=\"69e1e02e0a464\" data-size=\"\" data-label=\"Contactez notre \u00e9quipe de vente\" data-form=\"7293\" class=\"btn btn-default ajax-modal\" title=\"Contactez notre \u00e9quipe de vente\">Contactez notre \u00e9quipe de vente<\/button>\n\t\t\t\t<\/div>[\/vc_column][vc_column width=&#8221;1\/2&#8243;][\/vc_column][\/vc_row][vc_row full_width=&#8221;stretch_row&#8221; content_placement=&#8221;middle&#8221; css=&#8221;.vc_custom_1715097991164{padding-top: 4em !important;padding-bottom: 4em !important;background-color: #555555 !important;}&#8221;][vc_column width=&#8221;1\/2&#8243;][vc_single_image image=&#8221;324&#8243; img_size=&#8221;full&#8221; alignment=&#8221;center&#8221; css_animation=&#8221;fadeIn&#8221; css=&#8221;&#8221;][\/vc_column][vc_column width=&#8221;1\/2&#8243;]<h2 class=\"deco-title sinistra text-white\"><span class=\"deco-eylet\">Entreprise<\/span><span>Mission<mark>Vision<\/mark><\/span><\/h2>[vc_column_text css=&#8221;&#8221; el_class=&#8221;text-white&#8221;]Notre objectif est de faire la<strong> diff\u00e9rence<\/strong>, avec des machines toujours plus performantes qui <strong>changent les r\u00e8gles du jeu<\/strong> \u00e0 chaque fois.<\/p>\n<p>Nous connaissons parfaitement le travail quotidien des personnes impliqu\u00e9es dans le levage et le travail en hauteur. C&#8217;est pourquoi nous voulons cr\u00e9er chaque jour des <strong>mod\u00e8les plus puissants et plus s\u00fbrs<\/strong>, capables de <strong>r\u00e9duire les d\u00e9lais et les co\u00fbts<\/strong> des op\u00e9rations les plus complexes et les plus exigeantes.[\/vc_column_text]<div class=\"button-wrapper sinistra\">\n\t\t\t\t\t<button type=\"button\" data-target=\"#cta-modal-69e1e02e0a679\" data-unique=\"69e1e02e0a679\" data-size=\"\" data-label=\"Contactez notre \u00e9quipe de vente\" data-form=\"7293\" class=\"btn btn-default ajax-modal white\" title=\"Contactez notre \u00e9quipe de vente\">Contactez notre \u00e9quipe de vente<\/button>\n\t\t\t\t<\/div>[\/vc_column][\/vc_row][vc_row css=&#8221;.vc_custom_1715098167044{padding-top: 6em !important;padding-bottom: 6em !important;}&#8221;][vc_column width=&#8221;1\/3&#8243;]<h3 class=\"randomNumbers animate__animated \" data-value=\"25\"><span>25<\/span>grues produites par an<\/h3>[\/vc_column][vc_column width=&#8221;1\/3&#8243;]<h3 class=\"randomNumbers animate__animated \" data-value=\"7\"><span>7<\/span>march\u00e9s d&#039;exportation<\/h3>[\/vc_column][vc_column width=&#8221;1\/3&#8243;]<h3 class=\"randomNumbers animate__animated \" data-value=\"300+\"><span>300+<\/span>clients dans le monde<\/h3>[\/vc_column][\/vc_row][vc_row full_width=&#8221;stretch_row&#8221; content_placement=&#8221;middle&#8221; css=&#8221;.vc_custom_1715098482098{padding-top: 4em !important;padding-bottom: 4em !important;background-color: #db1f27 !important;}&#8221;][vc_column width=&#8221;1\/2&#8243;]<h2 class=\"deco-title sinistra text-white\"><span class=\"deco-eylet\">Entreprise<\/span><span>Une \u00e9quipe<mark>Gagnante<\/mark><\/span><\/h2>[vc_column_text css=&#8221;&#8221; el_class=&#8221;text-white&#8221;]<strong>L&#8217;\u00e9quipe d&#8217;Idrogru<\/strong> est compos\u00e9e de sp\u00e9cialistes experts et passionn\u00e9s dans tous les domaines du secteur, de la conception \u00e0 la charpenterie m\u00e9tallique, de la m\u00e9canique \u00e0 la consultation et au service apr\u00e8s-vente. Nous sommes<strong> fiers de nos machines <\/strong>et de notre travail quand nous constatons<strong> les succ\u00e8s de nos clients.<\/strong>[\/vc_column_text][\/vc_column][vc_column width=&#8221;1\/2&#8243;][vc_single_image image=&#8221;7253&#8243; img_size=&#8221;full&#8221; alignment=&#8221;center&#8221; css_animation=&#8221;fadeIn&#8221; css=&#8221;&#8221;][\/vc_column][\/vc_row]<\/p>\n<\/div>","protected":false},"excerpt":{"rendered":"<p>[vc_row full_width=&#8221;stretch_row&#8221; content_placement=&#8221;middle&#8221; parallax=&#8221;content-moving&#8221; parallax_image=&#8221;315&#8243; css=&#8221;.vc_custom_1715097025642{padding-top: 6em !important;padding-bottom: 6em !important;}&#8221;][vc_column width=&#8221;1\/2&#8243; el_class=&#8221;bg-white rounded shadow p-4&#8243;][vc_column_text css=&#8221;&#8221;]En 50 ans d&#8217;activit\u00e9, Idrogru est devenu une r\u00e9f\u00e9rence dans la conception et la construction de grues puissantes et performantes, adapt\u00e9es \u00e0 tous les types de travaux de levage, \u00e0 l&#8217;int\u00e9rieur comme \u00e0 l&#8217;ext\u00e9rieur. Nos grues sont fabriqu\u00e9es avec des [&hellip;]<\/p>\n","protected":false},"author":1,"featured_media":0,"parent":0,"menu_order":0,"comment_status":"closed","ping_status":"closed","template":"","meta":{"_acf_changed":false,"rs_blank_template":"","rs_page_bg_color":"","slide_template_v7":"","footnotes":""},"class_list":["post-6587","page","type-page","status-publish","hentry"],"acf":[],"yoast_head":"<!-- This site is optimized with the Yoast SEO plugin v27.4 - https:\/\/yoast.com\/product\/yoast-seo-wordpress\/ -->\n<title>Entreprise - Idrogru<\/title>\n<meta name=\"robots\" content=\"index, follow, max-snippet:-1, max-image-preview:large, max-video-preview:-1\" \/>\n<link rel=\"canonical\" href=\"https:\/\/www.idrogru.it\/fr\/entreprise\/\" \/>\n<meta property=\"og:locale\" content=\"fr_FR\" \/>\n<meta property=\"og:type\" content=\"article\" \/>\n<meta property=\"og:title\" content=\"Entreprise - Idrogru\" \/>\n<meta property=\"og:description\" content=\"[vc_row full_width=&#8221;stretch_row&#8221; content_placement=&#8221;middle&#8221; parallax=&#8221;content-moving&#8221; parallax_image=&#8221;315&#8243; css=&#8221;.vc_custom_1715097025642{padding-top: 6em !important;padding-bottom: 6em !important;}&#8221;][vc_column width=&#8221;1\/2&#8243; el_class=&#8221;bg-white rounded shadow p-4&#8243;][vc_column_text css=&#8221;&#8221;]En 50 ans d&#8217;activit\u00e9, Idrogru est devenu une r\u00e9f\u00e9rence dans la conception et la construction de grues puissantes et performantes, adapt\u00e9es \u00e0 tous les types de travaux de levage, \u00e0 l&#8217;int\u00e9rieur comme \u00e0 l&#8217;ext\u00e9rieur. Nos grues sont fabriqu\u00e9es avec des [&hellip;]\" \/>\n<meta property=\"og:url\" content=\"https:\/\/www.idrogru.it\/fr\/entreprise\/\" \/>\n<meta property=\"og:site_name\" content=\"Idrogru\" \/>\n<meta property=\"article:publisher\" content=\"https:\/\/www.facebook.com\/Idrogru-Srl-1651955921694151\/\" \/>\n<meta property=\"article:modified_time\" content=\"2024-08-23T10:30:43+00:00\" \/>\n<meta name=\"twitter:card\" content=\"summary_large_image\" \/>\n<meta name=\"twitter:label1\" content=\"Est. reading time\" \/>\n\t<meta name=\"twitter:data1\" content=\"3 minutes\" \/>\n<script type=\"application\/ld+json\" class=\"yoast-schema-graph\">{\"@context\":\"https:\\\/\\\/schema.org\",\"@graph\":[{\"@type\":\"WebPage\",\"@id\":\"https:\\\/\\\/www.idrogru.it\\\/fr\\\/entreprise\\\/\",\"url\":\"https:\\\/\\\/www.idrogru.it\\\/fr\\\/entreprise\\\/\",\"name\":\"Entreprise - Idrogru\",\"isPartOf\":{\"@id\":\"https:\\\/\\\/www.idrogru.it\\\/fr\\\/#website\"},\"datePublished\":\"2024-04-22T14:00:06+00:00\",\"dateModified\":\"2024-08-23T10:30:43+00:00\",\"breadcrumb\":{\"@id\":\"https:\\\/\\\/www.idrogru.it\\\/fr\\\/entreprise\\\/#breadcrumb\"},\"inLanguage\":\"fr-FR\",\"potentialAction\":[{\"@type\":\"ReadAction\",\"target\":[\"https:\\\/\\\/www.idrogru.it\\\/fr\\\/entreprise\\\/\"]}]},{\"@type\":\"BreadcrumbList\",\"@id\":\"https:\\\/\\\/www.idrogru.it\\\/fr\\\/entreprise\\\/#breadcrumb\",\"itemListElement\":[{\"@type\":\"ListItem\",\"position\":1,\"name\":\"Home\",\"item\":\"https:\\\/\\\/www.idrogru.it\\\/fr\\\/\"},{\"@type\":\"ListItem\",\"position\":2,\"name\":\"Entreprise\"}]},{\"@type\":\"WebSite\",\"@id\":\"https:\\\/\\\/www.idrogru.it\\\/fr\\\/#website\",\"url\":\"https:\\\/\\\/www.idrogru.it\\\/fr\\\/\",\"name\":\"Idrogru\",\"description\":\"Il tuo partner di fiducia per le gru idrauliche su misura\",\"publisher\":{\"@id\":\"https:\\\/\\\/www.idrogru.it\\\/fr\\\/#organization\"},\"potentialAction\":[{\"@type\":\"SearchAction\",\"target\":{\"@type\":\"EntryPoint\",\"urlTemplate\":\"https:\\\/\\\/www.idrogru.it\\\/fr\\\/?s={search_term_string}\"},\"query-input\":{\"@type\":\"PropertyValueSpecification\",\"valueRequired\":true,\"valueName\":\"search_term_string\"}}],\"inLanguage\":\"fr-FR\"},{\"@type\":\"Organization\",\"@id\":\"https:\\\/\\\/www.idrogru.it\\\/fr\\\/#organization\",\"name\":\"Idrogru\",\"url\":\"https:\\\/\\\/www.idrogru.it\\\/fr\\\/\",\"logo\":{\"@type\":\"ImageObject\",\"inLanguage\":\"fr-FR\",\"@id\":\"https:\\\/\\\/www.idrogru.it\\\/fr\\\/#\\\/schema\\\/logo\\\/image\\\/\",\"url\":\"https:\\\/\\\/www.idrogru.it\\\/wp-content\\\/uploads\\\/2025\\\/03\\\/Idrogru_logoR.png\",\"contentUrl\":\"https:\\\/\\\/www.idrogru.it\\\/wp-content\\\/uploads\\\/2025\\\/03\\\/Idrogru_logoR.png\",\"width\":4870,\"height\":864,\"caption\":\"Idrogru\"},\"image\":{\"@id\":\"https:\\\/\\\/www.idrogru.it\\\/fr\\\/#\\\/schema\\\/logo\\\/image\\\/\"},\"sameAs\":[\"https:\\\/\\\/www.facebook.com\\\/Idrogru-Srl-1651955921694151\\\/\",\"https:\\\/\\\/www.youtube.com\\\/channel\\\/UCt0-wyhR6AXew6QL2XwWFLw\",\"https:\\\/\\\/www.linkedin.com\\\/company\\\/idrogru\",\"https:\\\/\\\/www.instagram.com\\\/idrogru\\\/\"]}]}<\/script>\n<!-- \/ Yoast SEO plugin. -->","yoast_head_json":{"title":"Entreprise - Idrogru","robots":{"index":"index","follow":"follow","max-snippet":"max-snippet:-1","max-image-preview":"max-image-preview:large","max-video-preview":"max-video-preview:-1"},"canonical":"https:\/\/www.idrogru.it\/fr\/entreprise\/","og_locale":"fr_FR","og_type":"article","og_title":"Entreprise - Idrogru","og_description":"[vc_row full_width=&#8221;stretch_row&#8221; content_placement=&#8221;middle&#8221; parallax=&#8221;content-moving&#8221; parallax_image=&#8221;315&#8243; css=&#8221;.vc_custom_1715097025642{padding-top: 6em !important;padding-bottom: 6em !important;}&#8221;][vc_column width=&#8221;1\/2&#8243; el_class=&#8221;bg-white rounded shadow p-4&#8243;][vc_column_text css=&#8221;&#8221;]En 50 ans d&#8217;activit\u00e9, Idrogru est devenu une r\u00e9f\u00e9rence dans la conception et la construction de grues puissantes et performantes, adapt\u00e9es \u00e0 tous les types de travaux de levage, \u00e0 l&#8217;int\u00e9rieur comme \u00e0 l&#8217;ext\u00e9rieur. Nos grues sont fabriqu\u00e9es avec des [&hellip;]","og_url":"https:\/\/www.idrogru.it\/fr\/entreprise\/","og_site_name":"Idrogru","article_publisher":"https:\/\/www.facebook.com\/Idrogru-Srl-1651955921694151\/","article_modified_time":"2024-08-23T10:30:43+00:00","twitter_card":"summary_large_image","twitter_misc":{"Est. reading time":"3 minutes"},"schema":{"@context":"https:\/\/schema.org","@graph":[{"@type":"WebPage","@id":"https:\/\/www.idrogru.it\/fr\/entreprise\/","url":"https:\/\/www.idrogru.it\/fr\/entreprise\/","name":"Entreprise - Idrogru","isPartOf":{"@id":"https:\/\/www.idrogru.it\/fr\/#website"},"datePublished":"2024-04-22T14:00:06+00:00","dateModified":"2024-08-23T10:30:43+00:00","breadcrumb":{"@id":"https:\/\/www.idrogru.it\/fr\/entreprise\/#breadcrumb"},"inLanguage":"fr-FR","potentialAction":[{"@type":"ReadAction","target":["https:\/\/www.idrogru.it\/fr\/entreprise\/"]}]},{"@type":"BreadcrumbList","@id":"https:\/\/www.idrogru.it\/fr\/entreprise\/#breadcrumb","itemListElement":[{"@type":"ListItem","position":1,"name":"Home","item":"https:\/\/www.idrogru.it\/fr\/"},{"@type":"ListItem","position":2,"name":"Entreprise"}]},{"@type":"WebSite","@id":"https:\/\/www.idrogru.it\/fr\/#website","url":"https:\/\/www.idrogru.it\/fr\/","name":"Idrogru","description":"Il tuo partner di fiducia per le gru idrauliche su misura","publisher":{"@id":"https:\/\/www.idrogru.it\/fr\/#organization"},"potentialAction":[{"@type":"SearchAction","target":{"@type":"EntryPoint","urlTemplate":"https:\/\/www.idrogru.it\/fr\/?s={search_term_string}"},"query-input":{"@type":"PropertyValueSpecification","valueRequired":true,"valueName":"search_term_string"}}],"inLanguage":"fr-FR"},{"@type":"Organization","@id":"https:\/\/www.idrogru.it\/fr\/#organization","name":"Idrogru","url":"https:\/\/www.idrogru.it\/fr\/","logo":{"@type":"ImageObject","inLanguage":"fr-FR","@id":"https:\/\/www.idrogru.it\/fr\/#\/schema\/logo\/image\/","url":"https:\/\/www.idrogru.it\/wp-content\/uploads\/2025\/03\/Idrogru_logoR.png","contentUrl":"https:\/\/www.idrogru.it\/wp-content\/uploads\/2025\/03\/Idrogru_logoR.png","width":4870,"height":864,"caption":"Idrogru"},"image":{"@id":"https:\/\/www.idrogru.it\/fr\/#\/schema\/logo\/image\/"},"sameAs":["https:\/\/www.facebook.com\/Idrogru-Srl-1651955921694151\/","https:\/\/www.youtube.com\/channel\/UCt0-wyhR6AXew6QL2XwWFLw","https:\/\/www.linkedin.com\/company\/idrogru","https:\/\/www.instagram.com\/idrogru\/"]}]}},"_links":{"self":[{"href":"https:\/\/www.idrogru.it\/fr\/wp-json\/wp\/v2\/pages\/6587","targetHints":{"allow":["GET"]}}],"collection":[{"href":"https:\/\/www.idrogru.it\/fr\/wp-json\/wp\/v2\/pages"}],"about":[{"href":"https:\/\/www.idrogru.it\/fr\/wp-json\/wp\/v2\/types\/page"}],"author":[{"embeddable":true,"href":"https:\/\/www.idrogru.it\/fr\/wp-json\/wp\/v2\/users\/1"}],"replies":[{"embeddable":true,"href":"https:\/\/www.idrogru.it\/fr\/wp-json\/wp\/v2\/comments?post=6587"}],"version-history":[{"count":7,"href":"https:\/\/www.idrogru.it\/fr\/wp-json\/wp\/v2\/pages\/6587\/revisions"}],"predecessor-version":[{"id":7988,"href":"https:\/\/www.idrogru.it\/fr\/wp-json\/wp\/v2\/pages\/6587\/revisions\/7988"}],"wp:attachment":[{"href":"https:\/\/www.idrogru.it\/fr\/wp-json\/wp\/v2\/media?parent=6587"}],"curies":[{"name":"wp","href":"https:\/\/api.w.org\/{rel}","templated":true}]}}