{"id":6558,"date":"2024-05-07T09:16:00","date_gmt":"2024-05-07T07:16:00","guid":{"rendered":"https:\/\/www.idrogru.it\/production-personnalisee-et-certifiee\/"},"modified":"2024-07-15T15:03:02","modified_gmt":"2024-07-15T13:03:02","slug":"production-personnalisee-et-certifiee","status":"publish","type":"page","link":"https:\/\/www.idrogru.it\/fr\/services\/production-personnalisee-et-certifiee\/","title":{"rendered":"Production personnalis\u00e9e et certifi\u00e9e"},"content":{"rendered":"<div class=\"wpb-content-wrapper\"><p>[vc_row content_placement=&#8221;middle&#8221; css=&#8221;.vc_custom_1715162133403{padding-top: 6em !important;padding-bottom: 6em !important;}&#8221;][vc_column width=&#8221;1\/2&#8243;][vc_single_image image=&#8221;7194&#8243; img_size=&#8221;full&#8221; alignment=&#8221;center&#8221; css_animation=&#8221;fadeIn&#8221; css=&#8221;&#8221;][\/vc_column][vc_column width=&#8221;1\/2&#8243;]<h1 class=\"deco-title sinistra with-subtitle\"><span class=\"deco-eylet\">Production sur mesure<\/span><span>Construction de grues hydrauliques<mark>sur mesure pour vous<\/mark><\/span><\/h1>[vc_column_text css=&#8221;&#8221;]La production de <strong>grues efficaces, dot\u00e9es d&#8217;une maniabilit\u00e9 et d&#8217;une capacit\u00e9 de chargement extraordinaires<\/strong>, est le c\u0153ur de m\u00e9tier d&#8217;<strong>Idrogr\u00f9<\/strong> depuis 50 ans. Nos mod\u00e8les peuvent \u00eatre subdivis\u00e9s en cat\u00e9gories l\u00e9g\u00e8res, moyennes et lourdes en fonction du poids de la grue, du lest appliqu\u00e9 et de la puissance d&#8217;oscillation et d&#8217;extension de la fl\u00e8che. La plupart de nos grues sont <strong>autonomes<\/strong>, ce qui constitue un avantage consid\u00e9rable pour les transporteurs et les loueurs.[\/vc_column_text]<div class=\"button-wrapper sinistra\">\n\t\t\t\t\t<button type=\"button\" data-target=\"#cta-modal-69e5fdddb455f\" data-unique=\"69e5fdddb455f\" data-size=\"\" data-label=\"Contactez notre \u00e9quipe de vente\" data-form=\"7293\" class=\"btn btn-default ajax-modal\" title=\"Contactez notre \u00e9quipe de vente\">Contactez notre \u00e9quipe de vente<\/button>\n\t\t\t\t<\/div>[\/vc_column][\/vc_row][vc_row full_width=&#8221;stretch_row&#8221; content_placement=&#8221;middle&#8221; css=&#8221;.vc_custom_1715164720889{padding-top: 6em !important;padding-bottom: 6em !important;background-color: #333333 !important;}&#8221;][vc_column width=&#8221;1\/2&#8243;]<h2 class=\"deco-title sinistra text-white\"><span class=\"deco-eylet\">Production<\/span><span>Efficacit\u00e9, s\u00e9curit\u00e9 et esth\u00e9tique<\/span><\/h2>[vc_column_text css=&#8221;&#8221; el_class=&#8221;text-white&#8221;]Tous nos mod\u00e8les de camions-grues r\u00e9pondent \u00e0 des <strong>normes pr\u00e9cises d&#8217;efficacit\u00e9 et de s\u00e9curit\u00e9<\/strong> et peuvent \u00eatre <strong>utilis\u00e9s de mani\u00e8re polyvalente et flexible dans une grande vari\u00e9t\u00e9 de contextes<\/strong>, tels que les halls industriels et les entrep\u00f4ts, la construction de b\u00e2timents pr\u00e9fabriqu\u00e9s, les \u00e9oliennes et bien d&#8217;autres encore. Nous accordons une <strong>attention particuli\u00e8re \u00e0 chaque d\u00e9tail sp\u00e9cifique du v\u00e9hicule<\/strong>, tant structurel qu&#8217;esth\u00e9tique, afin de toujours fournir les<strong> meilleures solutions de levage de charges<\/strong> disponibles sur le march\u00e9.[\/vc_column_text]<div class=\"button-wrapper sinistra\"><a class=\"btn btn-default Visualizza tutti i modelli\"  href=\"https:\/\/www.idrogru.it\/fr\/camion-grue\/\"title=\"Voir tous les mod\u00e8les\">Voir tous les mod\u00e8les<\/a><\/div>[\/vc_column][vc_column width=&#8221;1\/2&#8243;]<div id=\"carousel-69e5fdddb47c0\" class=\"carousel slide carousel-fade aspect-image\" data-delta=\"1.3333333333333\" data-bs-ride=\"carousel\" style=\"aspect-ratio:4 \/ 3;\">\n\t\t\t\t\t\t\n\t\t\t\t\t\t<div class=\"carousel-indicators\">\n\t\t\t\t\t\t\t<button type=\"button\" data-bs-target=\"#carousel-69e5fdddb47c0\" data-bs-slide-to=\"0\" class=\"active\" aria-current=\"true\" aria-label=\"Slide 1\"><\/button>\n<button type=\"button\" data-bs-target=\"#carousel-69e5fdddb47c0\" data-bs-slide-to=\"1\"  aria-current=\"true\" aria-label=\"Slide 2\"><\/button>\n<button type=\"button\" data-bs-target=\"#carousel-69e5fdddb47c0\" data-bs-slide-to=\"2\"  aria-current=\"true\" aria-label=\"Slide 3\"><\/button>\n\t\t\t\t\t\t<\/div>\n\t\t\t\t\t\t\n\t\t\t\t\t\t<div class=\"carousel-inner\">\n\t\t\t\t\t\t\t<div class=\"carousel-item active\">\n\t\t\t\t\t\t<div class=\"slide slide-0\" style=\"background-image:url('https:\/\/www.idrogru.it\/wp-content\/uploads\/2024\/05\/idrogru-crane-cabina-300.jpg')\" >\n\t\t\t\t\t\t\t<img loading=\"lazy\" decoding=\"async\" width=\"1024\" height=\"682\" src=\"https:\/\/www.idrogru.it\/wp-content\/uploads\/2024\/05\/idrogru-crane-cabina-300.jpg\" class=\"attachment-large size-large\" alt=\"\" srcset=\"https:\/\/www.idrogru.it\/wp-content\/uploads\/2024\/05\/idrogru-crane-cabina-300.jpg 1024w, https:\/\/www.idrogru.it\/wp-content\/uploads\/2024\/05\/idrogru-crane-cabina-300-300x200.jpg 300w, https:\/\/www.idrogru.it\/wp-content\/uploads\/2024\/05\/idrogru-crane-cabina-300-768x512.jpg 768w\" sizes=\"auto, (max-width: 1024px) 100vw, 1024px\" \/>\n\t\t\t\t\t\t<\/div>\n\t\t\t\t\t<\/div>\n<div class=\"carousel-item\">\n\t\t\t\t\t\t<div class=\"slide slide-1\" style=\"background-image:url('https:\/\/www.idrogru.it\/wp-content\/uploads\/2024\/05\/idrogru-crane-menabue-testing.jpg')\" >\n\t\t\t\t\t\t\t<img loading=\"lazy\" decoding=\"async\" width=\"1024\" height=\"683\" src=\"https:\/\/www.idrogru.it\/wp-content\/uploads\/2024\/05\/idrogru-crane-menabue-testing.jpg\" class=\"attachment-large size-large\" alt=\"\" srcset=\"https:\/\/www.idrogru.it\/wp-content\/uploads\/2024\/05\/idrogru-crane-menabue-testing.jpg 1024w, https:\/\/www.idrogru.it\/wp-content\/uploads\/2024\/05\/idrogru-crane-menabue-testing-300x200.jpg 300w, https:\/\/www.idrogru.it\/wp-content\/uploads\/2024\/05\/idrogru-crane-menabue-testing-768x512.jpg 768w\" sizes=\"auto, (max-width: 1024px) 100vw, 1024px\" \/>\n\t\t\t\t\t\t<\/div>\n\t\t\t\t\t<\/div>\n<div class=\"carousel-item\">\n\t\t\t\t\t\t<div class=\"slide slide-2\" style=\"background-image:url('https:\/\/www.idrogru.it\/wp-content\/uploads\/2024\/05\/idrogru-crane-noventa-open.jpg')\" >\n\t\t\t\t\t\t\t<img loading=\"lazy\" decoding=\"async\" width=\"1024\" height=\"682\" src=\"https:\/\/www.idrogru.it\/wp-content\/uploads\/2024\/05\/idrogru-crane-noventa-open.jpg\" class=\"attachment-large size-large\" alt=\"\" srcset=\"https:\/\/www.idrogru.it\/wp-content\/uploads\/2024\/05\/idrogru-crane-noventa-open.jpg 1024w, https:\/\/www.idrogru.it\/wp-content\/uploads\/2024\/05\/idrogru-crane-noventa-open-300x200.jpg 300w, https:\/\/www.idrogru.it\/wp-content\/uploads\/2024\/05\/idrogru-crane-noventa-open-768x512.jpg 768w\" sizes=\"auto, (max-width: 1024px) 100vw, 1024px\" \/>\n\t\t\t\t\t\t<\/div>\n\t\t\t\t\t<\/div>\n\t\t\t\t\t\t<\/div>\n\t\t\t\t\t\t\n\t\t\t\t\t<\/div>[\/vc_column][\/vc_row][vc_row full_width=&#8221;stretch_row&#8221; content_placement=&#8221;middle&#8221; css=&#8221;.vc_custom_1715164855710{padding-top: 4em !important;padding-bottom: 4em !important;background-color: #e5e5e5 !important;}&#8221;][vc_column width=&#8221;1\/2&#8243;][vc_video link=&#8221;https:\/\/www.youtube.com\/watch?v=A_-RqaGE5D8&#8243; align=&#8221;center&#8221; css=&#8221;&#8221;][\/vc_column][vc_column width=&#8221;1\/2&#8243;]<h2 class=\"deco-title sinistra\"><span class=\"deco-eylet\">Le monde des grues<\/span><span>Un savoir-faire<mark>sans \u00e9quivalent dans l&#039;industrie<\/mark><\/span><\/h2>[vc_column_text css=&#8221;&#8221;]Des <strong>contacts constants avec les acteurs de l&#8217;industrie dans le monde entier<\/strong> nous permettent de nous tenir au courant des derni\u00e8res nouvelles, des d\u00e9veloppements et des exigences de ceux qui travaillent chaque jour dans le domaine du levage et de la manutention de charges. C&#8217;est pourquoi<strong> nous sommes en mesure de proposer des solutions concr\u00e8tes et personnalis\u00e9es, sp\u00e9cifiquement con\u00e7ues pour r\u00e9pondre \u00e0 tous les besoins<\/strong>. N&#8217;h\u00e9sitez pas \u00e0 nous contacter pour en savoir plus sur nos grues et obtenir plus d&#8217;informations ![\/vc_column_text]<div class=\"button-wrapper sinistra\">\n\t\t\t\t\t<button type=\"button\" data-target=\"#cta-modal-69e5fdddb4f29\" data-unique=\"69e5fdddb4f29\" data-size=\"\" data-label=\"Contactez nous\" data-form=\"7293\" class=\"btn btn-default ajax-modal\" title=\"Contactez nous\">Contactez nous<\/button>\n\t\t\t\t<\/div>[\/vc_column][\/vc_row]<\/p>\n<\/div>","protected":false},"excerpt":{"rendered":"<p>[vc_row content_placement=&#8221;middle&#8221; css=&#8221;.vc_custom_1715162133403{padding-top: 6em !important;padding-bottom: 6em !important;}&#8221;][vc_column width=&#8221;1\/2&#8243;][vc_single_image image=&#8221;7194&#8243; img_size=&#8221;full&#8221; alignment=&#8221;center&#8221; css_animation=&#8221;fadeIn&#8221; css=&#8221;&#8221;][\/vc_column][vc_column width=&#8221;1\/2&#8243;][vc_column_text css=&#8221;&#8221;]La production de grues efficaces, dot\u00e9es d&#8217;une maniabilit\u00e9 et d&#8217;une capacit\u00e9 de chargement extraordinaires, est le c\u0153ur de m\u00e9tier d&#8217;Idrogr\u00f9 depuis 50 ans. Nos mod\u00e8les peuvent \u00eatre subdivis\u00e9s en cat\u00e9gories l\u00e9g\u00e8res, moyennes et lourdes en fonction du poids de la grue, [&hellip;]<\/p>\n","protected":false},"author":1,"featured_media":7192,"parent":6575,"menu_order":0,"comment_status":"closed","ping_status":"closed","template":"","meta":{"_acf_changed":false,"rs_blank_template":"","rs_page_bg_color":"","slide_template_v7":"","footnotes":""},"class_list":["post-6558","page","type-page","status-publish","has-post-thumbnail","hentry"],"acf":[],"yoast_head":"<!-- This site is optimized with the Yoast SEO plugin v27.4 - https:\/\/yoast.com\/product\/yoast-seo-wordpress\/ -->\n<title>Production personnalis\u00e9e et certifi\u00e9e - Idrogru<\/title>\n<meta name=\"robots\" content=\"index, follow, max-snippet:-1, max-image-preview:large, max-video-preview:-1\" \/>\n<link rel=\"canonical\" href=\"https:\/\/www.idrogru.it\/fr\/services\/production-personnalisee-et-certifiee\/\" \/>\n<meta property=\"og:locale\" content=\"fr_FR\" \/>\n<meta property=\"og:type\" content=\"article\" \/>\n<meta property=\"og:title\" content=\"Production personnalis\u00e9e et certifi\u00e9e - Idrogru\" \/>\n<meta property=\"og:description\" content=\"[vc_row content_placement=&#8221;middle&#8221; css=&#8221;.vc_custom_1715162133403{padding-top: 6em !important;padding-bottom: 6em !important;}&#8221;][vc_column width=&#8221;1\/2&#8243;][vc_single_image image=&#8221;7194&#8243; img_size=&#8221;full&#8221; alignment=&#8221;center&#8221; css_animation=&#8221;fadeIn&#8221; css=&#8221;&#8221;][\/vc_column][vc_column width=&#8221;1\/2&#8243;][vc_column_text css=&#8221;&#8221;]La production de grues efficaces, dot\u00e9es d&#8217;une maniabilit\u00e9 et d&#8217;une capacit\u00e9 de chargement extraordinaires, est le c\u0153ur de m\u00e9tier d&#8217;Idrogr\u00f9 depuis 50 ans. Nos mod\u00e8les peuvent \u00eatre subdivis\u00e9s en cat\u00e9gories l\u00e9g\u00e8res, moyennes et lourdes en fonction du poids de la grue, [&hellip;]\" \/>\n<meta property=\"og:url\" content=\"https:\/\/www.idrogru.it\/fr\/services\/production-personnalisee-et-certifiee\/\" \/>\n<meta property=\"og:site_name\" content=\"Idrogru\" \/>\n<meta property=\"article:publisher\" content=\"https:\/\/www.facebook.com\/Idrogru-Srl-1651955921694151\/\" \/>\n<meta property=\"article:modified_time\" content=\"2024-07-15T13:03:02+00:00\" \/>\n<meta property=\"og:image\" content=\"https:\/\/www.idrogru.it\/wp-content\/uploads\/2024\/07\/PROGETTAZIONE-SU-MISURA-scaled.jpeg\" \/>\n\t<meta property=\"og:image:width\" content=\"2560\" \/>\n\t<meta property=\"og:image:height\" content=\"1703\" \/>\n\t<meta property=\"og:image:type\" content=\"image\/jpeg\" \/>\n<meta name=\"twitter:card\" content=\"summary_large_image\" \/>\n<meta name=\"twitter:label1\" content=\"Est. reading time\" \/>\n\t<meta name=\"twitter:data1\" content=\"3 minutes\" \/>\n<script type=\"application\/ld+json\" class=\"yoast-schema-graph\">{\"@context\":\"https:\\\/\\\/schema.org\",\"@graph\":[{\"@type\":\"WebPage\",\"@id\":\"https:\\\/\\\/www.idrogru.it\\\/fr\\\/services\\\/production-personnalisee-et-certifiee\\\/\",\"url\":\"https:\\\/\\\/www.idrogru.it\\\/fr\\\/services\\\/production-personnalisee-et-certifiee\\\/\",\"name\":\"Production personnalis\u00e9e et certifi\u00e9e - Idrogru\",\"isPartOf\":{\"@id\":\"https:\\\/\\\/www.idrogru.it\\\/fr\\\/#website\"},\"primaryImageOfPage\":{\"@id\":\"https:\\\/\\\/www.idrogru.it\\\/fr\\\/services\\\/production-personnalisee-et-certifiee\\\/#primaryimage\"},\"image\":{\"@id\":\"https:\\\/\\\/www.idrogru.it\\\/fr\\\/services\\\/production-personnalisee-et-certifiee\\\/#primaryimage\"},\"thumbnailUrl\":\"https:\\\/\\\/www.idrogru.it\\\/wp-content\\\/uploads\\\/2024\\\/07\\\/PROGETTAZIONE-SU-MISURA-scaled.jpeg\",\"datePublished\":\"2024-05-07T07:16:00+00:00\",\"dateModified\":\"2024-07-15T13:03:02+00:00\",\"breadcrumb\":{\"@id\":\"https:\\\/\\\/www.idrogru.it\\\/fr\\\/services\\\/production-personnalisee-et-certifiee\\\/#breadcrumb\"},\"inLanguage\":\"fr-FR\",\"potentialAction\":[{\"@type\":\"ReadAction\",\"target\":[\"https:\\\/\\\/www.idrogru.it\\\/fr\\\/services\\\/production-personnalisee-et-certifiee\\\/\"]}]},{\"@type\":\"ImageObject\",\"inLanguage\":\"fr-FR\",\"@id\":\"https:\\\/\\\/www.idrogru.it\\\/fr\\\/services\\\/production-personnalisee-et-certifiee\\\/#primaryimage\",\"url\":\"https:\\\/\\\/www.idrogru.it\\\/wp-content\\\/uploads\\\/2024\\\/07\\\/PROGETTAZIONE-SU-MISURA-scaled.jpeg\",\"contentUrl\":\"https:\\\/\\\/www.idrogru.it\\\/wp-content\\\/uploads\\\/2024\\\/07\\\/PROGETTAZIONE-SU-MISURA-scaled.jpeg\",\"width\":2560,\"height\":1703},{\"@type\":\"BreadcrumbList\",\"@id\":\"https:\\\/\\\/www.idrogru.it\\\/fr\\\/services\\\/production-personnalisee-et-certifiee\\\/#breadcrumb\",\"itemListElement\":[{\"@type\":\"ListItem\",\"position\":1,\"name\":\"Home\",\"item\":\"https:\\\/\\\/www.idrogru.it\\\/fr\\\/\"},{\"@type\":\"ListItem\",\"position\":2,\"name\":\"Services\",\"item\":\"https:\\\/\\\/www.idrogru.it\\\/fr\\\/services\\\/\"},{\"@type\":\"ListItem\",\"position\":3,\"name\":\"Production personnalis\u00e9e et certifi\u00e9e\"}]},{\"@type\":\"WebSite\",\"@id\":\"https:\\\/\\\/www.idrogru.it\\\/fr\\\/#website\",\"url\":\"https:\\\/\\\/www.idrogru.it\\\/fr\\\/\",\"name\":\"Idrogru\",\"description\":\"Il tuo partner di fiducia per le gru idrauliche su misura\",\"publisher\":{\"@id\":\"https:\\\/\\\/www.idrogru.it\\\/fr\\\/#organization\"},\"potentialAction\":[{\"@type\":\"SearchAction\",\"target\":{\"@type\":\"EntryPoint\",\"urlTemplate\":\"https:\\\/\\\/www.idrogru.it\\\/fr\\\/?s={search_term_string}\"},\"query-input\":{\"@type\":\"PropertyValueSpecification\",\"valueRequired\":true,\"valueName\":\"search_term_string\"}}],\"inLanguage\":\"fr-FR\"},{\"@type\":\"Organization\",\"@id\":\"https:\\\/\\\/www.idrogru.it\\\/fr\\\/#organization\",\"name\":\"Idrogru\",\"url\":\"https:\\\/\\\/www.idrogru.it\\\/fr\\\/\",\"logo\":{\"@type\":\"ImageObject\",\"inLanguage\":\"fr-FR\",\"@id\":\"https:\\\/\\\/www.idrogru.it\\\/fr\\\/#\\\/schema\\\/logo\\\/image\\\/\",\"url\":\"https:\\\/\\\/www.idrogru.it\\\/wp-content\\\/uploads\\\/2025\\\/03\\\/Idrogru_logoR.png\",\"contentUrl\":\"https:\\\/\\\/www.idrogru.it\\\/wp-content\\\/uploads\\\/2025\\\/03\\\/Idrogru_logoR.png\",\"width\":4870,\"height\":864,\"caption\":\"Idrogru\"},\"image\":{\"@id\":\"https:\\\/\\\/www.idrogru.it\\\/fr\\\/#\\\/schema\\\/logo\\\/image\\\/\"},\"sameAs\":[\"https:\\\/\\\/www.facebook.com\\\/Idrogru-Srl-1651955921694151\\\/\",\"https:\\\/\\\/www.youtube.com\\\/channel\\\/UCt0-wyhR6AXew6QL2XwWFLw\",\"https:\\\/\\\/www.linkedin.com\\\/company\\\/idrogru\",\"https:\\\/\\\/www.instagram.com\\\/idrogru\\\/\"]}]}<\/script>\n<!-- \/ Yoast SEO plugin. -->","yoast_head_json":{"title":"Production personnalis\u00e9e et certifi\u00e9e - Idrogru","robots":{"index":"index","follow":"follow","max-snippet":"max-snippet:-1","max-image-preview":"max-image-preview:large","max-video-preview":"max-video-preview:-1"},"canonical":"https:\/\/www.idrogru.it\/fr\/services\/production-personnalisee-et-certifiee\/","og_locale":"fr_FR","og_type":"article","og_title":"Production personnalis\u00e9e et certifi\u00e9e - Idrogru","og_description":"[vc_row content_placement=&#8221;middle&#8221; css=&#8221;.vc_custom_1715162133403{padding-top: 6em !important;padding-bottom: 6em !important;}&#8221;][vc_column width=&#8221;1\/2&#8243;][vc_single_image image=&#8221;7194&#8243; img_size=&#8221;full&#8221; alignment=&#8221;center&#8221; css_animation=&#8221;fadeIn&#8221; css=&#8221;&#8221;][\/vc_column][vc_column width=&#8221;1\/2&#8243;][vc_column_text css=&#8221;&#8221;]La production de grues efficaces, dot\u00e9es d&#8217;une maniabilit\u00e9 et d&#8217;une capacit\u00e9 de chargement extraordinaires, est le c\u0153ur de m\u00e9tier d&#8217;Idrogr\u00f9 depuis 50 ans. Nos mod\u00e8les peuvent \u00eatre subdivis\u00e9s en cat\u00e9gories l\u00e9g\u00e8res, moyennes et lourdes en fonction du poids de la grue, [&hellip;]","og_url":"https:\/\/www.idrogru.it\/fr\/services\/production-personnalisee-et-certifiee\/","og_site_name":"Idrogru","article_publisher":"https:\/\/www.facebook.com\/Idrogru-Srl-1651955921694151\/","article_modified_time":"2024-07-15T13:03:02+00:00","og_image":[{"width":2560,"height":1703,"url":"https:\/\/www.idrogru.it\/wp-content\/uploads\/2024\/07\/PROGETTAZIONE-SU-MISURA-scaled.jpeg","type":"image\/jpeg"}],"twitter_card":"summary_large_image","twitter_misc":{"Est. reading time":"3 minutes"},"schema":{"@context":"https:\/\/schema.org","@graph":[{"@type":"WebPage","@id":"https:\/\/www.idrogru.it\/fr\/services\/production-personnalisee-et-certifiee\/","url":"https:\/\/www.idrogru.it\/fr\/services\/production-personnalisee-et-certifiee\/","name":"Production personnalis\u00e9e et certifi\u00e9e - Idrogru","isPartOf":{"@id":"https:\/\/www.idrogru.it\/fr\/#website"},"primaryImageOfPage":{"@id":"https:\/\/www.idrogru.it\/fr\/services\/production-personnalisee-et-certifiee\/#primaryimage"},"image":{"@id":"https:\/\/www.idrogru.it\/fr\/services\/production-personnalisee-et-certifiee\/#primaryimage"},"thumbnailUrl":"https:\/\/www.idrogru.it\/wp-content\/uploads\/2024\/07\/PROGETTAZIONE-SU-MISURA-scaled.jpeg","datePublished":"2024-05-07T07:16:00+00:00","dateModified":"2024-07-15T13:03:02+00:00","breadcrumb":{"@id":"https:\/\/www.idrogru.it\/fr\/services\/production-personnalisee-et-certifiee\/#breadcrumb"},"inLanguage":"fr-FR","potentialAction":[{"@type":"ReadAction","target":["https:\/\/www.idrogru.it\/fr\/services\/production-personnalisee-et-certifiee\/"]}]},{"@type":"ImageObject","inLanguage":"fr-FR","@id":"https:\/\/www.idrogru.it\/fr\/services\/production-personnalisee-et-certifiee\/#primaryimage","url":"https:\/\/www.idrogru.it\/wp-content\/uploads\/2024\/07\/PROGETTAZIONE-SU-MISURA-scaled.jpeg","contentUrl":"https:\/\/www.idrogru.it\/wp-content\/uploads\/2024\/07\/PROGETTAZIONE-SU-MISURA-scaled.jpeg","width":2560,"height":1703},{"@type":"BreadcrumbList","@id":"https:\/\/www.idrogru.it\/fr\/services\/production-personnalisee-et-certifiee\/#breadcrumb","itemListElement":[{"@type":"ListItem","position":1,"name":"Home","item":"https:\/\/www.idrogru.it\/fr\/"},{"@type":"ListItem","position":2,"name":"Services","item":"https:\/\/www.idrogru.it\/fr\/services\/"},{"@type":"ListItem","position":3,"name":"Production personnalis\u00e9e et certifi\u00e9e"}]},{"@type":"WebSite","@id":"https:\/\/www.idrogru.it\/fr\/#website","url":"https:\/\/www.idrogru.it\/fr\/","name":"Idrogru","description":"Il tuo partner di fiducia per le gru idrauliche su misura","publisher":{"@id":"https:\/\/www.idrogru.it\/fr\/#organization"},"potentialAction":[{"@type":"SearchAction","target":{"@type":"EntryPoint","urlTemplate":"https:\/\/www.idrogru.it\/fr\/?s={search_term_string}"},"query-input":{"@type":"PropertyValueSpecification","valueRequired":true,"valueName":"search_term_string"}}],"inLanguage":"fr-FR"},{"@type":"Organization","@id":"https:\/\/www.idrogru.it\/fr\/#organization","name":"Idrogru","url":"https:\/\/www.idrogru.it\/fr\/","logo":{"@type":"ImageObject","inLanguage":"fr-FR","@id":"https:\/\/www.idrogru.it\/fr\/#\/schema\/logo\/image\/","url":"https:\/\/www.idrogru.it\/wp-content\/uploads\/2025\/03\/Idrogru_logoR.png","contentUrl":"https:\/\/www.idrogru.it\/wp-content\/uploads\/2025\/03\/Idrogru_logoR.png","width":4870,"height":864,"caption":"Idrogru"},"image":{"@id":"https:\/\/www.idrogru.it\/fr\/#\/schema\/logo\/image\/"},"sameAs":["https:\/\/www.facebook.com\/Idrogru-Srl-1651955921694151\/","https:\/\/www.youtube.com\/channel\/UCt0-wyhR6AXew6QL2XwWFLw","https:\/\/www.linkedin.com\/company\/idrogru","https:\/\/www.instagram.com\/idrogru\/"]}]}},"_links":{"self":[{"href":"https:\/\/www.idrogru.it\/fr\/wp-json\/wp\/v2\/pages\/6558","targetHints":{"allow":["GET"]}}],"collection":[{"href":"https:\/\/www.idrogru.it\/fr\/wp-json\/wp\/v2\/pages"}],"about":[{"href":"https:\/\/www.idrogru.it\/fr\/wp-json\/wp\/v2\/types\/page"}],"author":[{"embeddable":true,"href":"https:\/\/www.idrogru.it\/fr\/wp-json\/wp\/v2\/users\/1"}],"replies":[{"embeddable":true,"href":"https:\/\/www.idrogru.it\/fr\/wp-json\/wp\/v2\/comments?post=6558"}],"version-history":[{"count":8,"href":"https:\/\/www.idrogru.it\/fr\/wp-json\/wp\/v2\/pages\/6558\/revisions"}],"predecessor-version":[{"id":7309,"href":"https:\/\/www.idrogru.it\/fr\/wp-json\/wp\/v2\/pages\/6558\/revisions\/7309"}],"up":[{"embeddable":true,"href":"https:\/\/www.idrogru.it\/fr\/wp-json\/wp\/v2\/pages\/6575"}],"wp:featuredmedia":[{"embeddable":true,"href":"https:\/\/www.idrogru.it\/fr\/wp-json\/wp\/v2\/media\/7192"}],"wp:attachment":[{"href":"https:\/\/www.idrogru.it\/fr\/wp-json\/wp\/v2\/media?parent=6558"}],"curies":[{"name":"wp","href":"https:\/\/api.w.org\/{rel}","templated":true}]}}