{"id":6550,"date":"2024-05-07T09:16:37","date_gmt":"2024-05-07T07:16:37","guid":{"rendered":"https:\/\/www.idrogru.it\/maintenance-et-service-apres-vente-direct\/"},"modified":"2025-11-04T14:26:40","modified_gmt":"2025-11-04T13:26:40","slug":"maintenance-et-service-apres-vente-direct","status":"publish","type":"page","link":"https:\/\/www.idrogru.it\/fr\/services\/maintenance-et-service-apres-vente-direct\/","title":{"rendered":"Maintenance et service apr\u00e8s-vente direct"},"content":{"rendered":"<div class=\"wpb-content-wrapper\"><p>[vc_row full_width=&#8221;stretch_row&#8221; content_placement=&#8221;top&#8221; css=&#8221;.vc_custom_1762262354530{padding-top: 6em !important;padding-bottom: 6em !important;background-color: #333333 !important;}&#8221; el_id=&#8221;billetterie&#8221;][vc_column width=&#8221;1\/2&#8243;][vc_single_image image=&#8221;341&#8243; img_size=&#8221;full&#8221; alignment=&#8221;center&#8221; css_animation=&#8221;fadeIn&#8221; css=&#8221;&#8221;][\/vc_column][vc_column width=&#8221;1\/2&#8243;]<h1 class=\"deco-title sinistra with-subtitle text-white\"><span class=\"deco-eylet\">Entretien et assistance<\/span><span>Service de grue<mark>un service complet<\/mark><\/span><\/h1>[vc_column_text css=&#8221;&#8221; el_class=&#8221;text-white&#8221;]L&#8217;une des caract\u00e9ristiques d&#8217;<strong> Idrogru<\/strong> est son <strong>service de maintenance et d&#8217;entretien<\/strong>, que nous <strong>g\u00e9rons directement<\/strong> pour tous nos v\u00e9hicules et pour lequel nous comptons sur des <strong>employ\u00e9s de confiance<\/strong> que nous formons p\u00e9riodiquement. Lorsqu&#8217;il s&#8217;agit de nos grues, <strong>nous sommes les meilleurs experts<\/strong>. Et nous sommes rapides et efficaces dans l&#8217;ex\u00e9cution de tous les travaux n\u00e9cessaires pour les maintenir pleinement fonctionnels, s\u00fbrs et performants, <strong>m\u00eame en cas d&#8217;urgence<\/strong>.[\/vc_column_text]<div class=\"button-wrapper centro\">\n\t\t\t\t\t<button type=\"button\" data-target=\"#cta-modal-69feb20c1344a\" data-unique=\"69feb20c1344a\" data-size=\"modal-lg\" data-label=\"Demande d&#039;assistance\" data-form=\"6913\" class=\"btn btn-default ajax-modal w-100 btn-lg\" title=\"Demande d&#039;assistance\">Demande d&#039;assistance <i class=\"fas fa-wrench\"><\/i><\/button>\n\t\t\t\t<\/div><div class=\"button-wrapper centro\">\n\t\t\t\t\t<button type=\"button\" data-target=\"#cta-modal-69feb20c13620\" data-unique=\"69feb20c13620\" data-size=\"modal-lg\" data-label=\"Demande de documentation technique\" data-form=\"6917\" class=\"btn btn-default ajax-modal w-100 btn-lg\" title=\"Demande de documentation technique\">Demande de documentation technique <i class=\"fas fa-file-alt\"><\/i><\/button>\n\t\t\t\t<\/div><div class=\"button-wrapper centro\">\n\t\t\t\t\t<button type=\"button\" data-target=\"#cta-modal-69feb20c137c5\" data-unique=\"69feb20c137c5\" data-size=\"modal-lg\" data-label=\"Demande de pi\u00e8ces d\u00e9tach\u00e9es\" data-form=\"6915\" class=\"btn btn-default ajax-modal w-100 btn-lg\" title=\"Demande de pi\u00e8ces d\u00e9tach\u00e9es\">Demande de pi\u00e8ces d\u00e9tach\u00e9es <i class=\"fas fa-box\"><\/i><\/button>\n\t\t\t\t<\/div>[\/vc_column][\/vc_row][vc_row content_placement=&#8221;middle&#8221; css=&#8221;.vc_custom_1715158082114{padding-top: 6em !important;padding-bottom: 6em !important;}&#8221;][vc_column width=&#8221;1\/2&#8243;]<h2 class=\"deco-title sinistra with-subtitle\"><span class=\"deco-eylet\">Assistance<\/span><span>Travaux de r\u00e9paration<mark>dans les r\u00e8gles de l&#039;art<\/mark><\/span><\/h2>[vc_column_text css=&#8221;&#8221;]Gr\u00e2ce \u00e0 l&#8217;exp\u00e9rience et \u00e0 l&#8217;expertise acquises au fil des ans, nous avons d\u00e9velopp\u00e9 et mis en \u0153uvre des <strong>m\u00e9thodes d&#8217;intervention et de r\u00e9paration de<\/strong> pointe. Nous assurons l&#8217;<strong> entretien complet<\/strong> de nos machines, de l&#8217;\u00e9lectronique \u00e0 l&#8217;hydraulique en passant par la menuiserie. Nous disposons de camionnettes enti\u00e8rement \u00e9quip\u00e9es qui nous permettent de fournir un service d&#8217;<strong>urgence rapide et efficace<\/strong>. En outre, nous nous appuyons sur des collaborateurs de confiance que nous formons p\u00e9riodiquement.[\/vc_column_text][\/vc_column][vc_column width=&#8221;1\/2&#8243;]<div id=\"carousel-69feb20c1392b\" class=\"carousel slide carousel-fade aspect-image\" data-delta=\"1.7777777777778\" data-bs-ride=\"carousel\" style=\"aspect-ratio:16 \/ 9;\">\n\t\t\t\t\t\t\n\t\t\t\t\t\t<div class=\"carousel-indicators\">\n\t\t\t\t\t\t\t<button type=\"button\" data-bs-target=\"#carousel-69feb20c1392b\" data-bs-slide-to=\"0\" class=\"active\" aria-current=\"true\" aria-label=\"Slide 1\"><\/button>\n<button type=\"button\" data-bs-target=\"#carousel-69feb20c1392b\" data-bs-slide-to=\"1\"  aria-current=\"true\" aria-label=\"Slide 2\"><\/button>\n<button type=\"button\" data-bs-target=\"#carousel-69feb20c1392b\" data-bs-slide-to=\"2\"  aria-current=\"true\" aria-label=\"Slide 3\"><\/button>\n<button type=\"button\" data-bs-target=\"#carousel-69feb20c1392b\" data-bs-slide-to=\"3\"  aria-current=\"true\" aria-label=\"Slide 4\"><\/button>\n\t\t\t\t\t\t<\/div>\n\t\t\t\t\t\t\n\t\t\t\t\t\t<div class=\"carousel-inner\">\n\t\t\t\t\t\t\t<div class=\"carousel-item active\">\n\t\t\t\t\t\t<div class=\"slide slide-0\" style=\"background-image:url('https:\/\/www.idrogru.it\/wp-content\/uploads\/2024\/05\/idrogru-man-measuring-tape.jpg')\" >\n\t\t\t\t\t\t\t<img loading=\"lazy\" decoding=\"async\" width=\"960\" height=\"640\" src=\"https:\/\/www.idrogru.it\/wp-content\/uploads\/2024\/05\/idrogru-man-measuring-tape.jpg\" class=\"attachment-large size-large\" alt=\"\" srcset=\"https:\/\/www.idrogru.it\/wp-content\/uploads\/2024\/05\/idrogru-man-measuring-tape.jpg 960w, https:\/\/www.idrogru.it\/wp-content\/uploads\/2024\/05\/idrogru-man-measuring-tape-300x200.jpg 300w, https:\/\/www.idrogru.it\/wp-content\/uploads\/2024\/05\/idrogru-man-measuring-tape-768x512.jpg 768w\" sizes=\"auto, (max-width: 960px) 100vw, 960px\" \/>\n\t\t\t\t\t\t<\/div>\n\t\t\t\t\t<\/div>\n<div class=\"carousel-item\">\n\t\t\t\t\t\t<div class=\"slide slide-1\" style=\"background-image:url('https:\/\/www.idrogru.it\/wp-content\/uploads\/2024\/05\/idrogru-people-1.jpg')\" >\n\t\t\t\t\t\t\t<img loading=\"lazy\" decoding=\"async\" width=\"800\" height=\"533\" src=\"https:\/\/www.idrogru.it\/wp-content\/uploads\/2024\/05\/idrogru-people-1.jpg\" class=\"attachment-large size-large\" alt=\"\" srcset=\"https:\/\/www.idrogru.it\/wp-content\/uploads\/2024\/05\/idrogru-people-1.jpg 800w, https:\/\/www.idrogru.it\/wp-content\/uploads\/2024\/05\/idrogru-people-1-300x200.jpg 300w, https:\/\/www.idrogru.it\/wp-content\/uploads\/2024\/05\/idrogru-people-1-768x512.jpg 768w\" sizes=\"auto, (max-width: 800px) 100vw, 800px\" \/>\n\t\t\t\t\t\t<\/div>\n\t\t\t\t\t<\/div>\n<div class=\"carousel-item\">\n\t\t\t\t\t\t<div class=\"slide slide-2\" style=\"background-image:url('https:\/\/www.idrogru.it\/wp-content\/uploads\/2024\/05\/idrogru-working-man-on-truck.jpg')\" >\n\t\t\t\t\t\t\t<img loading=\"lazy\" decoding=\"async\" width=\"960\" height=\"640\" src=\"https:\/\/www.idrogru.it\/wp-content\/uploads\/2024\/05\/idrogru-working-man-on-truck.jpg\" class=\"attachment-large size-large\" alt=\"\" srcset=\"https:\/\/www.idrogru.it\/wp-content\/uploads\/2024\/05\/idrogru-working-man-on-truck.jpg 960w, https:\/\/www.idrogru.it\/wp-content\/uploads\/2024\/05\/idrogru-working-man-on-truck-300x200.jpg 300w, https:\/\/www.idrogru.it\/wp-content\/uploads\/2024\/05\/idrogru-working-man-on-truck-768x512.jpg 768w\" sizes=\"auto, (max-width: 960px) 100vw, 960px\" \/>\n\t\t\t\t\t\t<\/div>\n\t\t\t\t\t<\/div>\n<div class=\"carousel-item\">\n\t\t\t\t\t\t<div class=\"slide slide-3\" style=\"background-image:url('https:\/\/www.idrogru.it\/wp-content\/uploads\/2024\/05\/idrogru-working-people-on-crane.jpg')\" >\n\t\t\t\t\t\t\t<img loading=\"lazy\" decoding=\"async\" width=\"800\" height=\"533\" src=\"https:\/\/www.idrogru.it\/wp-content\/uploads\/2024\/05\/idrogru-working-people-on-crane.jpg\" class=\"attachment-large size-large\" alt=\"\" srcset=\"https:\/\/www.idrogru.it\/wp-content\/uploads\/2024\/05\/idrogru-working-people-on-crane.jpg 800w, https:\/\/www.idrogru.it\/wp-content\/uploads\/2024\/05\/idrogru-working-people-on-crane-300x200.jpg 300w, https:\/\/www.idrogru.it\/wp-content\/uploads\/2024\/05\/idrogru-working-people-on-crane-768x512.jpg 768w\" sizes=\"auto, (max-width: 800px) 100vw, 800px\" \/>\n\t\t\t\t\t\t<\/div>\n\t\t\t\t\t<\/div>\n\t\t\t\t\t\t<\/div>\n\t\t\t\t\t\t\n\t\t\t\t\t<\/div>[\/vc_column][\/vc_row][vc_row full_width=&#8221;stretch_row&#8221; content_placement=&#8221;middle&#8221; css=&#8221;.vc_custom_1715085569694{padding-top: 4em !important;padding-bottom: 4em !important;background-color: #e5e5e5 !important;}&#8221;][vc_column width=&#8221;1\/2&#8243;][vc_single_image image=&#8221;349&#8243; img_size=&#8221;full&#8221; alignment=&#8221;center&#8221; css_animation=&#8221;fadeIn&#8221; css=&#8221;&#8221;][\/vc_column][vc_column width=&#8221;1\/2&#8243;]<h2 class=\"deco-title sinistra\"><span class=\"deco-eylet\">Savoir-faire<\/span><span>Exp\u00e9rience<mark>et la fiabilit\u00e9<\/mark><\/span><\/h2>[vc_column_text css=&#8221;&#8221;]Si un appareil de levage pr\u00e9sente des dysfonctionnements, tombe en panne ou se d\u00e9r\u00e8gle, il est<strong> essentiel d&#8217;intervenir le plus rapidement<\/strong> possible pour \u00e9viter le risque d&#8217;un accident aux cons\u00e9quences potentiellement tr\u00e8s graves. C&#8217;est pourquoi<strong> Idrogru agit comme un partenaire fiable et exp\u00e9riment\u00e9<\/strong>, capable d&#8217;identifier les probl\u00e8mes rapidement et de fournir des solutions dans les meilleurs d\u00e9lais. En cas de besoin, n&#8217;h\u00e9sitez pas \u00e0 nous contacter ! <strong>Nous sommes toujours disponibles<\/strong>, en Italie comme \u00e0 l&#8217;\u00e9tranger.[\/vc_column_text][\/vc_column][\/vc_row][vc_row content_placement=&#8221;middle&#8221; css=&#8221;.vc_custom_1715158082114{padding-top: 6em !important;padding-bottom: 6em !important;}&#8221;][vc_column width=&#8221;1\/2&#8243;]<h2 class=\"deco-title sinistra with-subtitle\"><span class=\"deco-eylet\">ENTI\u00c8REMENT G\u00c9R\u00c9 PAR NOS SOINS<\/span><span>POST-VENTE<\/span><\/h2>[vc_column_text css=&#8221;&#8221;]<strong>Idrogru<\/strong> est l&#8217;une des rares entreprises du secteur \u00e0 pouvoir compter sur un <strong>service g\u00e9r\u00e9 personnellement, un service de d\u00e9pannage et de r\u00e9paration<\/strong> gr\u00e2ce \u00e0 son atelier interne et \u00e0 son service d&#8217;atelier mobile.<\/p>\n<p>Nous nous occupons \u00e9galement de l&#8217;<strong>entretien ordinaire et extraordinaire<\/strong> et de la <strong>vente d&#8217;accessoires et de pi\u00e8ces de rechange<\/strong>.[\/vc_column_text][\/vc_column][vc_column width=&#8221;1\/2&#8243;][vc_single_image image=&#8221;5131&#8243; img_size=&#8221;full&#8221; alignment=&#8221;center&#8221; css_animation=&#8221;fadeIn&#8221; css=&#8221;&#8221;][\/vc_column][\/vc_row][vc_row full_width=&#8221;stretch_row&#8221; content_placement=&#8221;middle&#8221; disable_element=&#8221;yes&#8221; el_id=&#8221;billetterie&#8221; css=&#8221;.vc_custom_1762262328282{padding-top: 4em !important;padding-bottom: 4em !important;background-color: #333333 !important;}&#8221;][vc_column width=&#8221;1\/2&#8243; el_class=&#8221;text-white&#8221;]<h2 class=\"deco-title sinistra\"><span class=\"deco-eylet\">Demande d&#039;intervention<\/span><span>Assistance<\/span><\/h2>[vc_column_text css=&#8221;&#8221;]Nous assurons les <strong>interventions d&#8217;urgence, le service et l&#8217;entretien de<\/strong> tous les \u00e9quipements de levage. Nous effectuons des r\u00e9parations expertes, des travaux sur les <strong>composants \u00e9lectroniques, l&#8217;<\/strong> <strong>hydraulique<\/strong> et la <strong>m\u00e9tallurgie<\/strong> ext\u00e9rieure.[\/vc_column_text][\/vc_column][vc_column width=&#8221;1\/2&#8243;][\/vc_column][\/vc_row]<\/p>\n<\/div>","protected":false},"excerpt":{"rendered":"<p>[vc_row full_width=&#8221;stretch_row&#8221; content_placement=&#8221;top&#8221; css=&#8221;.vc_custom_1762262354530{padding-top: 6em !important;padding-bottom: 6em !important;background-color: #333333 !important;}&#8221; el_id=&#8221;billetterie&#8221;][vc_column width=&#8221;1\/2&#8243;][vc_single_image image=&#8221;341&#8243; img_size=&#8221;full&#8221; alignment=&#8221;center&#8221; css_animation=&#8221;fadeIn&#8221; css=&#8221;&#8221;][\/vc_column][vc_column width=&#8221;1\/2&#8243;][vc_column_text css=&#8221;&#8221; el_class=&#8221;text-white&#8221;]L&#8217;une des caract\u00e9ristiques d&#8217; Idrogru est son service de maintenance et d&#8217;entretien, que nous g\u00e9rons directement pour tous nos v\u00e9hicules et pour lequel nous comptons sur des employ\u00e9s de confiance que nous formons p\u00e9riodiquement. Lorsqu&#8217;il s&#8217;agit [&hellip;]<\/p>\n","protected":false},"author":1,"featured_media":6255,"parent":6575,"menu_order":0,"comment_status":"closed","ping_status":"closed","template":"","meta":{"_acf_changed":false,"rs_blank_template":"","rs_page_bg_color":"","slide_template_v7":"","footnotes":""},"class_list":["post-6550","page","type-page","status-publish","has-post-thumbnail","hentry"],"acf":[],"yoast_head":"<!-- This site is optimized with the Yoast SEO plugin v27.5 - https:\/\/yoast.com\/product\/yoast-seo-wordpress\/ -->\n<title>Maintenance et service apr\u00e8s-vente direct - Idrogru<\/title>\n<meta name=\"robots\" content=\"index, follow, max-snippet:-1, max-image-preview:large, max-video-preview:-1\" \/>\n<link rel=\"canonical\" href=\"https:\/\/www.idrogru.it\/fr\/services\/maintenance-et-service-apres-vente-direct\/\" \/>\n<meta property=\"og:locale\" content=\"fr_FR\" \/>\n<meta property=\"og:type\" content=\"article\" \/>\n<meta property=\"og:title\" content=\"Maintenance et service apr\u00e8s-vente direct - Idrogru\" \/>\n<meta property=\"og:description\" content=\"[vc_row full_width=&#8221;stretch_row&#8221; content_placement=&#8221;top&#8221; css=&#8221;.vc_custom_1762262354530{padding-top: 6em !important;padding-bottom: 6em !important;background-color: #333333 !important;}&#8221; el_id=&#8221;billetterie&#8221;][vc_column width=&#8221;1\/2&#8243;][vc_single_image image=&#8221;341&#8243; img_size=&#8221;full&#8221; alignment=&#8221;center&#8221; css_animation=&#8221;fadeIn&#8221; css=&#8221;&#8221;][\/vc_column][vc_column width=&#8221;1\/2&#8243;][vc_column_text css=&#8221;&#8221; el_class=&#8221;text-white&#8221;]L&#8217;une des caract\u00e9ristiques d&#8217; Idrogru est son service de maintenance et d&#8217;entretien, que nous g\u00e9rons directement pour tous nos v\u00e9hicules et pour lequel nous comptons sur des employ\u00e9s de confiance que nous formons p\u00e9riodiquement. Lorsqu&#8217;il s&#8217;agit [&hellip;]\" \/>\n<meta property=\"og:url\" content=\"https:\/\/www.idrogru.it\/fr\/services\/maintenance-et-service-apres-vente-direct\/\" \/>\n<meta property=\"og:site_name\" content=\"Idrogru\" \/>\n<meta property=\"article:publisher\" content=\"https:\/\/www.facebook.com\/Idrogru-Srl-1651955921694151\/\" \/>\n<meta property=\"article:modified_time\" content=\"2025-11-04T13:26:40+00:00\" \/>\n<meta property=\"og:image\" content=\"https:\/\/www.idrogru.it\/wp-content\/uploads\/2024\/06\/ASSISTENZA-POST-VENDITA-scaled.jpg\" \/>\n\t<meta property=\"og:image:width\" content=\"2560\" \/>\n\t<meta property=\"og:image:height\" content=\"1703\" \/>\n\t<meta property=\"og:image:type\" content=\"image\/jpeg\" \/>\n<meta name=\"twitter:card\" content=\"summary_large_image\" \/>\n<meta name=\"twitter:label1\" content=\"Est. reading time\" \/>\n\t<meta name=\"twitter:data1\" content=\"4 minutes\" \/>\n<script type=\"application\/ld+json\" class=\"yoast-schema-graph\">{\"@context\":\"https:\\\/\\\/schema.org\",\"@graph\":[{\"@type\":\"WebPage\",\"@id\":\"https:\\\/\\\/www.idrogru.it\\\/fr\\\/services\\\/maintenance-et-service-apres-vente-direct\\\/\",\"url\":\"https:\\\/\\\/www.idrogru.it\\\/fr\\\/services\\\/maintenance-et-service-apres-vente-direct\\\/\",\"name\":\"Maintenance et service apr\u00e8s-vente direct - Idrogru\",\"isPartOf\":{\"@id\":\"https:\\\/\\\/www.idrogru.it\\\/fr\\\/#website\"},\"primaryImageOfPage\":{\"@id\":\"https:\\\/\\\/www.idrogru.it\\\/fr\\\/services\\\/maintenance-et-service-apres-vente-direct\\\/#primaryimage\"},\"image\":{\"@id\":\"https:\\\/\\\/www.idrogru.it\\\/fr\\\/services\\\/maintenance-et-service-apres-vente-direct\\\/#primaryimage\"},\"thumbnailUrl\":\"https:\\\/\\\/www.idrogru.it\\\/wp-content\\\/uploads\\\/2024\\\/06\\\/ASSISTENZA-POST-VENDITA-scaled.jpg\",\"datePublished\":\"2024-05-07T07:16:37+00:00\",\"dateModified\":\"2025-11-04T13:26:40+00:00\",\"breadcrumb\":{\"@id\":\"https:\\\/\\\/www.idrogru.it\\\/fr\\\/services\\\/maintenance-et-service-apres-vente-direct\\\/#breadcrumb\"},\"inLanguage\":\"fr-FR\",\"potentialAction\":[{\"@type\":\"ReadAction\",\"target\":[\"https:\\\/\\\/www.idrogru.it\\\/fr\\\/services\\\/maintenance-et-service-apres-vente-direct\\\/\"]}]},{\"@type\":\"ImageObject\",\"inLanguage\":\"fr-FR\",\"@id\":\"https:\\\/\\\/www.idrogru.it\\\/fr\\\/services\\\/maintenance-et-service-apres-vente-direct\\\/#primaryimage\",\"url\":\"https:\\\/\\\/www.idrogru.it\\\/wp-content\\\/uploads\\\/2024\\\/06\\\/ASSISTENZA-POST-VENDITA-scaled.jpg\",\"contentUrl\":\"https:\\\/\\\/www.idrogru.it\\\/wp-content\\\/uploads\\\/2024\\\/06\\\/ASSISTENZA-POST-VENDITA-scaled.jpg\",\"width\":2560,\"height\":1703},{\"@type\":\"BreadcrumbList\",\"@id\":\"https:\\\/\\\/www.idrogru.it\\\/fr\\\/services\\\/maintenance-et-service-apres-vente-direct\\\/#breadcrumb\",\"itemListElement\":[{\"@type\":\"ListItem\",\"position\":1,\"name\":\"Home\",\"item\":\"https:\\\/\\\/www.idrogru.it\\\/fr\\\/\"},{\"@type\":\"ListItem\",\"position\":2,\"name\":\"Services\",\"item\":\"https:\\\/\\\/www.idrogru.it\\\/fr\\\/services\\\/\"},{\"@type\":\"ListItem\",\"position\":3,\"name\":\"Maintenance et service apr\u00e8s-vente direct\"}]},{\"@type\":\"WebSite\",\"@id\":\"https:\\\/\\\/www.idrogru.it\\\/fr\\\/#website\",\"url\":\"https:\\\/\\\/www.idrogru.it\\\/fr\\\/\",\"name\":\"Idrogru\",\"description\":\"Il tuo partner di fiducia per le gru idrauliche su misura\",\"publisher\":{\"@id\":\"https:\\\/\\\/www.idrogru.it\\\/fr\\\/#organization\"},\"potentialAction\":[{\"@type\":\"SearchAction\",\"target\":{\"@type\":\"EntryPoint\",\"urlTemplate\":\"https:\\\/\\\/www.idrogru.it\\\/fr\\\/?s={search_term_string}\"},\"query-input\":{\"@type\":\"PropertyValueSpecification\",\"valueRequired\":true,\"valueName\":\"search_term_string\"}}],\"inLanguage\":\"fr-FR\"},{\"@type\":\"Organization\",\"@id\":\"https:\\\/\\\/www.idrogru.it\\\/fr\\\/#organization\",\"name\":\"Idrogru\",\"url\":\"https:\\\/\\\/www.idrogru.it\\\/fr\\\/\",\"logo\":{\"@type\":\"ImageObject\",\"inLanguage\":\"fr-FR\",\"@id\":\"https:\\\/\\\/www.idrogru.it\\\/fr\\\/#\\\/schema\\\/logo\\\/image\\\/\",\"url\":\"https:\\\/\\\/www.idrogru.it\\\/wp-content\\\/uploads\\\/2025\\\/03\\\/Idrogru_logoR.png\",\"contentUrl\":\"https:\\\/\\\/www.idrogru.it\\\/wp-content\\\/uploads\\\/2025\\\/03\\\/Idrogru_logoR.png\",\"width\":4870,\"height\":864,\"caption\":\"Idrogru\"},\"image\":{\"@id\":\"https:\\\/\\\/www.idrogru.it\\\/fr\\\/#\\\/schema\\\/logo\\\/image\\\/\"},\"sameAs\":[\"https:\\\/\\\/www.facebook.com\\\/Idrogru-Srl-1651955921694151\\\/\",\"https:\\\/\\\/www.youtube.com\\\/channel\\\/UCt0-wyhR6AXew6QL2XwWFLw\",\"https:\\\/\\\/www.linkedin.com\\\/company\\\/idrogru\",\"https:\\\/\\\/www.instagram.com\\\/idrogru\\\/\"]}]}<\/script>\n<!-- \/ Yoast SEO plugin. -->","yoast_head_json":{"title":"Maintenance et service apr\u00e8s-vente direct - Idrogru","robots":{"index":"index","follow":"follow","max-snippet":"max-snippet:-1","max-image-preview":"max-image-preview:large","max-video-preview":"max-video-preview:-1"},"canonical":"https:\/\/www.idrogru.it\/fr\/services\/maintenance-et-service-apres-vente-direct\/","og_locale":"fr_FR","og_type":"article","og_title":"Maintenance et service apr\u00e8s-vente direct - Idrogru","og_description":"[vc_row full_width=&#8221;stretch_row&#8221; content_placement=&#8221;top&#8221; css=&#8221;.vc_custom_1762262354530{padding-top: 6em !important;padding-bottom: 6em !important;background-color: #333333 !important;}&#8221; el_id=&#8221;billetterie&#8221;][vc_column width=&#8221;1\/2&#8243;][vc_single_image image=&#8221;341&#8243; img_size=&#8221;full&#8221; alignment=&#8221;center&#8221; css_animation=&#8221;fadeIn&#8221; css=&#8221;&#8221;][\/vc_column][vc_column width=&#8221;1\/2&#8243;][vc_column_text css=&#8221;&#8221; el_class=&#8221;text-white&#8221;]L&#8217;une des caract\u00e9ristiques d&#8217; Idrogru est son service de maintenance et d&#8217;entretien, que nous g\u00e9rons directement pour tous nos v\u00e9hicules et pour lequel nous comptons sur des employ\u00e9s de confiance que nous formons p\u00e9riodiquement. Lorsqu&#8217;il s&#8217;agit [&hellip;]","og_url":"https:\/\/www.idrogru.it\/fr\/services\/maintenance-et-service-apres-vente-direct\/","og_site_name":"Idrogru","article_publisher":"https:\/\/www.facebook.com\/Idrogru-Srl-1651955921694151\/","article_modified_time":"2025-11-04T13:26:40+00:00","og_image":[{"width":2560,"height":1703,"url":"https:\/\/www.idrogru.it\/wp-content\/uploads\/2024\/06\/ASSISTENZA-POST-VENDITA-scaled.jpg","type":"image\/jpeg"}],"twitter_card":"summary_large_image","twitter_misc":{"Est. reading time":"4 minutes"},"schema":{"@context":"https:\/\/schema.org","@graph":[{"@type":"WebPage","@id":"https:\/\/www.idrogru.it\/fr\/services\/maintenance-et-service-apres-vente-direct\/","url":"https:\/\/www.idrogru.it\/fr\/services\/maintenance-et-service-apres-vente-direct\/","name":"Maintenance et service apr\u00e8s-vente direct - Idrogru","isPartOf":{"@id":"https:\/\/www.idrogru.it\/fr\/#website"},"primaryImageOfPage":{"@id":"https:\/\/www.idrogru.it\/fr\/services\/maintenance-et-service-apres-vente-direct\/#primaryimage"},"image":{"@id":"https:\/\/www.idrogru.it\/fr\/services\/maintenance-et-service-apres-vente-direct\/#primaryimage"},"thumbnailUrl":"https:\/\/www.idrogru.it\/wp-content\/uploads\/2024\/06\/ASSISTENZA-POST-VENDITA-scaled.jpg","datePublished":"2024-05-07T07:16:37+00:00","dateModified":"2025-11-04T13:26:40+00:00","breadcrumb":{"@id":"https:\/\/www.idrogru.it\/fr\/services\/maintenance-et-service-apres-vente-direct\/#breadcrumb"},"inLanguage":"fr-FR","potentialAction":[{"@type":"ReadAction","target":["https:\/\/www.idrogru.it\/fr\/services\/maintenance-et-service-apres-vente-direct\/"]}]},{"@type":"ImageObject","inLanguage":"fr-FR","@id":"https:\/\/www.idrogru.it\/fr\/services\/maintenance-et-service-apres-vente-direct\/#primaryimage","url":"https:\/\/www.idrogru.it\/wp-content\/uploads\/2024\/06\/ASSISTENZA-POST-VENDITA-scaled.jpg","contentUrl":"https:\/\/www.idrogru.it\/wp-content\/uploads\/2024\/06\/ASSISTENZA-POST-VENDITA-scaled.jpg","width":2560,"height":1703},{"@type":"BreadcrumbList","@id":"https:\/\/www.idrogru.it\/fr\/services\/maintenance-et-service-apres-vente-direct\/#breadcrumb","itemListElement":[{"@type":"ListItem","position":1,"name":"Home","item":"https:\/\/www.idrogru.it\/fr\/"},{"@type":"ListItem","position":2,"name":"Services","item":"https:\/\/www.idrogru.it\/fr\/services\/"},{"@type":"ListItem","position":3,"name":"Maintenance et service apr\u00e8s-vente direct"}]},{"@type":"WebSite","@id":"https:\/\/www.idrogru.it\/fr\/#website","url":"https:\/\/www.idrogru.it\/fr\/","name":"Idrogru","description":"Il tuo partner di fiducia per le gru idrauliche su misura","publisher":{"@id":"https:\/\/www.idrogru.it\/fr\/#organization"},"potentialAction":[{"@type":"SearchAction","target":{"@type":"EntryPoint","urlTemplate":"https:\/\/www.idrogru.it\/fr\/?s={search_term_string}"},"query-input":{"@type":"PropertyValueSpecification","valueRequired":true,"valueName":"search_term_string"}}],"inLanguage":"fr-FR"},{"@type":"Organization","@id":"https:\/\/www.idrogru.it\/fr\/#organization","name":"Idrogru","url":"https:\/\/www.idrogru.it\/fr\/","logo":{"@type":"ImageObject","inLanguage":"fr-FR","@id":"https:\/\/www.idrogru.it\/fr\/#\/schema\/logo\/image\/","url":"https:\/\/www.idrogru.it\/wp-content\/uploads\/2025\/03\/Idrogru_logoR.png","contentUrl":"https:\/\/www.idrogru.it\/wp-content\/uploads\/2025\/03\/Idrogru_logoR.png","width":4870,"height":864,"caption":"Idrogru"},"image":{"@id":"https:\/\/www.idrogru.it\/fr\/#\/schema\/logo\/image\/"},"sameAs":["https:\/\/www.facebook.com\/Idrogru-Srl-1651955921694151\/","https:\/\/www.youtube.com\/channel\/UCt0-wyhR6AXew6QL2XwWFLw","https:\/\/www.linkedin.com\/company\/idrogru","https:\/\/www.instagram.com\/idrogru\/"]}]}},"_links":{"self":[{"href":"https:\/\/www.idrogru.it\/fr\/wp-json\/wp\/v2\/pages\/6550","targetHints":{"allow":["GET"]}}],"collection":[{"href":"https:\/\/www.idrogru.it\/fr\/wp-json\/wp\/v2\/pages"}],"about":[{"href":"https:\/\/www.idrogru.it\/fr\/wp-json\/wp\/v2\/types\/page"}],"author":[{"embeddable":true,"href":"https:\/\/www.idrogru.it\/fr\/wp-json\/wp\/v2\/users\/1"}],"replies":[{"embeddable":true,"href":"https:\/\/www.idrogru.it\/fr\/wp-json\/wp\/v2\/comments?post=6550"}],"version-history":[{"count":9,"href":"https:\/\/www.idrogru.it\/fr\/wp-json\/wp\/v2\/pages\/6550\/revisions"}],"predecessor-version":[{"id":13065,"href":"https:\/\/www.idrogru.it\/fr\/wp-json\/wp\/v2\/pages\/6550\/revisions\/13065"}],"up":[{"embeddable":true,"href":"https:\/\/www.idrogru.it\/fr\/wp-json\/wp\/v2\/pages\/6575"}],"wp:featuredmedia":[{"embeddable":true,"href":"https:\/\/www.idrogru.it\/fr\/wp-json\/wp\/v2\/media\/6255"}],"wp:attachment":[{"href":"https:\/\/www.idrogru.it\/fr\/wp-json\/wp\/v2\/media?parent=6550"}],"curies":[{"name":"wp","href":"https:\/\/api.w.org\/{rel}","templated":true}]}}