{"id":6549,"date":"2024-05-17T11:42:40","date_gmt":"2024-05-17T09:42:40","guid":{"rendered":"https:\/\/www.idrogru.it\/pick-carry\/"},"modified":"2026-01-23T14:55:49","modified_gmt":"2026-01-23T13:55:49","slug":"pick-carry","status":"publish","type":"page","link":"https:\/\/www.idrogru.it\/fr\/pick-carry\/","title":{"rendered":"Pick &amp; Carry"},"content":{"rendered":"<div class=\"wpb-content-wrapper\"><p>[vc_row full_width=&#8221;stretch_row&#8221; content_placement=&#8221;middle&#8221; parallax=&#8221;content-moving&#8221; parallax_image=&#8221;13534&#8243; css=&#8221;.vc_custom_1769160555578{padding-top: 6em !important;padding-bottom: 6em !important;background-color: #333333 !important;}&#8221;][vc_column width=&#8221;1\/2&#8243;][\/vc_column][vc_column width=&#8221;1\/2&#8243;]<div class=\"floating-block-wrapper\">\n\t\t\t<div class=\"flaoting-block text-start bg-white rounded shadow p-4\">\n\t\t\t\t<h2 class=\"deco-title text-start floating-block-title with-subtitle\"><span class=\"deco-eylet\">Pick &amp; Carry<\/span><span>Puissance et pr\u00e9cision exceptionnelles<mark>pour l&#039;int\u00e9rieur<\/mark><\/span><\/h2>\n\t\t\t\t<div class=\"floating-block-text mb-5\">Les grues <strong>Pick &amp; Carry<\/strong> sont de plus en plus recherch\u00e9es en tant qu&#8217;outils exceptionnellement pratiques, pr\u00e9cis, compacts et performants. Ils se pr\u00eatent \u00e0 un large \u00e9ventail d&#8217;applications et sont les partenaires id\u00e9aux de nos grues pour les op\u00e9rations les plus exigeantes, o\u00f9 une grande puissance et une pr\u00e9cision extr\u00eame sont requises.<\/div>\n\t\t\t\t<div class=\"button-wrapper text-start\"><a class=\"btn btn-default floating-block-button btn-lg\"  href=\"https:\/\/idrogru.it\/contatti\/\" target=\"_blank\" title=\"Contactez un repr\u00e9sentant commercial\">Contactez un repr\u00e9sentant commercial<\/a><\/div>\n\t\t\t<\/div>\n\t\t<\/div>[\/vc_column][\/vc_row][vc_row full_width=&#8221;stretch_row_content&#8221;][vc_column width=&#8221;1\/3&#8243;]\n\t\t\t<div class=\"card-block-wrapper \">\n\t\t\t\t<div class=\"card min-height mb-3\">\n\t\t\t\t\t<figure class=\"card-img-top aspect-image\" style=\"background-image:url('https:\/\/www.idrogru.it\/wp-content\/uploads\/2025\/03\/dk-40-pick-and-carry-coming-soon.jpg'); aspect-ratio:4 \/ 3; \">\n\t\t\t\t\t\t\n\t\t\t\t\t<\/figure>\n\t\t\t\t\t<div class=\"card-body\">\n\t\t\t\t\t\t<h3 class=\"card-title\"><span class=\"card-title-eyelet\">Pick &amp; Carry<\/span>D\u00e9couvrez le nouveau 60 - Bient\u00f4t disponible !<\/h3>\n\t\t\t\t\t\t<p class=\"card-text\">Nous sommes ravis d&#8217;annoncer que le nouveau mod\u00e8le <strong>60 <\/strong>arrive bient\u00f4t ! Ce produit exceptionnel allie innovation, design moderne et performances sup\u00e9rieures, offrant une exp\u00e9rience incomparable. Le partenaire id\u00e9al pour Idrogru !<\/p>\n\t\t\t\t\t\t<div class=\"card-button\"><a href=\"https:\/\/www.idrogru.it\/fr\/camiongrue\/60\/\" title=\"Voir le mod\u00e8le\" target=\"_blank\" class=\"btn btn-default\">Voir le mod\u00e8le<\/a><\/div>\n\t\t\t\t\t<\/div>\n\t\t\t\t<\/div>\n\t\t\t<\/div>[\/vc_column][vc_column width=&#8221;1\/3&#8243;]\n\t\t\t<div class=\"card-block-wrapper \">\n\t\t\t\t<div class=\"card min-height mb-3\">\n\t\t\t\t\t<figure class=\"card-img-top aspect-image\" style=\"background-image:url('https:\/\/www.idrogru.it\/wp-content\/uploads\/2026\/01\/idrogru-pick-carry-80.jpg'); aspect-ratio:4 \/ 3; \">\n\t\t\t\t\t\t\n\t\t\t\t\t<\/figure>\n\t\t\t\t\t<div class=\"card-body\">\n\t\t\t\t\t\t<h3 class=\"card-title\"><span class=\"card-title-eyelet\">Pick &amp; Carry<\/span>80<\/h3>\n\t\t\t\t\t\t<p class=\"card-text\">Le mod\u00e8le <strong>80 <\/strong>est dot\u00e9 d&#8217;un syst\u00e8me de levage par v\u00e9rin \u00e0 double effet permettant une oscillation de -5\u00b0C \u00e0 +70\u00b0C. La radiocommande de toutes les fonctions avec \u00e9cran permet un contr\u00f4le optimal de la machine.<\/p>\n\t\t\t\t\t\t<div class=\"card-button\"><a href=\"https:\/\/www.idrogru.it\/fr\/camiongrue\/80\/\" title=\"Voir le mod\u00e8le\" target=\"_blank\" class=\"btn btn-default\">Voir le mod\u00e8le<\/a><\/div>\n\t\t\t\t\t<\/div>\n\t\t\t\t<\/div>\n\t\t\t<\/div>[\/vc_column][vc_column width=&#8221;1\/3&#8243;]\n\t\t\t<div class=\"card-block-wrapper \">\n\t\t\t\t<div class=\"card min-height mb-3\">\n\t\t\t\t\t<figure class=\"card-img-top aspect-image\" style=\"background-image:url('https:\/\/www.idrogru.it\/wp-content\/uploads\/2026\/01\/idrogru-pick-100-2.jpg'); aspect-ratio:4 \/ 3; \">\n\t\t\t\t\t\t\n\t\t\t\t\t<\/figure>\n\t\t\t\t\t<div class=\"card-body\">\n\t\t\t\t\t\t<h3 class=\"card-title\"><span class=\"card-title-eyelet\">Pick &amp; Carry<\/span>100<\/h3>\n\t\t\t\t\t\t<p class=\"card-text\">Le mod\u00e8le 100 est dot\u00e9 d&#8217;un syst\u00e8me de levage par un v\u00e9rin \u00e0 double effet permettant une oscillation de -5\u00b0C \u00e0 +70\u00b0C. La radiocommande de toutes les fonctions avec \u00e9cran permet un contr\u00f4le optimal de la machine.<\/p>\n\t\t\t\t\t\t<div class=\"card-button\"><a href=\"https:\/\/www.idrogru.it\/fr\/cranetruck\/dk100\/\" title=\"Voir le mod\u00e8le\" target=\"_blank\" class=\"btn btn-default\">Voir le mod\u00e8le<\/a><\/div>\n\t\t\t\t\t<\/div>\n\t\t\t\t<\/div>\n\t\t\t<\/div>[\/vc_column][\/vc_row]<\/p>\n<\/div>","protected":false},"excerpt":{"rendered":"<p>[vc_row full_width=&#8221;stretch_row&#8221; content_placement=&#8221;middle&#8221; parallax=&#8221;content-moving&#8221; parallax_image=&#8221;13534&#8243; css=&#8221;.vc_custom_1769160555578{padding-top: 6em !important;padding-bottom: 6em !important;background-color: #333333 !important;}&#8221;][vc_column width=&#8221;1\/2&#8243;][\/vc_column][vc_column width=&#8221;1\/2&#8243;][\/vc_column][\/vc_row][vc_row full_width=&#8221;stretch_row_content&#8221;][vc_column width=&#8221;1\/3&#8243;][\/vc_column][vc_column width=&#8221;1\/3&#8243;][\/vc_column][vc_column width=&#8221;1\/3&#8243;][\/vc_column][\/vc_row]<\/p>\n","protected":false},"author":1,"featured_media":0,"parent":0,"menu_order":0,"comment_status":"closed","ping_status":"closed","template":"","meta":{"_acf_changed":false,"rs_blank_template":"","rs_page_bg_color":"","slide_template_v7":"","footnotes":""},"class_list":["post-6549","page","type-page","status-publish","hentry"],"acf":[],"yoast_head":"<!-- This site is optimized with the Yoast SEO plugin v27.6 - https:\/\/yoast.com\/product\/yoast-seo-wordpress\/ -->\n<title>Pick &amp; Carry - Idrogru<\/title>\n<meta name=\"robots\" content=\"index, follow, max-snippet:-1, max-image-preview:large, max-video-preview:-1\" \/>\n<link rel=\"canonical\" href=\"https:\/\/www.idrogru.it\/fr\/pick-carry\/\" \/>\n<meta property=\"og:locale\" content=\"fr_FR\" \/>\n<meta property=\"og:type\" content=\"article\" \/>\n<meta property=\"og:title\" content=\"Pick &amp; Carry - Idrogru\" \/>\n<meta property=\"og:description\" content=\"[vc_row full_width=&#8221;stretch_row&#8221; content_placement=&#8221;middle&#8221; parallax=&#8221;content-moving&#8221; parallax_image=&#8221;13534&#8243; css=&#8221;.vc_custom_1769160555578{padding-top: 6em !important;padding-bottom: 6em !important;background-color: #333333 !important;}&#8221;][vc_column width=&#8221;1\/2&#8243;][\/vc_column][vc_column width=&#8221;1\/2&#8243;][\/vc_column][\/vc_row][vc_row full_width=&#8221;stretch_row_content&#8221;][vc_column width=&#8221;1\/3&#8243;][\/vc_column][vc_column width=&#8221;1\/3&#8243;][\/vc_column][vc_column width=&#8221;1\/3&#8243;][\/vc_column][\/vc_row]\" \/>\n<meta property=\"og:url\" content=\"https:\/\/www.idrogru.it\/fr\/pick-carry\/\" \/>\n<meta property=\"og:site_name\" content=\"Idrogru\" \/>\n<meta property=\"article:publisher\" content=\"https:\/\/www.facebook.com\/Idrogru-Srl-1651955921694151\/\" \/>\n<meta property=\"article:modified_time\" content=\"2026-01-23T13:55:49+00:00\" \/>\n<meta name=\"twitter:card\" content=\"summary_large_image\" \/>\n<meta name=\"twitter:label1\" content=\"Est. reading time\" \/>\n\t<meta name=\"twitter:data1\" content=\"2 minutes\" \/>\n<script type=\"application\/ld+json\" class=\"yoast-schema-graph\">{\"@context\":\"https:\\\/\\\/schema.org\",\"@graph\":[{\"@type\":\"WebPage\",\"@id\":\"https:\\\/\\\/www.idrogru.it\\\/fr\\\/pick-carry\\\/\",\"url\":\"https:\\\/\\\/www.idrogru.it\\\/fr\\\/pick-carry\\\/\",\"name\":\"Pick &amp; Carry - Idrogru\",\"isPartOf\":{\"@id\":\"https:\\\/\\\/www.idrogru.it\\\/fr\\\/#website\"},\"datePublished\":\"2024-05-17T09:42:40+00:00\",\"dateModified\":\"2026-01-23T13:55:49+00:00\",\"breadcrumb\":{\"@id\":\"https:\\\/\\\/www.idrogru.it\\\/fr\\\/pick-carry\\\/#breadcrumb\"},\"inLanguage\":\"fr-FR\",\"potentialAction\":[{\"@type\":\"ReadAction\",\"target\":[\"https:\\\/\\\/www.idrogru.it\\\/fr\\\/pick-carry\\\/\"]}]},{\"@type\":\"BreadcrumbList\",\"@id\":\"https:\\\/\\\/www.idrogru.it\\\/fr\\\/pick-carry\\\/#breadcrumb\",\"itemListElement\":[{\"@type\":\"ListItem\",\"position\":1,\"name\":\"Home\",\"item\":\"https:\\\/\\\/www.idrogru.it\\\/fr\\\/\"},{\"@type\":\"ListItem\",\"position\":2,\"name\":\"Pick &amp; Carry\"}]},{\"@type\":\"WebSite\",\"@id\":\"https:\\\/\\\/www.idrogru.it\\\/fr\\\/#website\",\"url\":\"https:\\\/\\\/www.idrogru.it\\\/fr\\\/\",\"name\":\"Idrogru\",\"description\":\"Il tuo partner di fiducia per le gru idrauliche su misura\",\"publisher\":{\"@id\":\"https:\\\/\\\/www.idrogru.it\\\/fr\\\/#organization\"},\"potentialAction\":[{\"@type\":\"SearchAction\",\"target\":{\"@type\":\"EntryPoint\",\"urlTemplate\":\"https:\\\/\\\/www.idrogru.it\\\/fr\\\/?s={search_term_string}\"},\"query-input\":{\"@type\":\"PropertyValueSpecification\",\"valueRequired\":true,\"valueName\":\"search_term_string\"}}],\"inLanguage\":\"fr-FR\"},{\"@type\":\"Organization\",\"@id\":\"https:\\\/\\\/www.idrogru.it\\\/fr\\\/#organization\",\"name\":\"Idrogru\",\"url\":\"https:\\\/\\\/www.idrogru.it\\\/fr\\\/\",\"logo\":{\"@type\":\"ImageObject\",\"inLanguage\":\"fr-FR\",\"@id\":\"https:\\\/\\\/www.idrogru.it\\\/fr\\\/#\\\/schema\\\/logo\\\/image\\\/\",\"url\":\"https:\\\/\\\/www.idrogru.it\\\/wp-content\\\/uploads\\\/2025\\\/03\\\/Idrogru_logoR.png\",\"contentUrl\":\"https:\\\/\\\/www.idrogru.it\\\/wp-content\\\/uploads\\\/2025\\\/03\\\/Idrogru_logoR.png\",\"width\":4870,\"height\":864,\"caption\":\"Idrogru\"},\"image\":{\"@id\":\"https:\\\/\\\/www.idrogru.it\\\/fr\\\/#\\\/schema\\\/logo\\\/image\\\/\"},\"sameAs\":[\"https:\\\/\\\/www.facebook.com\\\/Idrogru-Srl-1651955921694151\\\/\",\"https:\\\/\\\/www.youtube.com\\\/channel\\\/UCt0-wyhR6AXew6QL2XwWFLw\",\"https:\\\/\\\/www.linkedin.com\\\/company\\\/idrogru\",\"https:\\\/\\\/www.instagram.com\\\/idrogru\\\/\"]}]}<\/script>\n<!-- \/ Yoast SEO plugin. -->","yoast_head_json":{"title":"Pick &amp; Carry - Idrogru","robots":{"index":"index","follow":"follow","max-snippet":"max-snippet:-1","max-image-preview":"max-image-preview:large","max-video-preview":"max-video-preview:-1"},"canonical":"https:\/\/www.idrogru.it\/fr\/pick-carry\/","og_locale":"fr_FR","og_type":"article","og_title":"Pick &amp; Carry - Idrogru","og_description":"[vc_row full_width=&#8221;stretch_row&#8221; content_placement=&#8221;middle&#8221; parallax=&#8221;content-moving&#8221; parallax_image=&#8221;13534&#8243; css=&#8221;.vc_custom_1769160555578{padding-top: 6em !important;padding-bottom: 6em !important;background-color: #333333 !important;}&#8221;][vc_column width=&#8221;1\/2&#8243;][\/vc_column][vc_column width=&#8221;1\/2&#8243;][\/vc_column][\/vc_row][vc_row full_width=&#8221;stretch_row_content&#8221;][vc_column width=&#8221;1\/3&#8243;][\/vc_column][vc_column width=&#8221;1\/3&#8243;][\/vc_column][vc_column width=&#8221;1\/3&#8243;][\/vc_column][\/vc_row]","og_url":"https:\/\/www.idrogru.it\/fr\/pick-carry\/","og_site_name":"Idrogru","article_publisher":"https:\/\/www.facebook.com\/Idrogru-Srl-1651955921694151\/","article_modified_time":"2026-01-23T13:55:49+00:00","twitter_card":"summary_large_image","twitter_misc":{"Est. reading time":"2 minutes"},"schema":{"@context":"https:\/\/schema.org","@graph":[{"@type":"WebPage","@id":"https:\/\/www.idrogru.it\/fr\/pick-carry\/","url":"https:\/\/www.idrogru.it\/fr\/pick-carry\/","name":"Pick &amp; Carry - Idrogru","isPartOf":{"@id":"https:\/\/www.idrogru.it\/fr\/#website"},"datePublished":"2024-05-17T09:42:40+00:00","dateModified":"2026-01-23T13:55:49+00:00","breadcrumb":{"@id":"https:\/\/www.idrogru.it\/fr\/pick-carry\/#breadcrumb"},"inLanguage":"fr-FR","potentialAction":[{"@type":"ReadAction","target":["https:\/\/www.idrogru.it\/fr\/pick-carry\/"]}]},{"@type":"BreadcrumbList","@id":"https:\/\/www.idrogru.it\/fr\/pick-carry\/#breadcrumb","itemListElement":[{"@type":"ListItem","position":1,"name":"Home","item":"https:\/\/www.idrogru.it\/fr\/"},{"@type":"ListItem","position":2,"name":"Pick &amp; Carry"}]},{"@type":"WebSite","@id":"https:\/\/www.idrogru.it\/fr\/#website","url":"https:\/\/www.idrogru.it\/fr\/","name":"Idrogru","description":"Il tuo partner di fiducia per le gru idrauliche su misura","publisher":{"@id":"https:\/\/www.idrogru.it\/fr\/#organization"},"potentialAction":[{"@type":"SearchAction","target":{"@type":"EntryPoint","urlTemplate":"https:\/\/www.idrogru.it\/fr\/?s={search_term_string}"},"query-input":{"@type":"PropertyValueSpecification","valueRequired":true,"valueName":"search_term_string"}}],"inLanguage":"fr-FR"},{"@type":"Organization","@id":"https:\/\/www.idrogru.it\/fr\/#organization","name":"Idrogru","url":"https:\/\/www.idrogru.it\/fr\/","logo":{"@type":"ImageObject","inLanguage":"fr-FR","@id":"https:\/\/www.idrogru.it\/fr\/#\/schema\/logo\/image\/","url":"https:\/\/www.idrogru.it\/wp-content\/uploads\/2025\/03\/Idrogru_logoR.png","contentUrl":"https:\/\/www.idrogru.it\/wp-content\/uploads\/2025\/03\/Idrogru_logoR.png","width":4870,"height":864,"caption":"Idrogru"},"image":{"@id":"https:\/\/www.idrogru.it\/fr\/#\/schema\/logo\/image\/"},"sameAs":["https:\/\/www.facebook.com\/Idrogru-Srl-1651955921694151\/","https:\/\/www.youtube.com\/channel\/UCt0-wyhR6AXew6QL2XwWFLw","https:\/\/www.linkedin.com\/company\/idrogru","https:\/\/www.instagram.com\/idrogru\/"]}]}},"_links":{"self":[{"href":"https:\/\/www.idrogru.it\/fr\/wp-json\/wp\/v2\/pages\/6549","targetHints":{"allow":["GET"]}}],"collection":[{"href":"https:\/\/www.idrogru.it\/fr\/wp-json\/wp\/v2\/pages"}],"about":[{"href":"https:\/\/www.idrogru.it\/fr\/wp-json\/wp\/v2\/types\/page"}],"author":[{"embeddable":true,"href":"https:\/\/www.idrogru.it\/fr\/wp-json\/wp\/v2\/users\/1"}],"replies":[{"embeddable":true,"href":"https:\/\/www.idrogru.it\/fr\/wp-json\/wp\/v2\/comments?post=6549"}],"version-history":[{"count":34,"href":"https:\/\/www.idrogru.it\/fr\/wp-json\/wp\/v2\/pages\/6549\/revisions"}],"predecessor-version":[{"id":13656,"href":"https:\/\/www.idrogru.it\/fr\/wp-json\/wp\/v2\/pages\/6549\/revisions\/13656"}],"wp:attachment":[{"href":"https:\/\/www.idrogru.it\/fr\/wp-json\/wp\/v2\/media?parent=6549"}],"curies":[{"name":"wp","href":"https:\/\/api.w.org\/{rel}","templated":true}]}}