{"id":6607,"date":"2024-04-22T12:24:08","date_gmt":"2024-04-22T10:24:08","guid":{"rendered":"https:\/\/www.idrogru.it\/datenschutzbestimmungen\/"},"modified":"2024-07-05T16:46:25","modified_gmt":"2024-07-05T14:46:25","slug":"datenschutzbestimmungen","status":"publish","type":"page","link":"https:\/\/www.idrogru.it\/de\/datenschutzbestimmungen\/","title":{"rendered":"Datenschutzbestimmungen"},"content":{"rendered":"<div class=\"privacy-policy-container\">\t\r\n\t<h1>Datenschutz und Cookie-Richtlinie<\/h1>\r\n\t<p>\r\n\t\t&nbsp;\r\n\t<\/p>\r\n\t<h2>VERANTWORTLICHER F\u00dcR PERSONENBEZOGENE DATEN<\/h2>\r\n\t<h3>Der Halter der Behandlung<\/h3>\r\n\t<ul>\r\n\t\t<li>Der f\u00fcr die Datenverarbeitung Verantwortliche dieser Website ist<br \/>\r\n\t\t<strong>Crane S.r.l.<\/strong> Via Francesco Vecchione, 110\/B 41126 Modena MO\r\n\t\t<\/li>\r\n\t<\/ul>\r\n\t<p>&nbsp;<\/p>\r\n\t<h2>VERARBEITUNG PERSONENBEZOGENER DATEN<\/h2>\r\n\t<p>\r\n\t\tGem\u00e4\u00df Artikel 13 der Verordnung (EU) 2016\/679, die den Kodex zum Schutz personenbezogener Daten enth\u00e4lt, m\u00f6chten wir Sie dar\u00fcber informieren:\r\n\t<\/p>\r\n\t<h3>Zweck und Art der Verarbeitung<\/h3>\r\n\t<ul>\r\n\t\t<li>Die Daten werden zum Zweck des Versands von Newslettern\/allgemeinen Informationen und der Erhebung von statistischen Daten in den gesetzlich vorgeschriebenen Grenzen und unter den gesetzlich vorgeschriebenen Bedingungen mit automatisierten Mitteln, einschlie\u00dflich elektronischer und telematischer Mittel, verarbeitet.<\/li>\r\n\t<\/ul>\r\n\t<h3>Art der Bereitstellung der Daten<\/h3>\r\n\t<ul>\r\n\t\t<li>Die Bereitstellung von Daten ist fakultativer Natur.<\/li>\r\n\t<\/ul>\r\n\t<h3>Folgen Ihres Widerspruchs gegen die Datenverarbeitung<\/h3>\r\n\t<ul>\r\n\t\t<li>Die vollst\u00e4ndige oder teilweise Nichtverf\u00fcgbarkeit von Daten kann dazu f\u00fchren, dass der oben genannte Zweck nicht verfolgt werden kann..<\/li>\r\n\t<\/ul>\r\n\t<h3>Subjekte und Kategorien von Subjekten, an die Daten weitergegeben werden k\u00f6nnen, und Umfang der Datenweitergabe<\/h3>\r\n\t<ul>\r\n\t\t<li>Die oben genannten Daten werden in \u00dcbereinstimmung mit den oben genannten Zwecken an \u00f6ffentliche und private Einrichtungen weitergegeben, um die gesetzlichen oder vertraglichen Bestimmungen zu erf\u00fcllen.<\/li>\r\n\t<\/ul>\r\n\t<p>\r\n\t\t<br \/>\r\n\t\tDer f\u00fcr die Datenverarbeitung Verantwortliche ist die einzige Person, die befugt ist, von den personenbezogenen Daten der betroffenen Person Kenntnis zu nehmen..\r\n\t<\/p>\r\n\t<p>\r\n\t\tSie k\u00f6nnen Ihre Rechte gem\u00e4\u00df Artikel 13 der Verordnung (EU) 2016\/679 jederzeit gegen\u00fcber dem f\u00fcr die Verarbeitung Verantwortlichen geltend machen.\r\n\t<\/p>\r\n\t<p>\r\n\t\t&nbsp;\r\n\t<\/p>\r\n\t<h2 id=\"cookie\">COOKIE-POLITIK UND -VERWALTUNG<\/h2>\r\n\t<h3>Was Cookies sind<\/h3>\r\n\t<p>\r\n\t\tCookies sind kleine Textdateien, die von Websites, die der Nutzer besucht, an sein Endger\u00e4t - Computer, Laptop, Tablet, Smartphone usw. - gesendet werden. - wo sie gespeichert und dann beim n\u00e4chsten Besuch desselben Nutzers an dieselben Websites zur\u00fcckgesendet werden.\r\n\t<\/p>\r\n\t<h3>Technische Cookies<\/h3>\r\n\t<p>\r\n\t\tDies sind die Cookies, die f\u00fcr die Navigation oder die Bereitstellung eines vom Nutzer angeforderten Dienstes verwendet werden. Sie werden f\u00fcr keine weiteren Zwecke verwendet und werden normalerweise direkt vom Eigent\u00fcmer der Website installiert. Ohne die Verwendung solcher Cookies kann das ordnungsgem\u00e4\u00dfe Funktionieren dieser Website nicht gew\u00e4hrleistet werden.\r\n\t<\/p>\r\n\t<h3>Cookie-Analytik<\/h3>\r\n\t<p>\r\n\t\tObwohl \"Analyse\"-Cookies keine technischen Cookies sind, k\u00f6nnen sie mit ihnen gleichgesetzt werden, wenn sie direkt vom Eigent\u00fcmer der Website zu Zwecken der Website-Optimierung verwendet werden, der Informationen in zusammengefasster Form \u00fcber die Anzahl der Nutzer und die Art ihres Besuchs auf der Website sammeln kann. \r\n\t\tUnter diesen Bedingungen gelten f\u00fcr die Analyse-Cookies dieselben Informations- und Zustimmungsregeln wie f\u00fcr technische Cookies. Diese Website verwendet den Drittanbieterdienst \"Google Analytics\", um Informationen in aggregierter Form \u00fcber die Anzahl der Besuche zu sammeln.\r\n\t\tInformationen \u00fcber die <a href=\"http:\/\/www.google.com\/intl\/de\/policies\/privacy\/\" target=\"_blank\">Verarbeitung dieser Daten<\/a> finden Sie in dieser Datenschutzrichtlinie.\r\n\t<h3>Profilierungs-Cookies<\/h3>\r\n\t<p>\r\n\t\tDiese Cookies werden verwendet, um das Surfverhalten des Nutzers zu verfolgen und Profile \u00fcber seine Vorlieben, Gewohnheiten, Entscheidungen usw. zu erstellen. Mit diesen Cookies ist es m\u00f6glich, Nachrichten an das Endger\u00e4t des Nutzers zu \u00fcbermitteln, die seinen bereits durch sein Online-Browsing ge\u00e4u\u00dferten Pr\u00e4ferenzen entsprechen.\r\n\t\tDiese Website verwendet keine eigenen Profilierungs-Cookies.\r\n\t<\/p>\r\n\t<div class=\"cookie-preference-wrapper\">\r\n\t\t\t\t\r\n\t\t\t\t\r\n\t\t\t\t\r\n\t\t\t\t<form class=\"cookie-preference\">\r\n\t\t\t\t\t\r\n\t\t\t\t\t<div class=\"border p-3 mb-2\">\r\n\t\t\t\t\t\t<fieldset class=\"cookie-list-block\">\r\n\t\t\t\t\t\t\t<legend class=\"mb-2\">Basisfunktionalit\u00e4t<\/legend>\r\n\t\t\t\t\t\t\t<div class=\"form-check form-check-inline\">\r\n\t\t\t\t\t\t\t\t<input class=\"aitec-privacy-option form-check-input\" type=\"radio\" name=\"functionality_storage\" id=\"functionality_storage_accept\" value=\"granted\" checked disabled>\r\n\t\t\t\t\t\t\t\t<label for=\"functionality_storage_accept\" class=\"form-check-label\">Akzeptieren<\/label>\r\n\t\t\t\t\t\t\t<\/div>\r\n\t\t\t\t\t\t\t\r\n\t\t\t\t\t\t<\/fieldset>\r\n\t\t\t\t\t\t<table class=\"cookie-list-table table table-striped table-bordered table-sm mb-2\">\r\n\t\t\t\t\t\t\r\n\t\t\t\t\t\t<thead>\r\n\t\t\t\t\t\t\t<tr>\r\n\t\t\t\t\t\t\t\t<th scope=\"col\">Cookie-Name<\/th>\r\n\t\t\t\t\t\t\t\t<th scope=\"col\">Besitzer<\/th>\r\n\t\t\t\t\t\t\t\t<th scope=\"col\">Dauer<\/th>\r\n\t\t\t\t\t\t\t\t<th scope=\"col\">Beschreibung<\/th>\r\n\t\t\t\t\t\t\t<\/tr>\r\n\t\t\t\t\t\t<\/thead>\r\n\t\t\t\t\t\t<tbody>\r\n\t\t\t\t\t\t\t<tr>\r\n\t\t\t\t\t\t<td>privCheck<\/td>\r\n\t\t\t\t\t\t<td>idrogru.it<\/td>\r\n\t\t\t\t\t\t<td>6 months<\/td>\r\n\t\t\t\t\t\t<td>Technical Cookie<\/td>\r\n\t\t\t\t\t<\/tr>\n<tr>\r\n\t\t\t\t\t\t<td>privSettings<\/td>\r\n\t\t\t\t\t\t<td>idrogru.it<\/td>\r\n\t\t\t\t\t\t<td>6 months<\/td>\r\n\t\t\t\t\t\t<td>Technical Cookie<\/td>\r\n\t\t\t\t\t<\/tr>\r\n\t\t\t\t\t\t<\/tbody>\r\n\t\t\t\t\t<\/table>\r\n\t\t\t\t\t<\/div>\n<div class=\"border p-3 mb-2\">\r\n\t\t\t\t\t\t<fieldset class=\"cookie-list-block\">\r\n\t\t\t\t\t\t\t<legend class=\"mb-2\">Analysefunktionen<\/legend>\r\n\t\t\t\t\t\t\t<div class=\"form-check form-check-inline\">\r\n\t\t\t\t\t\t\t\t<input class=\"aitec-privacy-option form-check-input\" type=\"radio\" name=\"analytics_storage\" id=\"analytics_storage_accept\" value=\"granted\">\r\n\t\t\t\t\t\t\t\t<label for=\"analytics_storage_accept\" class=\"form-check-label\">Akzeptieren<\/label>\r\n\t\t\t\t\t\t\t<\/div>\r\n\t\t\t\t\t\t\t\r\n\t\t\t\t\t\t\t<div class=\"form-check form-check-inline\">\r\n\t\t\t\t\t\t\t\t<input class=\"aitec-privacy-option form-check-input\" type=\"radio\" name=\"analytics_storage\" id=\"analytics_storage_reject\" value=\"denied\" checked>\r\n\t\t\t\t\t\t\t\t<label for=\"analytics_storage_reject\" class=\"form-check-label\">Ablehnen<\/label>\r\n\t\t\t\t\t\t\t<\/div>\r\n\t\t\t\t\t\t<\/fieldset>\r\n\t\t\t\t\t\t<table class=\"cookie-list-table table table-striped table-bordered table-sm mb-2\">\r\n\t\t\t\t\t\t\r\n\t\t\t\t\t\t<thead>\r\n\t\t\t\t\t\t\t<tr>\r\n\t\t\t\t\t\t\t\t<th scope=\"col\">Cookie-Name<\/th>\r\n\t\t\t\t\t\t\t\t<th scope=\"col\">Besitzer<\/th>\r\n\t\t\t\t\t\t\t\t<th scope=\"col\">Dauer<\/th>\r\n\t\t\t\t\t\t\t\t<th scope=\"col\">Beschreibung<\/th>\r\n\t\t\t\t\t\t\t<\/tr>\r\n\t\t\t\t\t\t<\/thead>\r\n\t\t\t\t\t\t<tbody>\r\n\t\t\t\t\t\t\t<tr>\r\n\t\t\t\t\t\t<td>_ga<\/td>\r\n\t\t\t\t\t\t<td>google.com<\/td>\r\n\t\t\t\t\t\t<td>2 years<\/td>\r\n\t\t\t\t\t\t<td>Technical Cookie<\/td>\r\n\t\t\t\t\t<\/tr>\n<tr>\r\n\t\t\t\t\t\t<td>_ga_SL8BPV3CYZ<\/td>\r\n\t\t\t\t\t\t<td>google.com<\/td>\r\n\t\t\t\t\t\t<td>2 years<\/td>\r\n\t\t\t\t\t\t<td>Tag Manager<\/td>\r\n\t\t\t\t\t<\/tr>\r\n\t\t\t\t\t\t<\/tbody>\r\n\t\t\t\t\t<\/table>\r\n\t\t\t\t\t<\/div>\n<div class=\"border p-3 mb-2\">\r\n\t\t\t\t\t\t<fieldset class=\"cookie-list-block\">\r\n\t\t\t\t\t\t\t<legend class=\"mb-2\">Personalization Functionality<\/legend>\r\n\t\t\t\t\t\t\t<div class=\"form-check form-check-inline\">\r\n\t\t\t\t\t\t\t\t<input class=\"aitec-privacy-option form-check-input\" type=\"radio\" name=\"personalization_storage\" id=\"personalization_storage_accept\" value=\"granted\">\r\n\t\t\t\t\t\t\t\t<label for=\"personalization_storage_accept\" class=\"form-check-label\">Akzeptieren<\/label>\r\n\t\t\t\t\t\t\t<\/div>\r\n\t\t\t\t\t\t\t\r\n\t\t\t\t\t\t\t<div class=\"form-check form-check-inline\">\r\n\t\t\t\t\t\t\t\t<input class=\"aitec-privacy-option form-check-input\" type=\"radio\" name=\"personalization_storage\" id=\"personalization_storage_reject\" value=\"denied\" checked>\r\n\t\t\t\t\t\t\t\t<label for=\"personalization_storage_reject\" class=\"form-check-label\">Ablehnen<\/label>\r\n\t\t\t\t\t\t\t<\/div>\r\n\t\t\t\t\t\t<\/fieldset>\r\n\t\t\t\t\t\t<table class=\"cookie-list-table table table-striped table-bordered table-sm mb-2\">\r\n\t\t\t\t\t\t\r\n\t\t\t\t\t\t<thead>\r\n\t\t\t\t\t\t\t<tr>\r\n\t\t\t\t\t\t\t\t<th scope=\"col\">Cookie-Name<\/th>\r\n\t\t\t\t\t\t\t\t<th scope=\"col\">Besitzer<\/th>\r\n\t\t\t\t\t\t\t\t<th scope=\"col\">Dauer<\/th>\r\n\t\t\t\t\t\t\t\t<th scope=\"col\">Beschreibung<\/th>\r\n\t\t\t\t\t\t\t<\/tr>\r\n\t\t\t\t\t\t<\/thead>\r\n\t\t\t\t\t\t<tbody>\r\n\t\t\t\t\t\t\t<tr>\r\n\t\t\t\t\t\t<td>wp-wpml_current_language<\/td>\r\n\t\t\t\t\t\t<td>idrogru.it<\/td>\r\n\t\t\t\t\t\t<td>Session<\/td>\r\n\t\t\t\t\t\t<td>Language preference<\/td>\r\n\t\t\t\t\t<\/tr>\r\n\t\t\t\t\t\t<\/tbody>\r\n\t\t\t\t\t<\/table>\r\n\t\t\t\t\t<\/div>\n<div class=\"border p-3 mb-2\">\r\n\t\t\t\t\t\t<fieldset class=\"cookie-list-block\">\r\n\t\t\t\t\t\t\t<legend class=\"mb-2\">Werbefunktionalit\u00e4t<\/legend>\r\n\t\t\t\t\t\t\t<div class=\"form-check form-check-inline\">\r\n\t\t\t\t\t\t\t\t<input class=\"aitec-privacy-option form-check-input\" type=\"radio\" name=\"ad_storage\" id=\"ad_storage_accept\" value=\"granted\">\r\n\t\t\t\t\t\t\t\t<label for=\"ad_storage_accept\" class=\"form-check-label\">Akzeptieren<\/label>\r\n\t\t\t\t\t\t\t<\/div>\r\n\t\t\t\t\t\t\t\r\n\t\t\t\t\t\t\t<div class=\"form-check form-check-inline\">\r\n\t\t\t\t\t\t\t\t<input class=\"aitec-privacy-option form-check-input\" type=\"radio\" name=\"ad_storage\" id=\"ad_storage_reject\" value=\"denied\" checked>\r\n\t\t\t\t\t\t\t\t<label for=\"ad_storage_reject\" class=\"form-check-label\">Ablehnen<\/label>\r\n\t\t\t\t\t\t\t<\/div>\r\n\t\t\t\t\t\t<\/fieldset>\r\n\t\t\t\t\t\t\r\n\t\t\t\t\t<\/div>\n<div class=\"border p-3 mb-2\">\r\n\t\t\t\t\t\t<fieldset class=\"cookie-list-block\">\r\n\t\t\t\t\t\t\t<legend class=\"mb-2\">Werbenutzerdaten<\/legend>\r\n\t\t\t\t\t\t\t<div class=\"form-check form-check-inline\">\r\n\t\t\t\t\t\t\t\t<input class=\"aitec-privacy-option form-check-input\" type=\"radio\" name=\"ad_user_data\" id=\"ad_user_data_accept\" value=\"granted\">\r\n\t\t\t\t\t\t\t\t<label for=\"ad_user_data_accept\" class=\"form-check-label\">Akzeptieren<\/label>\r\n\t\t\t\t\t\t\t<\/div>\r\n\t\t\t\t\t\t\t\r\n\t\t\t\t\t\t\t<div class=\"form-check form-check-inline\">\r\n\t\t\t\t\t\t\t\t<input class=\"aitec-privacy-option form-check-input\" type=\"radio\" name=\"ad_user_data\" id=\"ad_user_data_reject\" value=\"denied\" checked>\r\n\t\t\t\t\t\t\t\t<label for=\"ad_user_data_reject\" class=\"form-check-label\">Ablehnen<\/label>\r\n\t\t\t\t\t\t\t<\/div>\r\n\t\t\t\t\t\t<\/fieldset>\r\n\t\t\t\t\t\t\r\n\t\t\t\t\t<\/div>\n<div class=\"border p-3 mb-2\">\r\n\t\t\t\t\t\t<fieldset class=\"cookie-list-block\">\r\n\t\t\t\t\t\t\t<legend class=\"mb-2\">Personalisierung von Werbung<\/legend>\r\n\t\t\t\t\t\t\t<div class=\"form-check form-check-inline\">\r\n\t\t\t\t\t\t\t\t<input class=\"aitec-privacy-option form-check-input\" type=\"radio\" name=\"ad_personalization\" id=\"ad_personalization_accept\" value=\"granted\">\r\n\t\t\t\t\t\t\t\t<label for=\"ad_personalization_accept\" class=\"form-check-label\">Akzeptieren<\/label>\r\n\t\t\t\t\t\t\t<\/div>\r\n\t\t\t\t\t\t\t\r\n\t\t\t\t\t\t\t<div class=\"form-check form-check-inline\">\r\n\t\t\t\t\t\t\t\t<input class=\"aitec-privacy-option form-check-input\" type=\"radio\" name=\"ad_personalization\" id=\"ad_personalization_reject\" value=\"denied\" checked>\r\n\t\t\t\t\t\t\t\t<label for=\"ad_personalization_reject\" class=\"form-check-label\">Ablehnen<\/label>\r\n\t\t\t\t\t\t\t<\/div>\r\n\t\t\t\t\t\t<\/fieldset>\r\n\t\t\t\t\t\t\r\n\t\t\t\t\t<\/div>\n<div class=\"border p-3 mb-2\">\r\n\t\t\t\t\t\t<fieldset class=\"cookie-list-block\">\r\n\t\t\t\t\t\t\t<legend class=\"mb-2\">Sicherheitsfunktionen<\/legend>\r\n\t\t\t\t\t\t\t<div class=\"form-check form-check-inline\">\r\n\t\t\t\t\t\t\t\t<input class=\"aitec-privacy-option form-check-input\" type=\"radio\" name=\"security_storage\" id=\"security_storage_accept\" value=\"granted\">\r\n\t\t\t\t\t\t\t\t<label for=\"security_storage_accept\" class=\"form-check-label\">Akzeptieren<\/label>\r\n\t\t\t\t\t\t\t<\/div>\r\n\t\t\t\t\t\t\t\r\n\t\t\t\t\t\t\t<div class=\"form-check form-check-inline\">\r\n\t\t\t\t\t\t\t\t<input class=\"aitec-privacy-option form-check-input\" type=\"radio\" name=\"security_storage\" id=\"security_storage_reject\" value=\"denied\" checked>\r\n\t\t\t\t\t\t\t\t<label for=\"security_storage_reject\" class=\"form-check-label\">Ablehnen<\/label>\r\n\t\t\t\t\t\t\t<\/div>\r\n\t\t\t\t\t\t<\/fieldset>\r\n\t\t\t\t\t\t<table class=\"cookie-list-table table table-striped table-bordered table-sm mb-2\">\r\n\t\t\t\t\t\t\r\n\t\t\t\t\t\t<thead>\r\n\t\t\t\t\t\t\t<tr>\r\n\t\t\t\t\t\t\t\t<th scope=\"col\">Cookie-Name<\/th>\r\n\t\t\t\t\t\t\t\t<th scope=\"col\">Besitzer<\/th>\r\n\t\t\t\t\t\t\t\t<th scope=\"col\">Dauer<\/th>\r\n\t\t\t\t\t\t\t\t<th scope=\"col\">Beschreibung<\/th>\r\n\t\t\t\t\t\t\t<\/tr>\r\n\t\t\t\t\t\t<\/thead>\r\n\t\t\t\t\t\t<tbody>\r\n\t\t\t\t\t\t\t<tr>\r\n\t\t\t\t\t\t<td>_GRECAPTCHA<\/td>\r\n\t\t\t\t\t\t<td>google.com<\/td>\r\n\t\t\t\t\t\t<td>2 years<\/td>\r\n\t\t\t\t\t\t<td>Bot Protection<\/td>\r\n\t\t\t\t\t<\/tr>\r\n\t\t\t\t\t\t<\/tbody>\r\n\t\t\t\t\t<\/table>\r\n\t\t\t\t\t<\/div>\r\n\t\t\t\t\t\r\n\t\t\t\t\t<div class=\"my-2\">\r\n\t\t\t\t\t\t<button type=\"button\" class=\"aitec-privacy-preference-save-form btn btn-default\" type=\"submit\">Speichern Sie Ihre Einstellungen<\/button>\r\n\t\t\t\t\t<\/div>\r\n\t\t\t\t\t\r\n\t\t\t\t<\/form>\r\n\t\t\t\t<script type=\"text\/javascript\">\r\n\t\t\t\t\tjQuery('document').ready(function(){\r\n\t\t\t\t\t\t\r\n\t\t\t\t\t\tlet saveForm = jQuery('.aitec-privacy-preference-save-form');\r\n\t\t\t\t\t\t\r\n\t\t\t\t\t\tif(saveForm.length > 0){\r\n\t\t\t\t\t\t\tsaveForm.each(function(){\r\n\t\t\t\t\t\t\t\tjQuery(this).click(function(e){\r\n\t\t\t\t\t\t\t\t\te.preventDefault();\r\n\t\t\t\t\t\t\t\t\t\r\n\t\t\t\t\t\t\t\t\tlet data = jQuery(this).parent().parent().serializeArray();\r\n\t\t\t\t\t\t\t\t\t\r\n\t\t\t\t\t\t\t\t\tjQuery.post( 'https:\/\/www.idrogru.it\/wp-admin\/admin-ajax.php' , { action: 'save_preferences', data : data } ,function( response ){\r\n\t\t\t\t\t\t\t\t\t\tif(response.status == 'success'){\r\n\t\t\t\t\t\t\t\t\t\t\talert('Gespeicherte Optionen');\r\n\t\t\t\t\t\t\t\t\t\t\twindow.location.reload();\r\n\t\t\t\t\t\t\t\t\t\t}else{\r\n\t\t\t\t\t\t\t\t\t\t\talert(response.message);\r\n\t\t\t\t\t\t\t\t\t\t}\r\n\t\t\t\t\t\t\t\t\t},'json');\r\n\t\t\t\t\t\t\t\t});\r\n\t\t\t\t\t\t\t});\r\n\t\t\t\t\t\t}\r\n\t\t\t\t\t\t\r\n\t\t\t\t\t});\r\n\t\t\t\t<\/script>\r\n\t\t\t<\/div>\r\n\t<h3 style=\"margin-top: 10px;\">Cookie-Einstellungen \u00fcber den Browser verwalten<\/h3>\r\n\t<p>\r\n\t\tWenn Sie den Typ und die Version des von Ihnen verwendeten Browsers nicht kennen, k\u00f6nnen Sie oben im Browserfenster auf \"Hilfe\" klicken, wo Sie alle erforderlichen Informationen finden.\r\n\t\tWenn Sie hingegen Ihren Browser kennen, klicken Sie auf den von Ihnen verwendeten Browser, um die Seite zur Verwaltung von Cookies aufzurufen.\r\n\t<\/p>\r\n\t<ul>\r\n\t\t<li><a href=\"http:\/\/windows.microsoft.com\/it\/windows-vista\/block-or-allow-cookies\" target=\"_blank\">Microsoft Edge & Internet Explorer<\/a><\/li>\r\n\t\t<li><a href=\"https:\/\/support.google.com\/chrome\/answer\/95647?hl=de\" target=\"_blank\">Google Chrome<\/a><\/li>\r\n\t\t<li><a href=\"https:\/\/support.mozilla.org\/en-US\/kb\/clear-cookies-and-site-data-firefox\" target=\"_blank\">Mozilla Firefox<\/a><\/li>\r\n\t\t<li><a href=\"https:\/\/support.apple.com\/guide\/safari\/manage-cookies-sfri11471\/\" target=\"_blank\">Safari<\/a><\/li>\r\n\t<\/ul>\r\n<\/div>\n","protected":false},"excerpt":{"rendered":"Datenschutz und Cookie-Richtlinie &nbsp; VERANTWORTLICHER F\u00dcR PERSONENBEZOGENE DATEN Der Halter der Behandlung Der f\u00fcr die Datenverarbeitung Verantwortliche dieser Website ist Crane S.r.l. Via Francesco Vecchione, 110\/B 41126 Modena MO &nbsp; VERARBEITUNG PERSONENBEZOGENER DATEN Gem\u00e4\u00df Artikel 13 der Verordnung (EU) 2016\/679, die den Kodex zum Schutz personenbezogener Daten enth\u00e4lt, m\u00f6chten wir Sie dar\u00fcber informieren: Zweck und [...]","protected":false},"author":1,"featured_media":0,"parent":0,"menu_order":0,"comment_status":"closed","ping_status":"closed","template":"","meta":{"_acf_changed":false,"rs_blank_template":"","rs_page_bg_color":"","slide_template_v7":"","footnotes":""},"class_list":["post-6607","page","type-page","status-publish","hentry"],"acf":[],"yoast_head":"<!-- This site is optimized with the Yoast SEO plugin v27.3 - https:\/\/yoast.com\/product\/yoast-seo-wordpress\/ -->\n<title>Datenschutzbestimmungen - Idrogru<\/title>\n<meta name=\"robots\" content=\"index, follow, max-snippet:-1, max-image-preview:large, max-video-preview:-1\" \/>\n<link rel=\"canonical\" href=\"https:\/\/www.idrogru.it\/de\/datenschutzbestimmungen\/\" \/>\n<meta property=\"og:locale\" content=\"de_DE\" \/>\n<meta property=\"og:type\" content=\"article\" \/>\n<meta property=\"og:title\" content=\"Datenschutzbestimmungen - Idrogru\" \/>\n<meta property=\"og:url\" content=\"https:\/\/www.idrogru.it\/de\/datenschutzbestimmungen\/\" \/>\n<meta property=\"og:site_name\" content=\"Idrogru\" \/>\n<meta property=\"article:publisher\" content=\"https:\/\/www.facebook.com\/Idrogru-Srl-1651955921694151\/\" \/>\n<meta property=\"article:modified_time\" content=\"2024-07-05T14:46:25+00:00\" \/>\n<meta name=\"twitter:card\" content=\"summary_large_image\" \/>\n<script type=\"application\/ld+json\" class=\"yoast-schema-graph\">{\"@context\":\"https:\\\/\\\/schema.org\",\"@graph\":[{\"@type\":\"WebPage\",\"@id\":\"https:\\\/\\\/www.idrogru.it\\\/de\\\/datenschutzbestimmungen\\\/\",\"url\":\"https:\\\/\\\/www.idrogru.it\\\/de\\\/datenschutzbestimmungen\\\/\",\"name\":\"Datenschutzbestimmungen - Idrogru\",\"isPartOf\":{\"@id\":\"https:\\\/\\\/www.idrogru.it\\\/de\\\/#website\"},\"datePublished\":\"2024-04-22T10:24:08+00:00\",\"dateModified\":\"2024-07-05T14:46:25+00:00\",\"breadcrumb\":{\"@id\":\"https:\\\/\\\/www.idrogru.it\\\/de\\\/datenschutzbestimmungen\\\/#breadcrumb\"},\"inLanguage\":\"de-DE\",\"potentialAction\":[{\"@type\":\"ReadAction\",\"target\":[\"https:\\\/\\\/www.idrogru.it\\\/de\\\/datenschutzbestimmungen\\\/\"]}]},{\"@type\":\"BreadcrumbList\",\"@id\":\"https:\\\/\\\/www.idrogru.it\\\/de\\\/datenschutzbestimmungen\\\/#breadcrumb\",\"itemListElement\":[{\"@type\":\"ListItem\",\"position\":1,\"name\":\"Home\",\"item\":\"https:\\\/\\\/www.idrogru.it\\\/de\\\/\"},{\"@type\":\"ListItem\",\"position\":2,\"name\":\"Datenschutzbestimmungen\"}]},{\"@type\":\"WebSite\",\"@id\":\"https:\\\/\\\/www.idrogru.it\\\/de\\\/#website\",\"url\":\"https:\\\/\\\/www.idrogru.it\\\/de\\\/\",\"name\":\"Idrogru\",\"description\":\"Il tuo partner di fiducia per le gru idrauliche su misura\",\"publisher\":{\"@id\":\"https:\\\/\\\/www.idrogru.it\\\/de\\\/#organization\"},\"potentialAction\":[{\"@type\":\"SearchAction\",\"target\":{\"@type\":\"EntryPoint\",\"urlTemplate\":\"https:\\\/\\\/www.idrogru.it\\\/de\\\/?s={search_term_string}\"},\"query-input\":{\"@type\":\"PropertyValueSpecification\",\"valueRequired\":true,\"valueName\":\"search_term_string\"}}],\"inLanguage\":\"de-DE\"},{\"@type\":\"Organization\",\"@id\":\"https:\\\/\\\/www.idrogru.it\\\/de\\\/#organization\",\"name\":\"Idrogru\",\"url\":\"https:\\\/\\\/www.idrogru.it\\\/de\\\/\",\"logo\":{\"@type\":\"ImageObject\",\"inLanguage\":\"de-DE\",\"@id\":\"https:\\\/\\\/www.idrogru.it\\\/de\\\/#\\\/schema\\\/logo\\\/image\\\/\",\"url\":\"https:\\\/\\\/www.idrogru.it\\\/wp-content\\\/uploads\\\/2025\\\/03\\\/Idrogru_logoR.png\",\"contentUrl\":\"https:\\\/\\\/www.idrogru.it\\\/wp-content\\\/uploads\\\/2025\\\/03\\\/Idrogru_logoR.png\",\"width\":4870,\"height\":864,\"caption\":\"Idrogru\"},\"image\":{\"@id\":\"https:\\\/\\\/www.idrogru.it\\\/de\\\/#\\\/schema\\\/logo\\\/image\\\/\"},\"sameAs\":[\"https:\\\/\\\/www.facebook.com\\\/Idrogru-Srl-1651955921694151\\\/\",\"https:\\\/\\\/www.youtube.com\\\/channel\\\/UCt0-wyhR6AXew6QL2XwWFLw\",\"https:\\\/\\\/www.linkedin.com\\\/company\\\/idrogru\",\"https:\\\/\\\/www.instagram.com\\\/idrogru\\\/\"]}]}<\/script>\n<!-- \/ Yoast SEO plugin. -->","yoast_head_json":{"title":"Datenschutzbestimmungen - Idrogru","robots":{"index":"index","follow":"follow","max-snippet":"max-snippet:-1","max-image-preview":"max-image-preview:large","max-video-preview":"max-video-preview:-1"},"canonical":"https:\/\/www.idrogru.it\/de\/datenschutzbestimmungen\/","og_locale":"de_DE","og_type":"article","og_title":"Datenschutzbestimmungen - Idrogru","og_url":"https:\/\/www.idrogru.it\/de\/datenschutzbestimmungen\/","og_site_name":"Idrogru","article_publisher":"https:\/\/www.facebook.com\/Idrogru-Srl-1651955921694151\/","article_modified_time":"2024-07-05T14:46:25+00:00","twitter_card":"summary_large_image","schema":{"@context":"https:\/\/schema.org","@graph":[{"@type":"WebPage","@id":"https:\/\/www.idrogru.it\/de\/datenschutzbestimmungen\/","url":"https:\/\/www.idrogru.it\/de\/datenschutzbestimmungen\/","name":"Datenschutzbestimmungen - Idrogru","isPartOf":{"@id":"https:\/\/www.idrogru.it\/de\/#website"},"datePublished":"2024-04-22T10:24:08+00:00","dateModified":"2024-07-05T14:46:25+00:00","breadcrumb":{"@id":"https:\/\/www.idrogru.it\/de\/datenschutzbestimmungen\/#breadcrumb"},"inLanguage":"de-DE","potentialAction":[{"@type":"ReadAction","target":["https:\/\/www.idrogru.it\/de\/datenschutzbestimmungen\/"]}]},{"@type":"BreadcrumbList","@id":"https:\/\/www.idrogru.it\/de\/datenschutzbestimmungen\/#breadcrumb","itemListElement":[{"@type":"ListItem","position":1,"name":"Home","item":"https:\/\/www.idrogru.it\/de\/"},{"@type":"ListItem","position":2,"name":"Datenschutzbestimmungen"}]},{"@type":"WebSite","@id":"https:\/\/www.idrogru.it\/de\/#website","url":"https:\/\/www.idrogru.it\/de\/","name":"Idrogru","description":"Il tuo partner di fiducia per le gru idrauliche su misura","publisher":{"@id":"https:\/\/www.idrogru.it\/de\/#organization"},"potentialAction":[{"@type":"SearchAction","target":{"@type":"EntryPoint","urlTemplate":"https:\/\/www.idrogru.it\/de\/?s={search_term_string}"},"query-input":{"@type":"PropertyValueSpecification","valueRequired":true,"valueName":"search_term_string"}}],"inLanguage":"de-DE"},{"@type":"Organization","@id":"https:\/\/www.idrogru.it\/de\/#organization","name":"Idrogru","url":"https:\/\/www.idrogru.it\/de\/","logo":{"@type":"ImageObject","inLanguage":"de-DE","@id":"https:\/\/www.idrogru.it\/de\/#\/schema\/logo\/image\/","url":"https:\/\/www.idrogru.it\/wp-content\/uploads\/2025\/03\/Idrogru_logoR.png","contentUrl":"https:\/\/www.idrogru.it\/wp-content\/uploads\/2025\/03\/Idrogru_logoR.png","width":4870,"height":864,"caption":"Idrogru"},"image":{"@id":"https:\/\/www.idrogru.it\/de\/#\/schema\/logo\/image\/"},"sameAs":["https:\/\/www.facebook.com\/Idrogru-Srl-1651955921694151\/","https:\/\/www.youtube.com\/channel\/UCt0-wyhR6AXew6QL2XwWFLw","https:\/\/www.linkedin.com\/company\/idrogru","https:\/\/www.instagram.com\/idrogru\/"]}]}},"_links":{"self":[{"href":"https:\/\/www.idrogru.it\/de\/wp-json\/wp\/v2\/pages\/6607","targetHints":{"allow":["GET"]}}],"collection":[{"href":"https:\/\/www.idrogru.it\/de\/wp-json\/wp\/v2\/pages"}],"about":[{"href":"https:\/\/www.idrogru.it\/de\/wp-json\/wp\/v2\/types\/page"}],"author":[{"embeddable":true,"href":"https:\/\/www.idrogru.it\/de\/wp-json\/wp\/v2\/users\/1"}],"replies":[{"embeddable":true,"href":"https:\/\/www.idrogru.it\/de\/wp-json\/wp\/v2\/comments?post=6607"}],"version-history":[{"count":1,"href":"https:\/\/www.idrogru.it\/de\/wp-json\/wp\/v2\/pages\/6607\/revisions"}],"predecessor-version":[{"id":6823,"href":"https:\/\/www.idrogru.it\/de\/wp-json\/wp\/v2\/pages\/6607\/revisions\/6823"}],"wp:attachment":[{"href":"https:\/\/www.idrogru.it\/de\/wp-json\/wp\/v2\/media?parent=6607"}],"curies":[{"name":"wp","href":"https:\/\/api.w.org\/{rel}","templated":true}]}}