{"id":6601,"date":"2024-04-22T12:24:08","date_gmt":"2024-04-22T10:24:08","guid":{"rendered":"https:\/\/www.idrogru.it\/hauptseite\/"},"modified":"2025-07-28T09:22:53","modified_gmt":"2025-07-28T07:22:53","slug":"hauptseite","status":"publish","type":"page","link":"https:\/\/www.idrogru.it\/de\/","title":{"rendered":"Hauptseite"},"content":{"rendered":"<div class=\"wpb-content-wrapper\"><p>[vc_row full_width=&#8221;stretch_row&#8221; content_placement=&#8221;middle&#8221; css=&#8221;.vc_custom_1714660984391{padding-top: 6em !important;padding-bottom: 6em !important;background-image: url(https:\/\/idrogru.it\/wp-content\/uploads\/2024\/04\/idrogru-crane-srl-piazzale-bandiere-640&#215;960-1.jpg?id=44) !important;}&#8221; el_class=&#8221;background-floating-portrait-right background-floating-grey&#8221;][vc_column css_animation=&#8221;fadeIn&#8221; width=&#8221;5\/6&#8243; offset=&#8221;vc_col-md-offset-0 vc_col-md-8 vc_col-xs-offset-1 vc_col-xs-10&#8243;]<div class=\"floating-block-wrapper\">\n\t\t\t<div class=\"flaoting-block text-start bg-white rounded shadow p-4 push-right\">\n\t\t\t\t<h2 class=\"deco-title text-start floating-block-title with-subtitle\"><span>Leistungsstarke, kompakte und effiziente Krane<mark>Hier sind die Gr\u00fcnde f\u00fcr die Wahl von Idrogru<\/mark><\/span><\/h2>\n\t\t\t\t<div class=\"floating-block-text mb-5\">Seit <strong>50 Jahren<\/strong> entwickeln und bauen wir leistungsstarke, kompakte und effiziente <strong>Gro\u00dftonnagekrane<\/strong>. Die meisten unserer Kr\u00e4ne sind auf 3-, 4- oder 5-Achs-LKWs montiert und <strong>k\u00f6nnen frei Strassenverkehr sein<\/strong>. Wir arbeiten mit den hochwertigsten Materialien und Stahlkonstruktionen und halten die h\u00f6chsten Sicherheitsstandards ein. Deshalb k\u00f6nnen wir eine <strong>au\u00dfergew\u00f6hnliche Leistung und Haltbarkeit<\/strong> garantieren.<\/div>\n\t\t\t\t<div class=\"button-wrapper text-start\"><a class=\"btn btn-default floating-block-button btn-lg\"  href=\"https:\/\/www.idrogru.it\/de\/kranwagen\/\"title=\"Entdecken Sie die Modelle\">Entdecken Sie die Modelle<\/a><\/div>\n\t\t\t<\/div>\n\t\t<\/div>[\/vc_column][vc_column width=&#8221;1\/3&#8243; offset=&#8221;vc_hidden-sm vc_hidden-xs&#8221;][\/vc_column][\/vc_row][vc_row full_width=&#8221;stretch_row&#8221; content_placement=&#8221;middle&#8221; css=&#8221;.vc_custom_1715937141488{padding-top: 4em !important;padding-bottom: 4em !important;background-color: #efefef !important;}&#8221;][vc_column width=&#8221;1\/2&#8243;][vc_single_image image=&#8221;10499&#8243; img_size=&#8221;full&#8221; alignment=&#8221;center&#8221; css_animation=&#8221;fadeIn&#8221; css=&#8221;&#8221;][\/vc_column][vc_column width=&#8221;1\/2&#8243;][vc_column_text css_animation=&#8221;fadeIn&#8221; css=&#8221;&#8221; el_class=&#8221;text-upper text-bigger&#8221;]<\/p>\n<h2><strong>50 Jahre<\/strong> Erfahrung in der Herstellung von Krane, die frei <strong>Strassenverkehr<\/strong> sind.<\/h2>\n<p>[\/vc_column_text][\/vc_column][\/vc_row][vc_row css=&#8221;.vc_custom_1714637678610{padding-top: 6em !important;}&#8221;][vc_column]<h3 class=\"deco-title centro\"><span>Unser<mark>Idrogru<\/mark><\/span><\/h3>[\/vc_column][\/vc_row][vc_row css=&#8221;.vc_custom_1714637683910{padding-bottom: 8em !important;}&#8221;][vc_column css_animation=&#8221;fadeInUp&#8221; width=&#8221;5\/6&#8243; offset=&#8221;vc_col-md-offset-0 vc_col-md-4 vc_col-xs-offset-1 vc_col-xs-10&#8243;]\n\t\t\t<div class=\"card-block-wrapper \">\n\t\t\t\t<div class=\"card min-height mb-3\">\n\t\t\t\t\t<figure class=\"card-img-top aspect-image\" style=\"background-image:url('https:\/\/www.idrogru.it\/wp-content\/uploads\/2024\/07\/light-resize.jpg'); aspect-ratio:4 \/ 3; \">\n\t\t\t\t\t\t\n\t\t\t\t\t<\/figure>\n\t\t\t\t\t<div class=\"card-body\">\n\t\t\t\t\t\t<h3 class=\"card-title\"><span class=\"card-title-eyelet\">Idrogru<\/span>Leicht LKW-Kran<\/h3>\n\t\t\t\t\t\t<p class=\"card-text\">Sie sind leicht und kompakt, passen \u00fcberall hin und kombinieren Kraft mit gro\u00dfer Wendigkeit.<\/p>\n\t\t\t\t\t\t<div class=\"card-button\"><a href=\"https:\/\/www.idrogru.it\/de\/typologie\/lkw-kran-leicht\/\" title=\"Leichte Modelle\" target=\"_blank\" class=\"btn btn-default\">Leichte Modelle<\/a><\/div>\n\t\t\t\t\t<\/div>\n\t\t\t\t<\/div>\n\t\t\t<\/div>[\/vc_column][vc_column css_animation=&#8221;fadeInUp&#8221; width=&#8221;5\/6&#8243; el_class=&#8221;delay200&#8243; offset=&#8221;vc_col-md-offset-0 vc_col-md-4 vc_col-xs-offset-1 vc_col-xs-10&#8243;]\n\t\t\t<div class=\"card-block-wrapper \">\n\t\t\t\t<div class=\"card min-height mb-3\">\n\t\t\t\t\t<figure class=\"card-img-top aspect-image\" style=\"background-image:url('https:\/\/www.idrogru.it\/wp-content\/uploads\/2024\/07\/medium-resize-1.jpg'); aspect-ratio:4 \/ 3; \">\n\t\t\t\t\t\t\n\t\t\t\t\t<\/figure>\n\t\t\t\t\t<div class=\"card-body\">\n\t\t\t\t\t\t<h3 class=\"card-title\"><span class=\"card-title-eyelet\">Idrogru<\/span>Mittlerer LKW-Kran<\/h3>\n\t\t\t\t\t\t<p class=\"card-text\">Die vielseitigste, die f\u00fcr schwere Arbeiten im Innen- und Au\u00dfenbereich geeignet ist.<\/p>\n\t\t\t\t\t\t<div class=\"card-button\"><a href=\"https:\/\/www.idrogru.it\/de\/typologie\/lkw-kran-medium\/\" title=\"Mittlere Modelle\" target=\"_blank\" class=\"btn btn-default\">Mittlere Modelle<\/a><\/div>\n\t\t\t\t\t<\/div>\n\t\t\t\t<\/div>\n\t\t\t<\/div>[\/vc_column][vc_column css_animation=&#8221;fadeInUp&#8221; width=&#8221;5\/6&#8243; el_class=&#8221;delay400&#8243; offset=&#8221;vc_col-md-offset-0 vc_col-md-4 vc_col-xs-offset-1 vc_col-xs-10&#8243;]\n\t\t\t<div class=\"card-block-wrapper \">\n\t\t\t\t<div class=\"card min-height mb-3\">\n\t\t\t\t\t<figure class=\"card-img-top aspect-image\" style=\"background-image:url('https:\/\/www.idrogru.it\/wp-content\/uploads\/2024\/07\/heavy-resize-3.jpg'); aspect-ratio:4 \/ 3; \">\n\t\t\t\t\t\t\n\t\t\t\t\t<\/figure>\n\t\t\t\t\t<div class=\"card-body\">\n\t\t\t\t\t\t<h3 class=\"card-title\"><span class=\"card-title-eyelet\">Idrogru<\/span>Schwerer LKW-Kran<\/h3>\n\t\t\t\t\t\t<p class=\"card-text\">Mit Ballastgewichten von 18 bis 36 Tonnen sind sie ideal f\u00fcr die extremsten Belastungen.<\/p>\n\t\t\t\t\t\t<div class=\"card-button\"><a href=\"https:\/\/www.idrogru.it\/de\/typologie\/kranwagen-schwer\/\" title=\"Schwere Modelle\" target=\"_blank\" class=\"btn btn-default\">Schwere Modelle<\/a><\/div>\n\t\t\t\t\t<\/div>\n\t\t\t\t<\/div>\n\t\t\t<\/div>[\/vc_column][\/vc_row][vc_row full_width=&#8221;stretch_row&#8221; css=&#8221;.vc_custom_1714636685835{padding-top: 6em !important;padding-bottom: 6em !important;background-color: #333333 !important;}&#8221;][vc_column]<h3 class=\"deco-title centro text-white\"><span>Unser<mark>Dienstleistungen<\/mark><\/span><\/h3>[vc_row_inner][vc_column_inner width=&#8221;5\/6&#8243; offset=&#8221;vc_col-md-offset-0 vc_col-md-4 vc_col-xs-offset-1 vc_col-xs-10&#8243;]\n\t\t\t<div class=\"card-block-wrapper card-text-small\">\n\t\t\t\t<div class=\"card min-height mb-3\">\n\t\t\t\t\t<figure class=\"card-img-top aspect-image\" style=\"background-image:url('https:\/\/www.idrogru.it\/wp-content\/uploads\/2024\/06\/CONSULENTE-TECNICO-scaled.jpg'); aspect-ratio:4 \/ 3; \">\n\t\t\t\t\t\t\n\t\t\t\t\t<\/figure>\n\t\t\t\t\t<div class=\"card-body\">\n\t\t\t\t\t\t<h3 class=\"card-title\"><span class=\"card-title-eyelet\">Dienstleistungen<\/span>Beratung Planung<\/h3>\n\t\t\t\t\t\t<p class=\"card-text\">Wir arbeiten mit modernsten Werkzeugen und stehen unseren Kunden mit Zuverl\u00e4ssigkeit, H\u00f6flichkeit und einem H\u00f6chstma\u00df an Professionalit\u00e4t zur Verf\u00fcgung.<\/p>\n\t\t\t\t\t\t<div class=\"card-button\"><a href=\"https:\/\/www.idrogru.it\/de\/dienstleistungen\/beratung-design\/\" title=\"Konstruktion\" target=\"_blank\" class=\"btn btn-default\">Konstruktion<\/a><\/div>\n\t\t\t\t\t<\/div>\n\t\t\t\t<\/div>\n\t\t\t<\/div>[\/vc_column_inner][vc_column_inner width=&#8221;5\/6&#8243; offset=&#8221;vc_col-md-offset-0 vc_col-md-4 vc_col-xs-offset-1 vc_col-xs-10&#8243;]\n\t\t\t<div class=\"card-block-wrapper \">\n\t\t\t\t<div class=\"card min-height mb-3\">\n\t\t\t\t\t<figure class=\"card-img-top aspect-image\" style=\"background-image:url('https:\/\/www.idrogru.it\/wp-content\/uploads\/2024\/07\/PROGETTAZIONE-SU-MISURA-scaled.jpeg'); aspect-ratio:4 \/ 3; \">\n\t\t\t\t\t\t\n\t\t\t\t\t<\/figure>\n\t\t\t\t\t<div class=\"card-body\">\n\t\t\t\t\t\t<h3 class=\"card-title\"><span class=\"card-title-eyelet\">Dienstleistungen<\/span>Ma\u00dfgeschneiderte zertifizierte Produktion<\/h3>\n\t\t\t\t\t\t<p class=\"card-text\">Seit 50 Jahren das Kerngesch\u00e4ft von Idrogru. Unsere Werkstatt ist auf Metall- und mechanische Stahlkontruktionen spezialisiert, f\u00fcr Ergebnisse mit gleichbleibend hervorragender Leistung.<\/p>\n\t\t\t\t\t\t<div class=\"card-button\"><a href=\"https:\/\/www.idrogru.it\/de\/dienstleistungen\/massgeschneiderte-und-zertifizierte-produktion\/\" title=\"Die Herstellung\" target=\"_blank\" class=\"btn btn-default\">Die Herstellung<\/a><\/div>\n\t\t\t\t\t<\/div>\n\t\t\t\t<\/div>\n\t\t\t<\/div>[\/vc_column_inner][vc_column_inner width=&#8221;5\/6&#8243; offset=&#8221;vc_col-md-offset-0 vc_col-md-4 vc_col-xs-offset-1 vc_col-xs-10&#8243;]\n\t\t\t<div class=\"card-block-wrapper \">\n\t\t\t\t<div class=\"card min-height mb-3\">\n\t\t\t\t\t<figure class=\"card-img-top aspect-image\" style=\"background-image:url('https:\/\/www.idrogru.it\/wp-content\/uploads\/2024\/06\/ASSISTENZA-POST-VENDITA-scaled.jpg'); aspect-ratio:4 \/ 3; \">\n\t\t\t\t\t\t\n\t\t\t\t\t<\/figure>\n\t\t\t\t\t<div class=\"card-body\">\n\t\t\t\t\t\t<h3 class=\"card-title\"><span class=\"card-title-eyelet\">Lkw-Kran<\/span>Wartung &amp; Service<\/h3>\n\t\t\t\t\t\t<p class=\"card-text\">Ein Kundendienst, der direkt von unserem Team geleistet wird. Damit Ihr Idrogru immer obenauf ist.<\/p>\n\t\t\t\t\t\t<div class=\"card-button\"><a href=\"https:\/\/www.idrogru.it\/de\/dienstleistungen\/wartung-und-direkter-kundendienst\/\" title=\"Wartung\" target=\"_blank\" class=\"btn btn-default\">Wartung<\/a><\/div>\n\t\t\t\t\t<\/div>\n\t\t\t\t<\/div>\n\t\t\t<\/div>[\/vc_column_inner][\/vc_row_inner][\/vc_column][\/vc_row][vc_row full_width=&#8221;stretch_row&#8221; parallax=&#8221;content-moving&#8221; parallax_image=&#8221;159&#8243; css=&#8221;.vc_custom_1714721034969{padding-top: 8em !important;padding-bottom: 8em !important;}&#8221;][vc_column width=&#8221;1\/2&#8243;][\/vc_column][vc_column css_animation=&#8221;flipInX&#8221; width=&#8221;5\/6&#8243; el_class=&#8221;bg-white rounded shadow p-4&#8243; offset=&#8221;vc_col-md-offset-0 vc_col-md-6 vc_col-xs-offset-1 vc_col-xs-10&#8243;]<h2 class=\"deco-title sinistra\"><span>Laden Sie die<mark>Katalog<\/mark><\/span><\/h2>[vc_column_text css=&#8221;&#8221;]Laden Sie den <strong>aktualisierten Katalog<\/strong> mit allen Idrogru und Zubeh\u00f6r herunter. Sind Sie sich nicht sicher, welches Produkt das richtige f\u00fcr Sie ist? <strong>Kontaktieren Sie uns<\/strong> und unsere Techniker werden Sie bestens beraten![\/vc_column_text]<div class=\"button-wrapper inline\">\n\t\t\t\t\t<button type=\"button\" data-target=\"#cta-modal-69f238d30b05e\" data-unique=\"69f238d30b05e\" data-size=\"\" data-label=\"Kontaktieren Sie uns\" data-form=\"6906\" class=\"btn btn-default ajax-modal inverted\" title=\"Kontaktieren Sie uns\">Kontaktieren Sie uns<\/button>\n\t\t\t\t<\/div>[\/vc_column][\/vc_row][vc_row content_placement=&#8221;middle&#8221; css=&#8221;.vc_custom_1715938339876{padding-top: 6em !important;padding-bottom: 6em !important;}&#8221;][vc_column width=&#8221;1\/2&#8243;][vc_video link=\"https:\/\/www.youtube.com\/watch?v=mdQqS9oBMZI\" align=\"center\" css=\"\"][\/vc_column][vc_column width=&#8221;1\/2&#8243;]<h3 class=\"deco-title sinistra with-subtitle\"><span class=\"deco-eylet\">Youtube<\/span><span>Wir kommen zum Einsatz<mark>Verfolgen Sie Idrogru auf dem Feld!<\/mark><\/span><\/h3>[vc_column_text css=&#8221;&#8221;]<strong>Kommen Sie zum Zug<\/strong> mit den Fahrzeugen von <strong>Idrogru<\/strong> und sehen Sie zu, wie unsere Maschinen in Aktion unm\u00f6gliche Leistungen vollbringen treten![\/vc_column_text]<div class=\"button-wrapper sinistra\"><a class=\"btn btn-default\"  href=\"https:\/\/www.youtube.com\/@idrogru9111\" target=\"_blank\" title=\"Entdecken Sie den Kanal\">Entdecken Sie den Kanal <i class=\"fab fa-youtube\"><\/i><\/a><\/div>[\/vc_column][\/vc_row]<\/p>\n<\/div>","protected":false},"excerpt":{"rendered":"<p>[vc_row full_width=&#8221;stretch_row&#8221; content_placement=&#8221;middle&#8221; css=&#8221;.vc_custom_1714660984391{padding-top: 6em !important;padding-bottom: 6em !important;background-image: url(https:\/\/idrogru.it\/wp-content\/uploads\/2024\/04\/idrogru-crane-srl-piazzale-bandiere-640&#215;960-1.jpg?id=44) !important;}&#8221; el_class=&#8221;background-floating-portrait-right background-floating-grey&#8221;][vc_column css_animation=&#8221;fadeIn&#8221; width=&#8221;5\/6&#8243; offset=&#8221;vc_col-md-offset-0 vc_col-md-8 vc_col-xs-offset-1 vc_col-xs-10&#8243;][\/vc_column][vc_column width=&#8221;1\/3&#8243; offset=&#8221;vc_hidden-sm vc_hidden-xs&#8221;][\/vc_column][\/vc_row][vc_row full_width=&#8221;stretch_row&#8221; content_placement=&#8221;middle&#8221; css=&#8221;.vc_custom_1715937141488{padding-top: 4em !important;padding-bottom: 4em !important;background-color: #efefef !important;}&#8221;][vc_column width=&#8221;1\/2&#8243;][vc_single_image image=&#8221;10499&#8243; img_size=&#8221;full&#8221; alignment=&#8221;center&#8221; css_animation=&#8221;fadeIn&#8221; css=&#8221;&#8221;][\/vc_column][vc_column width=&#8221;1\/2&#8243;][vc_column_text css_animation=&#8221;fadeIn&#8221; css=&#8221;&#8221; el_class=&#8221;text-upper text-bigger&#8221;] 50 Jahre Erfahrung in der Herstellung von Krane, die frei Strassenverkehr sind. [\/vc_column_text][\/vc_column][\/vc_row][vc_row css=&#8221;.vc_custom_1714637678610{padding-top: [&hellip;]<\/p>\n","protected":false},"author":1,"featured_media":0,"parent":0,"menu_order":0,"comment_status":"closed","ping_status":"closed","template":"","meta":{"_acf_changed":false,"rs_blank_template":"","rs_page_bg_color":"","slide_template_v7":"","footnotes":""},"class_list":["post-6601","page","type-page","status-publish","hentry"],"acf":[],"yoast_head":"<!-- This site is optimized with the Yoast SEO plugin v27.5 - https:\/\/yoast.com\/product\/yoast-seo-wordpress\/ -->\n<title>Hauptseite - Idrogru<\/title>\n<meta name=\"robots\" content=\"index, follow, max-snippet:-1, max-image-preview:large, max-video-preview:-1\" \/>\n<link rel=\"canonical\" href=\"https:\/\/www.idrogru.it\/de\/\" \/>\n<meta property=\"og:locale\" content=\"de_DE\" \/>\n<meta property=\"og:type\" content=\"article\" \/>\n<meta property=\"og:title\" content=\"Hauptseite - Idrogru\" \/>\n<meta property=\"og:description\" content=\"[vc_row full_width=&#8221;stretch_row&#8221; content_placement=&#8221;middle&#8221; css=&#8221;.vc_custom_1714660984391{padding-top: 6em !important;padding-bottom: 6em !important;background-image: url(https:\/\/idrogru.it\/wp-content\/uploads\/2024\/04\/idrogru-crane-srl-piazzale-bandiere-640&#215;960-1.jpg?id=44) !important;}&#8221; el_class=&#8221;background-floating-portrait-right background-floating-grey&#8221;][vc_column css_animation=&#8221;fadeIn&#8221; width=&#8221;5\/6&#8243; offset=&#8221;vc_col-md-offset-0 vc_col-md-8 vc_col-xs-offset-1 vc_col-xs-10&#8243;][\/vc_column][vc_column width=&#8221;1\/3&#8243; offset=&#8221;vc_hidden-sm vc_hidden-xs&#8221;][\/vc_column][\/vc_row][vc_row full_width=&#8221;stretch_row&#8221; content_placement=&#8221;middle&#8221; css=&#8221;.vc_custom_1715937141488{padding-top: 4em !important;padding-bottom: 4em !important;background-color: #efefef !important;}&#8221;][vc_column width=&#8221;1\/2&#8243;][vc_single_image image=&#8221;10499&#8243; img_size=&#8221;full&#8221; alignment=&#8221;center&#8221; css_animation=&#8221;fadeIn&#8221; css=&#8221;&#8221;][\/vc_column][vc_column width=&#8221;1\/2&#8243;][vc_column_text css_animation=&#8221;fadeIn&#8221; css=&#8221;&#8221; el_class=&#8221;text-upper text-bigger&#8221;] 50 Jahre Erfahrung in der Herstellung von Krane, die frei Strassenverkehr sind. [\/vc_column_text][\/vc_column][\/vc_row][vc_row css=&#8221;.vc_custom_1714637678610{padding-top: [&hellip;]\" \/>\n<meta property=\"og:url\" content=\"https:\/\/www.idrogru.it\/de\/\" \/>\n<meta property=\"og:site_name\" content=\"Idrogru\" \/>\n<meta property=\"article:publisher\" content=\"https:\/\/www.facebook.com\/Idrogru-Srl-1651955921694151\/\" \/>\n<meta property=\"article:modified_time\" content=\"2025-07-28T07:22:53+00:00\" \/>\n<meta name=\"twitter:card\" content=\"summary_large_image\" \/>\n<meta name=\"twitter:label1\" content=\"Est. reading time\" \/>\n\t<meta name=\"twitter:data1\" content=\"3 minutes\" \/>\n<script type=\"application\/ld+json\" class=\"yoast-schema-graph\">{\"@context\":\"https:\\\/\\\/schema.org\",\"@graph\":[{\"@type\":\"WebPage\",\"@id\":\"https:\\\/\\\/www.idrogru.it\\\/de\\\/\",\"url\":\"https:\\\/\\\/www.idrogru.it\\\/de\\\/\",\"name\":\"Hauptseite - Idrogru\",\"isPartOf\":{\"@id\":\"https:\\\/\\\/www.idrogru.it\\\/de\\\/#website\"},\"datePublished\":\"2024-04-22T10:24:08+00:00\",\"dateModified\":\"2025-07-28T07:22:53+00:00\",\"breadcrumb\":{\"@id\":\"https:\\\/\\\/www.idrogru.it\\\/de\\\/#breadcrumb\"},\"inLanguage\":\"de-DE\",\"potentialAction\":[{\"@type\":\"ReadAction\",\"target\":[\"https:\\\/\\\/www.idrogru.it\\\/de\\\/\"]}]},{\"@type\":\"BreadcrumbList\",\"@id\":\"https:\\\/\\\/www.idrogru.it\\\/de\\\/#breadcrumb\",\"itemListElement\":[{\"@type\":\"ListItem\",\"position\":1,\"name\":\"Home\",\"item\":\"https:\\\/\\\/www.idrogru.it\\\/de\\\/\"},{\"@type\":\"ListItem\",\"position\":2,\"name\":\"Hauptseite\"}]},{\"@type\":\"WebSite\",\"@id\":\"https:\\\/\\\/www.idrogru.it\\\/de\\\/#website\",\"url\":\"https:\\\/\\\/www.idrogru.it\\\/de\\\/\",\"name\":\"Idrogru\",\"description\":\"Il tuo partner di fiducia per le gru idrauliche su misura\",\"publisher\":{\"@id\":\"https:\\\/\\\/www.idrogru.it\\\/de\\\/#organization\"},\"potentialAction\":[{\"@type\":\"SearchAction\",\"target\":{\"@type\":\"EntryPoint\",\"urlTemplate\":\"https:\\\/\\\/www.idrogru.it\\\/de\\\/?s={search_term_string}\"},\"query-input\":{\"@type\":\"PropertyValueSpecification\",\"valueRequired\":true,\"valueName\":\"search_term_string\"}}],\"inLanguage\":\"de-DE\"},{\"@type\":\"Organization\",\"@id\":\"https:\\\/\\\/www.idrogru.it\\\/de\\\/#organization\",\"name\":\"Idrogru\",\"url\":\"https:\\\/\\\/www.idrogru.it\\\/de\\\/\",\"logo\":{\"@type\":\"ImageObject\",\"inLanguage\":\"de-DE\",\"@id\":\"https:\\\/\\\/www.idrogru.it\\\/de\\\/#\\\/schema\\\/logo\\\/image\\\/\",\"url\":\"https:\\\/\\\/www.idrogru.it\\\/wp-content\\\/uploads\\\/2025\\\/03\\\/Idrogru_logoR.png\",\"contentUrl\":\"https:\\\/\\\/www.idrogru.it\\\/wp-content\\\/uploads\\\/2025\\\/03\\\/Idrogru_logoR.png\",\"width\":4870,\"height\":864,\"caption\":\"Idrogru\"},\"image\":{\"@id\":\"https:\\\/\\\/www.idrogru.it\\\/de\\\/#\\\/schema\\\/logo\\\/image\\\/\"},\"sameAs\":[\"https:\\\/\\\/www.facebook.com\\\/Idrogru-Srl-1651955921694151\\\/\",\"https:\\\/\\\/www.youtube.com\\\/channel\\\/UCt0-wyhR6AXew6QL2XwWFLw\",\"https:\\\/\\\/www.linkedin.com\\\/company\\\/idrogru\",\"https:\\\/\\\/www.instagram.com\\\/idrogru\\\/\"]}]}<\/script>\n<!-- \/ Yoast SEO plugin. -->","yoast_head_json":{"title":"Hauptseite - Idrogru","robots":{"index":"index","follow":"follow","max-snippet":"max-snippet:-1","max-image-preview":"max-image-preview:large","max-video-preview":"max-video-preview:-1"},"canonical":"https:\/\/www.idrogru.it\/de\/","og_locale":"de_DE","og_type":"article","og_title":"Hauptseite - Idrogru","og_description":"[vc_row full_width=&#8221;stretch_row&#8221; content_placement=&#8221;middle&#8221; css=&#8221;.vc_custom_1714660984391{padding-top: 6em !important;padding-bottom: 6em !important;background-image: url(https:\/\/idrogru.it\/wp-content\/uploads\/2024\/04\/idrogru-crane-srl-piazzale-bandiere-640&#215;960-1.jpg?id=44) !important;}&#8221; el_class=&#8221;background-floating-portrait-right background-floating-grey&#8221;][vc_column css_animation=&#8221;fadeIn&#8221; width=&#8221;5\/6&#8243; offset=&#8221;vc_col-md-offset-0 vc_col-md-8 vc_col-xs-offset-1 vc_col-xs-10&#8243;][\/vc_column][vc_column width=&#8221;1\/3&#8243; offset=&#8221;vc_hidden-sm vc_hidden-xs&#8221;][\/vc_column][\/vc_row][vc_row full_width=&#8221;stretch_row&#8221; content_placement=&#8221;middle&#8221; css=&#8221;.vc_custom_1715937141488{padding-top: 4em !important;padding-bottom: 4em !important;background-color: #efefef !important;}&#8221;][vc_column width=&#8221;1\/2&#8243;][vc_single_image image=&#8221;10499&#8243; img_size=&#8221;full&#8221; alignment=&#8221;center&#8221; css_animation=&#8221;fadeIn&#8221; css=&#8221;&#8221;][\/vc_column][vc_column width=&#8221;1\/2&#8243;][vc_column_text css_animation=&#8221;fadeIn&#8221; css=&#8221;&#8221; el_class=&#8221;text-upper text-bigger&#8221;] 50 Jahre Erfahrung in der Herstellung von Krane, die frei Strassenverkehr sind. [\/vc_column_text][\/vc_column][\/vc_row][vc_row css=&#8221;.vc_custom_1714637678610{padding-top: [&hellip;]","og_url":"https:\/\/www.idrogru.it\/de\/","og_site_name":"Idrogru","article_publisher":"https:\/\/www.facebook.com\/Idrogru-Srl-1651955921694151\/","article_modified_time":"2025-07-28T07:22:53+00:00","twitter_card":"summary_large_image","twitter_misc":{"Est. reading time":"3 minutes"},"schema":{"@context":"https:\/\/schema.org","@graph":[{"@type":"WebPage","@id":"https:\/\/www.idrogru.it\/de\/","url":"https:\/\/www.idrogru.it\/de\/","name":"Hauptseite - Idrogru","isPartOf":{"@id":"https:\/\/www.idrogru.it\/de\/#website"},"datePublished":"2024-04-22T10:24:08+00:00","dateModified":"2025-07-28T07:22:53+00:00","breadcrumb":{"@id":"https:\/\/www.idrogru.it\/de\/#breadcrumb"},"inLanguage":"de-DE","potentialAction":[{"@type":"ReadAction","target":["https:\/\/www.idrogru.it\/de\/"]}]},{"@type":"BreadcrumbList","@id":"https:\/\/www.idrogru.it\/de\/#breadcrumb","itemListElement":[{"@type":"ListItem","position":1,"name":"Home","item":"https:\/\/www.idrogru.it\/de\/"},{"@type":"ListItem","position":2,"name":"Hauptseite"}]},{"@type":"WebSite","@id":"https:\/\/www.idrogru.it\/de\/#website","url":"https:\/\/www.idrogru.it\/de\/","name":"Idrogru","description":"Il tuo partner di fiducia per le gru idrauliche su misura","publisher":{"@id":"https:\/\/www.idrogru.it\/de\/#organization"},"potentialAction":[{"@type":"SearchAction","target":{"@type":"EntryPoint","urlTemplate":"https:\/\/www.idrogru.it\/de\/?s={search_term_string}"},"query-input":{"@type":"PropertyValueSpecification","valueRequired":true,"valueName":"search_term_string"}}],"inLanguage":"de-DE"},{"@type":"Organization","@id":"https:\/\/www.idrogru.it\/de\/#organization","name":"Idrogru","url":"https:\/\/www.idrogru.it\/de\/","logo":{"@type":"ImageObject","inLanguage":"de-DE","@id":"https:\/\/www.idrogru.it\/de\/#\/schema\/logo\/image\/","url":"https:\/\/www.idrogru.it\/wp-content\/uploads\/2025\/03\/Idrogru_logoR.png","contentUrl":"https:\/\/www.idrogru.it\/wp-content\/uploads\/2025\/03\/Idrogru_logoR.png","width":4870,"height":864,"caption":"Idrogru"},"image":{"@id":"https:\/\/www.idrogru.it\/de\/#\/schema\/logo\/image\/"},"sameAs":["https:\/\/www.facebook.com\/Idrogru-Srl-1651955921694151\/","https:\/\/www.youtube.com\/channel\/UCt0-wyhR6AXew6QL2XwWFLw","https:\/\/www.linkedin.com\/company\/idrogru","https:\/\/www.instagram.com\/idrogru\/"]}]}},"_links":{"self":[{"href":"https:\/\/www.idrogru.it\/de\/wp-json\/wp\/v2\/pages\/6601","targetHints":{"allow":["GET"]}}],"collection":[{"href":"https:\/\/www.idrogru.it\/de\/wp-json\/wp\/v2\/pages"}],"about":[{"href":"https:\/\/www.idrogru.it\/de\/wp-json\/wp\/v2\/types\/page"}],"author":[{"embeddable":true,"href":"https:\/\/www.idrogru.it\/de\/wp-json\/wp\/v2\/users\/1"}],"replies":[{"embeddable":true,"href":"https:\/\/www.idrogru.it\/de\/wp-json\/wp\/v2\/comments?post=6601"}],"version-history":[{"count":27,"href":"https:\/\/www.idrogru.it\/de\/wp-json\/wp\/v2\/pages\/6601\/revisions"}],"predecessor-version":[{"id":12348,"href":"https:\/\/www.idrogru.it\/de\/wp-json\/wp\/v2\/pages\/6601\/revisions\/12348"}],"wp:attachment":[{"href":"https:\/\/www.idrogru.it\/de\/wp-json\/wp\/v2\/media?parent=6601"}],"curies":[{"name":"wp","href":"https:\/\/api.w.org\/{rel}","templated":true}]}}