{"id":6583,"date":"2024-04-29T18:11:56","date_gmt":"2024-04-29T16:11:56","guid":{"rendered":"https:\/\/www.idrogru.it\/kranwagen\/"},"modified":"2024-08-20T17:08:10","modified_gmt":"2024-08-20T15:08:10","slug":"kranwagen","status":"publish","type":"page","link":"https:\/\/www.idrogru.it\/de\/kranwagen\/","title":{"rendered":"Lkw-Kran"},"content":{"rendered":"<div class=\"wpb-content-wrapper\"><p>[vc_row full_width=&#8221;stretch_row&#8221; content_placement=&#8221;middle&#8221; parallax=&#8221;content-moving&#8221; parallax_image=&#8221;159&#8243; css=&#8221;.vc_custom_1715093964269{padding-top: 6em !important;padding-bottom: 6em !important;background-color: #333333 !important;}&#8221;][vc_column width=&#8221;1\/2&#8243;][\/vc_column][vc_column width=&#8221;1\/2&#8243;]<div class=\"floating-block-wrapper\">\n\t\t\t<div class=\"flaoting-block text-start bg-white rounded shadow p-4\">\n\t\t\t\t<h2 class=\"deco-title text-start floating-block-title with-subtitle\"><span class=\"deco-eylet\">Lkw-Kran<\/span><span>Kraft, Kontrolle und Leistung<mark>f\u00fcr jeden Aufzug<\/mark><\/span><\/h2>\n\t\t\t\t<div class=\"floating-block-text mb-5\">Wir sind der Ma\u00dfstab f\u00fcr die Entwicklung, den Bau und den Verkauf von <strong>Lkw-Krane<\/strong> mit gro\u00dfer Tonnage und <strong>au\u00dfergew\u00f6hnlicher Leistung<\/strong>. Alle unsere Modelle sind auf 3-, 4- oder 5-Achs-LKWs montiert, die meisten von ihnen sind <strong>frei Strassenverkehr.<\/strong> Wir k\u00fcmmern uns um unsere Kr\u00e4ne bis ins kleinste Detail, um jederzeit<strong> maximale Leistung und Sicherheit<\/strong> zu gew\u00e4hrleisten.<\/div>\n\t\t\t\t<div class=\"button-wrapper text-start\"><a class=\"btn btn-default floating-block-button btn-lg\"  href=\"https:\/\/idrogru.it\/autogru\/#tipologie\"title=\"Finden Sie mehr heraus\">Finden Sie mehr heraus<\/a><\/div>\n\t\t\t<\/div>\n\t\t<\/div>[\/vc_column][\/vc_row][vc_row css=&#8221;.vc_custom_1715615595020{padding-bottom: 8em !important;}&#8221; el_id=&#8221;Typologien&#8221;][vc_column css_animation=&#8221;fadeInUp&#8221; width=&#8221;5\/6&#8243; offset=&#8221;vc_col-md-offset-0 vc_col-md-4 vc_col-xs-offset-1 vc_col-xs-10&#8243;]\n\t\t\t<div class=\"card-block-wrapper \">\n\t\t\t\t<div class=\"card min-height mb-3\">\n\t\t\t\t\t<figure class=\"card-img-top aspect-image\" style=\"background-image:url('https:\/\/www.idrogru.it\/wp-content\/uploads\/2024\/07\/light-resize.jpg'); aspect-ratio:4 \/ 3; \">\n\t\t\t\t\t\t\n\t\t\t\t\t<\/figure>\n\t\t\t\t\t<div class=\"card-body\">\n\t\t\t\t\t\t<h3 class=\"card-title\"><span class=\"card-title-eyelet\">Idrogru<\/span>Leicht LKW-Kran<\/h3>\n\t\t\t\t\t\t<p class=\"card-text\">Sie sind leicht und kompakt, passen \u00fcberall hin und kombinieren Kraft mit gro\u00dfer Wendigkeit.<\/p>\n\t\t\t\t\t\t<div class=\"card-button\"><a href=\"https:\/\/www.idrogru.it\/de\/typologie\/lkw-kran-leicht\/\" title=\"Leichte Modelle\" target=\"_blank\" class=\"btn btn-default\">Leichte Modelle<\/a><\/div>\n\t\t\t\t\t<\/div>\n\t\t\t\t<\/div>\n\t\t\t<\/div>[\/vc_column][vc_column css_animation=&#8221;fadeInUp&#8221; width=&#8221;5\/6&#8243; el_class=&#8221;delay200&#8243; offset=&#8221;vc_col-md-offset-0 vc_col-md-4 vc_col-xs-offset-1 vc_col-xs-10&#8243;]\n\t\t\t<div class=\"card-block-wrapper \">\n\t\t\t\t<div class=\"card min-height mb-3\">\n\t\t\t\t\t<figure class=\"card-img-top aspect-image\" style=\"background-image:url('https:\/\/www.idrogru.it\/wp-content\/uploads\/2024\/07\/medium-resize-1.jpg'); aspect-ratio:4 \/ 3; \">\n\t\t\t\t\t\t\n\t\t\t\t\t<\/figure>\n\t\t\t\t\t<div class=\"card-body\">\n\t\t\t\t\t\t<h3 class=\"card-title\"><span class=\"card-title-eyelet\">Idrogru<\/span>Mittlerer LKW-Kran<\/h3>\n\t\t\t\t\t\t<p class=\"card-text\">Die vielseitigste, die f\u00fcr schwere Arbeiten im Innen- und Au\u00dfenbereich geeignet ist.<\/p>\n\t\t\t\t\t\t<div class=\"card-button\"><a href=\"https:\/\/www.idrogru.it\/de\/typologie\/lkw-kran-medium\/\" title=\"Mittlere Modelle\" target=\"_blank\" class=\"btn btn-default\">Mittlere Modelle<\/a><\/div>\n\t\t\t\t\t<\/div>\n\t\t\t\t<\/div>\n\t\t\t<\/div>[\/vc_column][vc_column css_animation=&#8221;fadeInUp&#8221; width=&#8221;5\/6&#8243; el_class=&#8221;delay400&#8243; offset=&#8221;vc_col-md-offset-0 vc_col-md-4 vc_col-xs-offset-1 vc_col-xs-10&#8243;]\n\t\t\t<div class=\"card-block-wrapper \">\n\t\t\t\t<div class=\"card min-height mb-3\">\n\t\t\t\t\t<figure class=\"card-img-top aspect-image\" style=\"background-image:url('https:\/\/www.idrogru.it\/wp-content\/uploads\/2024\/07\/heavy-resize-3.jpg'); aspect-ratio:4 \/ 3; \">\n\t\t\t\t\t\t\n\t\t\t\t\t<\/figure>\n\t\t\t\t\t<div class=\"card-body\">\n\t\t\t\t\t\t<h3 class=\"card-title\"><span class=\"card-title-eyelet\">Idrogru<\/span>Schwerer LKW-Kran<\/h3>\n\t\t\t\t\t\t<p class=\"card-text\">Mit Ballastgewichten von 18 bis 36 Tonnen sind sie ideal f\u00fcr die extremsten Belastungen.<\/p>\n\t\t\t\t\t\t<div class=\"card-button\"><a href=\"https:\/\/www.idrogru.it\/de\/typologie\/kranwagen-schwer\/\" title=\"Schwere Modelle\" target=\"_blank\" class=\"btn btn-default\">Schwere Modelle<\/a><\/div>\n\t\t\t\t\t<\/div>\n\t\t\t\t<\/div>\n\t\t\t<\/div>[\/vc_column][\/vc_row]<\/p>\n<\/div>","protected":false},"excerpt":{"rendered":"<p>[vc_row full_width=&#8221;stretch_row&#8221; content_placement=&#8221;middle&#8221; parallax=&#8221;content-moving&#8221; parallax_image=&#8221;159&#8243; css=&#8221;.vc_custom_1715093964269{padding-top: 6em !important;padding-bottom: 6em !important;background-color: #333333 !important;}&#8221;][vc_column width=&#8221;1\/2&#8243;][\/vc_column][vc_column width=&#8221;1\/2&#8243;][\/vc_column][\/vc_row][vc_row css=&#8221;.vc_custom_1715615595020{padding-bottom: 8em !important;}&#8221; el_id=&#8221;Typologien&#8221;][vc_column css_animation=&#8221;fadeInUp&#8221; width=&#8221;5\/6&#8243; offset=&#8221;vc_col-md-offset-0 vc_col-md-4 vc_col-xs-offset-1 vc_col-xs-10&#8243;][\/vc_column][vc_column css_animation=&#8221;fadeInUp&#8221; width=&#8221;5\/6&#8243; el_class=&#8221;delay200&#8243; offset=&#8221;vc_col-md-offset-0 vc_col-md-4 vc_col-xs-offset-1 vc_col-xs-10&#8243;][\/vc_column][vc_column css_animation=&#8221;fadeInUp&#8221; width=&#8221;5\/6&#8243; el_class=&#8221;delay400&#8243; offset=&#8221;vc_col-md-offset-0 vc_col-md-4 vc_col-xs-offset-1 vc_col-xs-10&#8243;][\/vc_column][\/vc_row]<\/p>\n","protected":false},"author":1,"featured_media":0,"parent":0,"menu_order":0,"comment_status":"closed","ping_status":"closed","template":"","meta":{"_acf_changed":false,"rs_blank_template":"","rs_page_bg_color":"","slide_template_v7":"","footnotes":""},"class_list":["post-6583","page","type-page","status-publish","hentry"],"acf":[],"yoast_head":"<!-- This site is optimized with the Yoast SEO plugin v27.5 - https:\/\/yoast.com\/product\/yoast-seo-wordpress\/ -->\n<title>Lkw-Kran - Idrogru<\/title>\n<meta name=\"robots\" content=\"index, follow, max-snippet:-1, max-image-preview:large, max-video-preview:-1\" \/>\n<link rel=\"canonical\" href=\"https:\/\/www.idrogru.it\/de\/kranwagen\/\" \/>\n<meta property=\"og:locale\" content=\"de_DE\" \/>\n<meta property=\"og:type\" content=\"article\" \/>\n<meta property=\"og:title\" content=\"Lkw-Kran - Idrogru\" \/>\n<meta property=\"og:description\" content=\"[vc_row full_width=&#8221;stretch_row&#8221; content_placement=&#8221;middle&#8221; parallax=&#8221;content-moving&#8221; parallax_image=&#8221;159&#8243; css=&#8221;.vc_custom_1715093964269{padding-top: 6em !important;padding-bottom: 6em !important;background-color: #333333 !important;}&#8221;][vc_column width=&#8221;1\/2&#8243;][\/vc_column][vc_column width=&#8221;1\/2&#8243;][\/vc_column][\/vc_row][vc_row css=&#8221;.vc_custom_1715615595020{padding-bottom: 8em !important;}&#8221; el_id=&#8221;Typologien&#8221;][vc_column css_animation=&#8221;fadeInUp&#8221; width=&#8221;5\/6&#8243; offset=&#8221;vc_col-md-offset-0 vc_col-md-4 vc_col-xs-offset-1 vc_col-xs-10&#8243;][\/vc_column][vc_column css_animation=&#8221;fadeInUp&#8221; width=&#8221;5\/6&#8243; el_class=&#8221;delay200&#8243; offset=&#8221;vc_col-md-offset-0 vc_col-md-4 vc_col-xs-offset-1 vc_col-xs-10&#8243;][\/vc_column][vc_column css_animation=&#8221;fadeInUp&#8221; width=&#8221;5\/6&#8243; el_class=&#8221;delay400&#8243; offset=&#8221;vc_col-md-offset-0 vc_col-md-4 vc_col-xs-offset-1 vc_col-xs-10&#8243;][\/vc_column][\/vc_row]\" \/>\n<meta property=\"og:url\" content=\"https:\/\/www.idrogru.it\/de\/kranwagen\/\" \/>\n<meta property=\"og:site_name\" content=\"Idrogru\" \/>\n<meta property=\"article:publisher\" content=\"https:\/\/www.facebook.com\/Idrogru-Srl-1651955921694151\/\" \/>\n<meta property=\"article:modified_time\" content=\"2024-08-20T15:08:10+00:00\" \/>\n<meta name=\"twitter:card\" content=\"summary_large_image\" \/>\n<meta name=\"twitter:label1\" content=\"Est. reading time\" \/>\n\t<meta name=\"twitter:data1\" content=\"2 minutes\" \/>\n<script type=\"application\/ld+json\" class=\"yoast-schema-graph\">{\"@context\":\"https:\\\/\\\/schema.org\",\"@graph\":[{\"@type\":\"WebPage\",\"@id\":\"https:\\\/\\\/www.idrogru.it\\\/de\\\/kranwagen\\\/\",\"url\":\"https:\\\/\\\/www.idrogru.it\\\/de\\\/kranwagen\\\/\",\"name\":\"Lkw-Kran - Idrogru\",\"isPartOf\":{\"@id\":\"https:\\\/\\\/www.idrogru.it\\\/de\\\/#website\"},\"datePublished\":\"2024-04-29T16:11:56+00:00\",\"dateModified\":\"2024-08-20T15:08:10+00:00\",\"breadcrumb\":{\"@id\":\"https:\\\/\\\/www.idrogru.it\\\/de\\\/kranwagen\\\/#breadcrumb\"},\"inLanguage\":\"de-DE\",\"potentialAction\":[{\"@type\":\"ReadAction\",\"target\":[\"https:\\\/\\\/www.idrogru.it\\\/de\\\/kranwagen\\\/\"]}]},{\"@type\":\"BreadcrumbList\",\"@id\":\"https:\\\/\\\/www.idrogru.it\\\/de\\\/kranwagen\\\/#breadcrumb\",\"itemListElement\":[{\"@type\":\"ListItem\",\"position\":1,\"name\":\"Home\",\"item\":\"https:\\\/\\\/www.idrogru.it\\\/de\\\/\"},{\"@type\":\"ListItem\",\"position\":2,\"name\":\"Lkw-Kran\"}]},{\"@type\":\"WebSite\",\"@id\":\"https:\\\/\\\/www.idrogru.it\\\/de\\\/#website\",\"url\":\"https:\\\/\\\/www.idrogru.it\\\/de\\\/\",\"name\":\"Idrogru\",\"description\":\"Il tuo partner di fiducia per le gru idrauliche su misura\",\"publisher\":{\"@id\":\"https:\\\/\\\/www.idrogru.it\\\/de\\\/#organization\"},\"potentialAction\":[{\"@type\":\"SearchAction\",\"target\":{\"@type\":\"EntryPoint\",\"urlTemplate\":\"https:\\\/\\\/www.idrogru.it\\\/de\\\/?s={search_term_string}\"},\"query-input\":{\"@type\":\"PropertyValueSpecification\",\"valueRequired\":true,\"valueName\":\"search_term_string\"}}],\"inLanguage\":\"de-DE\"},{\"@type\":\"Organization\",\"@id\":\"https:\\\/\\\/www.idrogru.it\\\/de\\\/#organization\",\"name\":\"Idrogru\",\"url\":\"https:\\\/\\\/www.idrogru.it\\\/de\\\/\",\"logo\":{\"@type\":\"ImageObject\",\"inLanguage\":\"de-DE\",\"@id\":\"https:\\\/\\\/www.idrogru.it\\\/de\\\/#\\\/schema\\\/logo\\\/image\\\/\",\"url\":\"https:\\\/\\\/www.idrogru.it\\\/wp-content\\\/uploads\\\/2025\\\/03\\\/Idrogru_logoR.png\",\"contentUrl\":\"https:\\\/\\\/www.idrogru.it\\\/wp-content\\\/uploads\\\/2025\\\/03\\\/Idrogru_logoR.png\",\"width\":4870,\"height\":864,\"caption\":\"Idrogru\"},\"image\":{\"@id\":\"https:\\\/\\\/www.idrogru.it\\\/de\\\/#\\\/schema\\\/logo\\\/image\\\/\"},\"sameAs\":[\"https:\\\/\\\/www.facebook.com\\\/Idrogru-Srl-1651955921694151\\\/\",\"https:\\\/\\\/www.youtube.com\\\/channel\\\/UCt0-wyhR6AXew6QL2XwWFLw\",\"https:\\\/\\\/www.linkedin.com\\\/company\\\/idrogru\",\"https:\\\/\\\/www.instagram.com\\\/idrogru\\\/\"]}]}<\/script>\n<!-- \/ Yoast SEO plugin. -->","yoast_head_json":{"title":"Lkw-Kran - Idrogru","robots":{"index":"index","follow":"follow","max-snippet":"max-snippet:-1","max-image-preview":"max-image-preview:large","max-video-preview":"max-video-preview:-1"},"canonical":"https:\/\/www.idrogru.it\/de\/kranwagen\/","og_locale":"de_DE","og_type":"article","og_title":"Lkw-Kran - Idrogru","og_description":"[vc_row full_width=&#8221;stretch_row&#8221; content_placement=&#8221;middle&#8221; parallax=&#8221;content-moving&#8221; parallax_image=&#8221;159&#8243; css=&#8221;.vc_custom_1715093964269{padding-top: 6em !important;padding-bottom: 6em !important;background-color: #333333 !important;}&#8221;][vc_column width=&#8221;1\/2&#8243;][\/vc_column][vc_column width=&#8221;1\/2&#8243;][\/vc_column][\/vc_row][vc_row css=&#8221;.vc_custom_1715615595020{padding-bottom: 8em !important;}&#8221; el_id=&#8221;Typologien&#8221;][vc_column css_animation=&#8221;fadeInUp&#8221; width=&#8221;5\/6&#8243; offset=&#8221;vc_col-md-offset-0 vc_col-md-4 vc_col-xs-offset-1 vc_col-xs-10&#8243;][\/vc_column][vc_column css_animation=&#8221;fadeInUp&#8221; width=&#8221;5\/6&#8243; el_class=&#8221;delay200&#8243; offset=&#8221;vc_col-md-offset-0 vc_col-md-4 vc_col-xs-offset-1 vc_col-xs-10&#8243;][\/vc_column][vc_column css_animation=&#8221;fadeInUp&#8221; width=&#8221;5\/6&#8243; el_class=&#8221;delay400&#8243; offset=&#8221;vc_col-md-offset-0 vc_col-md-4 vc_col-xs-offset-1 vc_col-xs-10&#8243;][\/vc_column][\/vc_row]","og_url":"https:\/\/www.idrogru.it\/de\/kranwagen\/","og_site_name":"Idrogru","article_publisher":"https:\/\/www.facebook.com\/Idrogru-Srl-1651955921694151\/","article_modified_time":"2024-08-20T15:08:10+00:00","twitter_card":"summary_large_image","twitter_misc":{"Est. reading time":"2 minutes"},"schema":{"@context":"https:\/\/schema.org","@graph":[{"@type":"WebPage","@id":"https:\/\/www.idrogru.it\/de\/kranwagen\/","url":"https:\/\/www.idrogru.it\/de\/kranwagen\/","name":"Lkw-Kran - Idrogru","isPartOf":{"@id":"https:\/\/www.idrogru.it\/de\/#website"},"datePublished":"2024-04-29T16:11:56+00:00","dateModified":"2024-08-20T15:08:10+00:00","breadcrumb":{"@id":"https:\/\/www.idrogru.it\/de\/kranwagen\/#breadcrumb"},"inLanguage":"de-DE","potentialAction":[{"@type":"ReadAction","target":["https:\/\/www.idrogru.it\/de\/kranwagen\/"]}]},{"@type":"BreadcrumbList","@id":"https:\/\/www.idrogru.it\/de\/kranwagen\/#breadcrumb","itemListElement":[{"@type":"ListItem","position":1,"name":"Home","item":"https:\/\/www.idrogru.it\/de\/"},{"@type":"ListItem","position":2,"name":"Lkw-Kran"}]},{"@type":"WebSite","@id":"https:\/\/www.idrogru.it\/de\/#website","url":"https:\/\/www.idrogru.it\/de\/","name":"Idrogru","description":"Il tuo partner di fiducia per le gru idrauliche su misura","publisher":{"@id":"https:\/\/www.idrogru.it\/de\/#organization"},"potentialAction":[{"@type":"SearchAction","target":{"@type":"EntryPoint","urlTemplate":"https:\/\/www.idrogru.it\/de\/?s={search_term_string}"},"query-input":{"@type":"PropertyValueSpecification","valueRequired":true,"valueName":"search_term_string"}}],"inLanguage":"de-DE"},{"@type":"Organization","@id":"https:\/\/www.idrogru.it\/de\/#organization","name":"Idrogru","url":"https:\/\/www.idrogru.it\/de\/","logo":{"@type":"ImageObject","inLanguage":"de-DE","@id":"https:\/\/www.idrogru.it\/de\/#\/schema\/logo\/image\/","url":"https:\/\/www.idrogru.it\/wp-content\/uploads\/2025\/03\/Idrogru_logoR.png","contentUrl":"https:\/\/www.idrogru.it\/wp-content\/uploads\/2025\/03\/Idrogru_logoR.png","width":4870,"height":864,"caption":"Idrogru"},"image":{"@id":"https:\/\/www.idrogru.it\/de\/#\/schema\/logo\/image\/"},"sameAs":["https:\/\/www.facebook.com\/Idrogru-Srl-1651955921694151\/","https:\/\/www.youtube.com\/channel\/UCt0-wyhR6AXew6QL2XwWFLw","https:\/\/www.linkedin.com\/company\/idrogru","https:\/\/www.instagram.com\/idrogru\/"]}]}},"_links":{"self":[{"href":"https:\/\/www.idrogru.it\/de\/wp-json\/wp\/v2\/pages\/6583","targetHints":{"allow":["GET"]}}],"collection":[{"href":"https:\/\/www.idrogru.it\/de\/wp-json\/wp\/v2\/pages"}],"about":[{"href":"https:\/\/www.idrogru.it\/de\/wp-json\/wp\/v2\/types\/page"}],"author":[{"embeddable":true,"href":"https:\/\/www.idrogru.it\/de\/wp-json\/wp\/v2\/users\/1"}],"replies":[{"embeddable":true,"href":"https:\/\/www.idrogru.it\/de\/wp-json\/wp\/v2\/comments?post=6583"}],"version-history":[{"count":17,"href":"https:\/\/www.idrogru.it\/de\/wp-json\/wp\/v2\/pages\/6583\/revisions"}],"predecessor-version":[{"id":7877,"href":"https:\/\/www.idrogru.it\/de\/wp-json\/wp\/v2\/pages\/6583\/revisions\/7877"}],"wp:attachment":[{"href":"https:\/\/www.idrogru.it\/de\/wp-json\/wp\/v2\/media?parent=6583"}],"curies":[{"name":"wp","href":"https:\/\/api.w.org\/{rel}","templated":true}]}}