{"id":6572,"date":"2024-05-17T11:42:40","date_gmt":"2024-05-17T09:42:40","guid":{"rendered":"https:\/\/www.idrogru.it\/pick-carry\/"},"modified":"2026-01-23T14:56:29","modified_gmt":"2026-01-23T13:56:29","slug":"pick-carry","status":"publish","type":"page","link":"https:\/\/www.idrogru.it\/de\/pick-carry\/","title":{"rendered":"Pick &amp; Carry"},"content":{"rendered":"<div class=\"wpb-content-wrapper\"><p>[vc_row full_width=&#8221;stretch_row&#8221; content_placement=&#8221;middle&#8221; parallax=&#8221;content-moving&#8221; parallax_image=&#8221;13534&#8243; css=&#8221;.vc_custom_1769160555578{padding-top: 6em !important;padding-bottom: 6em !important;background-color: #333333 !important;}&#8221;][vc_column width=&#8221;1\/2&#8243;][\/vc_column][vc_column width=&#8221;1\/2&#8243;]<div class=\"floating-block-wrapper\">\n\t\t\t<div class=\"flaoting-block text-start bg-white rounded shadow p-4\">\n\t\t\t\t<h2 class=\"deco-title text-start floating-block-title with-subtitle\"><span class=\"deco-eylet\">Pick &amp; Carry<\/span><span>Au\u00dfergew\u00f6hnliche Leistung und Pr\u00e4zision<mark>f\u00fcr Innenr\u00e4ume<\/mark><\/span><\/h2>\n\t\t\t\t<div class=\"floating-block-text mb-5\"><strong>Pick &amp; Carry-Kr\u00e4ne<\/strong> werden zunehmend als besonders praktische, pr\u00e4zise, kompakte und leistungsstarke Werkzeuge gesch\u00e4tzt. Sie eignen sich f\u00fcr eine breite Palette von Anwendungen und sind die idealen Partner unserer Kr\u00e4ne f\u00fcr die anspruchsvollsten Eins\u00e4tze, bei denen gro\u00dfe Kraft und extreme Pr\u00e4zision erforderlich sind.<\/div>\n\t\t\t\t<div class=\"button-wrapper text-start\"><a class=\"btn btn-default floating-block-button btn-lg\"  href=\"https:\/\/idrogru.it\/contatti\/\" target=\"_blank\" title=\"Kontaktieren Sie einen Vertriebsmitarbeiter\">Kontaktieren Sie einen Vertriebsmitarbeiter<\/a><\/div>\n\t\t\t<\/div>\n\t\t<\/div>[\/vc_column][\/vc_row][vc_row full_width=&#8221;stretch_row_content&#8221;][vc_column width=&#8221;1\/3&#8243;]\n\t\t\t<div class=\"card-block-wrapper \">\n\t\t\t\t<div class=\"card min-height mb-3\">\n\t\t\t\t\t<figure class=\"card-img-top aspect-image\" style=\"background-image:url('https:\/\/www.idrogru.it\/wp-content\/uploads\/2025\/03\/dk-40-pick-and-carry-coming-soon.jpg'); aspect-ratio:4 \/ 3; \">\n\t\t\t\t\t\t\n\t\t\t\t\t<\/figure>\n\t\t\t\t\t<div class=\"card-body\">\n\t\t\t\t\t\t<h3 class=\"card-title\"><span class=\"card-title-eyelet\">Pick &amp; Carry<\/span>Entdecken Sie die neue 60 \u2013 Demn\u00e4chst erh\u00e4ltlich!<\/h3>\n\t\t\t\t\t\t<p class=\"card-text\">Wir freuen uns, Ihnen mitteilen zu k\u00f6nnen, dass das neue Modell <strong>60 <\/strong>auf dem Weg ist Dieses au\u00dfergew\u00f6hnliche Produkt vereint Innovation, modernes Design und \u00fcberragende Leistung und bietet ein unvergleichliches Erlebnis. Der perfekte Partner f\u00fcr Idrogru!<\/p>\n\t\t\t\t\t\t<div class=\"card-button\"><a href=\"https:\/\/www.idrogru.it\/de\/autokranen\/60\/\" title=\"Siehe das Modell\" target=\"_blank\" class=\"btn btn-default\">Siehe das Modell<\/a><\/div>\n\t\t\t\t\t<\/div>\n\t\t\t\t<\/div>\n\t\t\t<\/div>[\/vc_column][vc_column width=&#8221;1\/3&#8243;]\n\t\t\t<div class=\"card-block-wrapper \">\n\t\t\t\t<div class=\"card min-height mb-3\">\n\t\t\t\t\t<figure class=\"card-img-top aspect-image\" style=\"background-image:url('https:\/\/www.idrogru.it\/wp-content\/uploads\/2026\/01\/idrogru-pick-carry-80.jpg'); aspect-ratio:4 \/ 3; \">\n\t\t\t\t\t\t\n\t\t\t\t\t<\/figure>\n\t\t\t\t\t<div class=\"card-body\">\n\t\t\t\t\t\t<h3 class=\"card-title\"><span class=\"card-title-eyelet\">Pick &amp; Carry<\/span>80<\/h3>\n\t\t\t\t\t\t<p class=\"card-text\">Die <strong>80 <\/strong>verf\u00fcgt \u00fcber eine Hubvorrichtung mit einem doppeltwirkenden Zylinder, der einen Schwenkbereich von -5\u00b0C bis +70\u00b0C erm\u00f6glicht. Die Funksteuerung f\u00fcr alle Funktionen mit Display erm\u00f6glicht eine optimale Kontrolle der Maschine.<\/p>\n\t\t\t\t\t\t<div class=\"card-button\"><a href=\"https:\/\/www.idrogru.it\/de\/autokranen\/80\/\" title=\"Siehe das Modell\" target=\"_blank\" class=\"btn btn-default\">Siehe das Modell<\/a><\/div>\n\t\t\t\t\t<\/div>\n\t\t\t\t<\/div>\n\t\t\t<\/div>[\/vc_column][vc_column width=&#8221;1\/3&#8243;]\n\t\t\t<div class=\"card-block-wrapper \">\n\t\t\t\t<div class=\"card min-height mb-3\">\n\t\t\t\t\t<figure class=\"card-img-top aspect-image\" style=\"background-image:url('https:\/\/www.idrogru.it\/wp-content\/uploads\/2026\/01\/idrogru-pick-100-2.jpg'); aspect-ratio:4 \/ 3; \">\n\t\t\t\t\t\t\n\t\t\t\t\t<\/figure>\n\t\t\t\t\t<div class=\"card-body\">\n\t\t\t\t\t\t<h3 class=\"card-title\"><span class=\"card-title-eyelet\">Pick &amp; Carry<\/span>100<\/h3>\n\t\t\t\t\t\t<p class=\"card-text\">Das Modell <strong>100<\/strong> zeichnet sich durch eine Hubvorrichtung mit doppeltwirkendem Zylinder aus, die einen Schwenkbereich von -5\u00b0C bis +70\u00b0C erm\u00f6glicht. Die Funksteuerung f\u00fcr alle Funktionen mit Display erm\u00f6glicht eine optimale Kontrolle der Maschine.<\/p>\n\t\t\t\t\t\t<div class=\"card-button\"><a href=\"https:\/\/www.idrogru.it\/de\/autokranen\/100\/\" title=\"Siehe das Modell\" target=\"_blank\" class=\"btn btn-default\">Siehe das Modell<\/a><\/div>\n\t\t\t\t\t<\/div>\n\t\t\t\t<\/div>\n\t\t\t<\/div>[\/vc_column][\/vc_row]<\/p>\n<\/div>","protected":false},"excerpt":{"rendered":"<p>[vc_row full_width=&#8221;stretch_row&#8221; content_placement=&#8221;middle&#8221; parallax=&#8221;content-moving&#8221; parallax_image=&#8221;13534&#8243; css=&#8221;.vc_custom_1769160555578{padding-top: 6em !important;padding-bottom: 6em !important;background-color: #333333 !important;}&#8221;][vc_column width=&#8221;1\/2&#8243;][\/vc_column][vc_column width=&#8221;1\/2&#8243;][\/vc_column][\/vc_row][vc_row full_width=&#8221;stretch_row_content&#8221;][vc_column width=&#8221;1\/3&#8243;][\/vc_column][vc_column width=&#8221;1\/3&#8243;][\/vc_column][vc_column width=&#8221;1\/3&#8243;][\/vc_column][\/vc_row]<\/p>\n","protected":false},"author":1,"featured_media":0,"parent":0,"menu_order":0,"comment_status":"closed","ping_status":"closed","template":"","meta":{"_acf_changed":false,"rs_blank_template":"","rs_page_bg_color":"","slide_template_v7":"","footnotes":""},"class_list":["post-6572","page","type-page","status-publish","hentry"],"acf":[],"yoast_head":"<!-- This site is optimized with the Yoast SEO plugin v27.4 - https:\/\/yoast.com\/product\/yoast-seo-wordpress\/ -->\n<title>Pick &amp; Carry - Idrogru<\/title>\n<meta name=\"robots\" content=\"index, follow, max-snippet:-1, max-image-preview:large, max-video-preview:-1\" \/>\n<link rel=\"canonical\" href=\"https:\/\/www.idrogru.it\/de\/pick-carry\/\" \/>\n<meta property=\"og:locale\" content=\"de_DE\" \/>\n<meta property=\"og:type\" content=\"article\" \/>\n<meta property=\"og:title\" content=\"Pick &amp; Carry - Idrogru\" \/>\n<meta property=\"og:description\" content=\"[vc_row full_width=&#8221;stretch_row&#8221; content_placement=&#8221;middle&#8221; parallax=&#8221;content-moving&#8221; parallax_image=&#8221;13534&#8243; css=&#8221;.vc_custom_1769160555578{padding-top: 6em !important;padding-bottom: 6em !important;background-color: #333333 !important;}&#8221;][vc_column width=&#8221;1\/2&#8243;][\/vc_column][vc_column width=&#8221;1\/2&#8243;][\/vc_column][\/vc_row][vc_row full_width=&#8221;stretch_row_content&#8221;][vc_column width=&#8221;1\/3&#8243;][\/vc_column][vc_column width=&#8221;1\/3&#8243;][\/vc_column][vc_column width=&#8221;1\/3&#8243;][\/vc_column][\/vc_row]\" \/>\n<meta property=\"og:url\" content=\"https:\/\/www.idrogru.it\/de\/pick-carry\/\" \/>\n<meta property=\"og:site_name\" content=\"Idrogru\" \/>\n<meta property=\"article:publisher\" content=\"https:\/\/www.facebook.com\/Idrogru-Srl-1651955921694151\/\" \/>\n<meta property=\"article:modified_time\" content=\"2026-01-23T13:56:29+00:00\" \/>\n<meta name=\"twitter:card\" content=\"summary_large_image\" \/>\n<meta name=\"twitter:label1\" content=\"Est. reading time\" \/>\n\t<meta name=\"twitter:data1\" content=\"3 minutes\" \/>\n<script type=\"application\/ld+json\" class=\"yoast-schema-graph\">{\"@context\":\"https:\\\/\\\/schema.org\",\"@graph\":[{\"@type\":\"WebPage\",\"@id\":\"https:\\\/\\\/www.idrogru.it\\\/de\\\/pick-carry\\\/\",\"url\":\"https:\\\/\\\/www.idrogru.it\\\/de\\\/pick-carry\\\/\",\"name\":\"Pick &amp; Carry - Idrogru\",\"isPartOf\":{\"@id\":\"https:\\\/\\\/www.idrogru.it\\\/de\\\/#website\"},\"datePublished\":\"2024-05-17T09:42:40+00:00\",\"dateModified\":\"2026-01-23T13:56:29+00:00\",\"breadcrumb\":{\"@id\":\"https:\\\/\\\/www.idrogru.it\\\/de\\\/pick-carry\\\/#breadcrumb\"},\"inLanguage\":\"de-DE\",\"potentialAction\":[{\"@type\":\"ReadAction\",\"target\":[\"https:\\\/\\\/www.idrogru.it\\\/de\\\/pick-carry\\\/\"]}]},{\"@type\":\"BreadcrumbList\",\"@id\":\"https:\\\/\\\/www.idrogru.it\\\/de\\\/pick-carry\\\/#breadcrumb\",\"itemListElement\":[{\"@type\":\"ListItem\",\"position\":1,\"name\":\"Home\",\"item\":\"https:\\\/\\\/www.idrogru.it\\\/de\\\/\"},{\"@type\":\"ListItem\",\"position\":2,\"name\":\"Pick &amp; Carry\"}]},{\"@type\":\"WebSite\",\"@id\":\"https:\\\/\\\/www.idrogru.it\\\/de\\\/#website\",\"url\":\"https:\\\/\\\/www.idrogru.it\\\/de\\\/\",\"name\":\"Idrogru\",\"description\":\"Il tuo partner di fiducia per le gru idrauliche su misura\",\"publisher\":{\"@id\":\"https:\\\/\\\/www.idrogru.it\\\/de\\\/#organization\"},\"potentialAction\":[{\"@type\":\"SearchAction\",\"target\":{\"@type\":\"EntryPoint\",\"urlTemplate\":\"https:\\\/\\\/www.idrogru.it\\\/de\\\/?s={search_term_string}\"},\"query-input\":{\"@type\":\"PropertyValueSpecification\",\"valueRequired\":true,\"valueName\":\"search_term_string\"}}],\"inLanguage\":\"de-DE\"},{\"@type\":\"Organization\",\"@id\":\"https:\\\/\\\/www.idrogru.it\\\/de\\\/#organization\",\"name\":\"Idrogru\",\"url\":\"https:\\\/\\\/www.idrogru.it\\\/de\\\/\",\"logo\":{\"@type\":\"ImageObject\",\"inLanguage\":\"de-DE\",\"@id\":\"https:\\\/\\\/www.idrogru.it\\\/de\\\/#\\\/schema\\\/logo\\\/image\\\/\",\"url\":\"https:\\\/\\\/www.idrogru.it\\\/wp-content\\\/uploads\\\/2025\\\/03\\\/Idrogru_logoR.png\",\"contentUrl\":\"https:\\\/\\\/www.idrogru.it\\\/wp-content\\\/uploads\\\/2025\\\/03\\\/Idrogru_logoR.png\",\"width\":4870,\"height\":864,\"caption\":\"Idrogru\"},\"image\":{\"@id\":\"https:\\\/\\\/www.idrogru.it\\\/de\\\/#\\\/schema\\\/logo\\\/image\\\/\"},\"sameAs\":[\"https:\\\/\\\/www.facebook.com\\\/Idrogru-Srl-1651955921694151\\\/\",\"https:\\\/\\\/www.youtube.com\\\/channel\\\/UCt0-wyhR6AXew6QL2XwWFLw\",\"https:\\\/\\\/www.linkedin.com\\\/company\\\/idrogru\",\"https:\\\/\\\/www.instagram.com\\\/idrogru\\\/\"]}]}<\/script>\n<!-- \/ Yoast SEO plugin. -->","yoast_head_json":{"title":"Pick &amp; Carry - Idrogru","robots":{"index":"index","follow":"follow","max-snippet":"max-snippet:-1","max-image-preview":"max-image-preview:large","max-video-preview":"max-video-preview:-1"},"canonical":"https:\/\/www.idrogru.it\/de\/pick-carry\/","og_locale":"de_DE","og_type":"article","og_title":"Pick &amp; Carry - Idrogru","og_description":"[vc_row full_width=&#8221;stretch_row&#8221; content_placement=&#8221;middle&#8221; parallax=&#8221;content-moving&#8221; parallax_image=&#8221;13534&#8243; css=&#8221;.vc_custom_1769160555578{padding-top: 6em !important;padding-bottom: 6em !important;background-color: #333333 !important;}&#8221;][vc_column width=&#8221;1\/2&#8243;][\/vc_column][vc_column width=&#8221;1\/2&#8243;][\/vc_column][\/vc_row][vc_row full_width=&#8221;stretch_row_content&#8221;][vc_column width=&#8221;1\/3&#8243;][\/vc_column][vc_column width=&#8221;1\/3&#8243;][\/vc_column][vc_column width=&#8221;1\/3&#8243;][\/vc_column][\/vc_row]","og_url":"https:\/\/www.idrogru.it\/de\/pick-carry\/","og_site_name":"Idrogru","article_publisher":"https:\/\/www.facebook.com\/Idrogru-Srl-1651955921694151\/","article_modified_time":"2026-01-23T13:56:29+00:00","twitter_card":"summary_large_image","twitter_misc":{"Est. reading time":"3 minutes"},"schema":{"@context":"https:\/\/schema.org","@graph":[{"@type":"WebPage","@id":"https:\/\/www.idrogru.it\/de\/pick-carry\/","url":"https:\/\/www.idrogru.it\/de\/pick-carry\/","name":"Pick &amp; Carry - Idrogru","isPartOf":{"@id":"https:\/\/www.idrogru.it\/de\/#website"},"datePublished":"2024-05-17T09:42:40+00:00","dateModified":"2026-01-23T13:56:29+00:00","breadcrumb":{"@id":"https:\/\/www.idrogru.it\/de\/pick-carry\/#breadcrumb"},"inLanguage":"de-DE","potentialAction":[{"@type":"ReadAction","target":["https:\/\/www.idrogru.it\/de\/pick-carry\/"]}]},{"@type":"BreadcrumbList","@id":"https:\/\/www.idrogru.it\/de\/pick-carry\/#breadcrumb","itemListElement":[{"@type":"ListItem","position":1,"name":"Home","item":"https:\/\/www.idrogru.it\/de\/"},{"@type":"ListItem","position":2,"name":"Pick &amp; Carry"}]},{"@type":"WebSite","@id":"https:\/\/www.idrogru.it\/de\/#website","url":"https:\/\/www.idrogru.it\/de\/","name":"Idrogru","description":"Il tuo partner di fiducia per le gru idrauliche su misura","publisher":{"@id":"https:\/\/www.idrogru.it\/de\/#organization"},"potentialAction":[{"@type":"SearchAction","target":{"@type":"EntryPoint","urlTemplate":"https:\/\/www.idrogru.it\/de\/?s={search_term_string}"},"query-input":{"@type":"PropertyValueSpecification","valueRequired":true,"valueName":"search_term_string"}}],"inLanguage":"de-DE"},{"@type":"Organization","@id":"https:\/\/www.idrogru.it\/de\/#organization","name":"Idrogru","url":"https:\/\/www.idrogru.it\/de\/","logo":{"@type":"ImageObject","inLanguage":"de-DE","@id":"https:\/\/www.idrogru.it\/de\/#\/schema\/logo\/image\/","url":"https:\/\/www.idrogru.it\/wp-content\/uploads\/2025\/03\/Idrogru_logoR.png","contentUrl":"https:\/\/www.idrogru.it\/wp-content\/uploads\/2025\/03\/Idrogru_logoR.png","width":4870,"height":864,"caption":"Idrogru"},"image":{"@id":"https:\/\/www.idrogru.it\/de\/#\/schema\/logo\/image\/"},"sameAs":["https:\/\/www.facebook.com\/Idrogru-Srl-1651955921694151\/","https:\/\/www.youtube.com\/channel\/UCt0-wyhR6AXew6QL2XwWFLw","https:\/\/www.linkedin.com\/company\/idrogru","https:\/\/www.instagram.com\/idrogru\/"]}]}},"_links":{"self":[{"href":"https:\/\/www.idrogru.it\/de\/wp-json\/wp\/v2\/pages\/6572","targetHints":{"allow":["GET"]}}],"collection":[{"href":"https:\/\/www.idrogru.it\/de\/wp-json\/wp\/v2\/pages"}],"about":[{"href":"https:\/\/www.idrogru.it\/de\/wp-json\/wp\/v2\/types\/page"}],"author":[{"embeddable":true,"href":"https:\/\/www.idrogru.it\/de\/wp-json\/wp\/v2\/users\/1"}],"replies":[{"embeddable":true,"href":"https:\/\/www.idrogru.it\/de\/wp-json\/wp\/v2\/comments?post=6572"}],"version-history":[{"count":38,"href":"https:\/\/www.idrogru.it\/de\/wp-json\/wp\/v2\/pages\/6572\/revisions"}],"predecessor-version":[{"id":13659,"href":"https:\/\/www.idrogru.it\/de\/wp-json\/wp\/v2\/pages\/6572\/revisions\/13659"}],"wp:attachment":[{"href":"https:\/\/www.idrogru.it\/de\/wp-json\/wp\/v2\/media?parent=6572"}],"curies":[{"name":"wp","href":"https:\/\/api.w.org\/{rel}","templated":true}]}}