{"id":6566,"date":"2024-05-07T09:16:00","date_gmt":"2024-05-07T07:16:00","guid":{"rendered":"https:\/\/www.idrogru.it\/massgeschneiderte-und-zertifizierte-produktion\/"},"modified":"2024-08-21T14:18:13","modified_gmt":"2024-08-21T12:18:13","slug":"massgeschneiderte-und-zertifizierte-produktion","status":"publish","type":"page","link":"https:\/\/www.idrogru.it\/de\/dienstleistungen\/massgeschneiderte-und-zertifizierte-produktion\/","title":{"rendered":"Ma\u00dfgeschneiderte und zertifizierte Produktion"},"content":{"rendered":"<div class=\"wpb-content-wrapper\"><p>[vc_row content_placement=&#8221;middle&#8221; css=&#8221;.vc_custom_1715162133403{padding-top: 6em !important;padding-bottom: 6em !important;}&#8221;][vc_column width=&#8221;1\/2&#8243;][vc_single_image image=&#8221;7194&#8243; img_size=&#8221;full&#8221; alignment=&#8221;center&#8221; css_animation=&#8221;fadeIn&#8221; css=&#8221;&#8221;][\/vc_column][vc_column width=&#8221;1\/2&#8243;]<h1 class=\"deco-title sinistra with-subtitle\"><span class=\"deco-eylet\">Ma\u00dfgeschneiderte Produktion<\/span><span>Bau von Idrogru<mark>Ma\u00dfgeschneidert f\u00fcr Sie<\/mark><\/span><\/h1>[vc_column_text css=&#8221;&#8221;]Die Herstellung von leistungsf\u00e4higen <strong>Krane mit au\u00dfergew\u00f6hnlicher Man\u00f6vrierf\u00e4higkeit und Ladekapazit\u00e4t<\/strong> ist seit 50 Jahren das Kerngesch\u00e4ft von <strong>Idrogr\u00f9<\/strong>. Unsere Modelle k\u00f6nnen in &#8220;Light&#8221;, &#8220;Medium&#8221; und &#8220;Heavy&#8221; Kategorien eingeteilt werden, je nach der Masse des Krans, dem verwendeten Ballast und der Schwenk- und Ausfahrkraft des Auslegers. Die meisten unserer Krane sind <strong>frei Strassenverkehr<\/strong>, ewas f\u00fcr Krantrasporteure und Kranvermieter einen erheblichen Vorteil darstellt.[\/vc_column_text]<div class=\"button-wrapper sinistra\">\n\t\t\t\t\t<button type=\"button\" data-target=\"#cta-modal-69d0d159ce736\" data-unique=\"69d0d159ce736\" data-size=\"\" data-label=\"Kontaktieren Sie unser Verkaufsteam\" data-form=\"7294\" class=\"btn btn-default ajax-modal\" title=\"Kontaktieren Sie unser Verkaufsteam\">Kontaktieren Sie unser Verkaufsteam<\/button>\n\t\t\t\t<\/div>[\/vc_column][\/vc_row][vc_row full_width=&#8221;stretch_row&#8221; content_placement=&#8221;middle&#8221; css=&#8221;.vc_custom_1715164720889{padding-top: 6em !important;padding-bottom: 6em !important;background-color: #333333 !important;}&#8221;][vc_column width=&#8221;1\/2&#8243;]<h2 class=\"deco-title sinistra text-white\"><span class=\"deco-eylet\">Produktion<\/span><span>Effizienz, Sicherheit und \u00c4sthetik<\/span><\/h2>[vc_column_text css=&#8221;&#8221; el_class=&#8221;text-white&#8221;]Alle unsere LKW-Kranmodelle erf\u00fcllen<strong> pr\u00e4zise Effizienz- und Sicherheitsstandards<\/strong> und k\u00f6nnen <strong>vielseitig und flexibel in den unterschiedlichsten Bereichen eingesetzt werden<\/strong>, z. B. in Industrie- und Warenlagern, beim Bau von Fertigh\u00e4usern, Windkraftanlagen und vielem mehr. <strong>Wir achten besonders auf jedes spezifische Detail des Fahrzeugs<\/strong>, sowohl strukturell als auch \u00e4sthetisch, um sicherzustellen, dass wir immer <strong>die besten auf dem Markt erh\u00e4ltlichen L\u00f6sungen zum Heben von Lasten<\/strong> anbieten.[\/vc_column_text]<div class=\"button-wrapper sinistra\"><a class=\"btn btn-default Visualizza tutti i modelli\"  href=\"https:\/\/www.idrogru.it\/de\/kranwagen\/\"title=\"Alle Modelle anzeigen\">Alle Modelle anzeigen<\/a><\/div>[\/vc_column][vc_column width=&#8221;1\/2&#8243;]<div id=\"carousel-69d0d159ce983\" class=\"carousel slide carousel-fade aspect-image\" data-delta=\"1.3333333333333\" data-bs-ride=\"carousel\" style=\"aspect-ratio:4 \/ 3;\">\n\t\t\t\t\t\t\n\t\t\t\t\t\t<div class=\"carousel-indicators\">\n\t\t\t\t\t\t\t<button type=\"button\" data-bs-target=\"#carousel-69d0d159ce983\" data-bs-slide-to=\"0\" class=\"active\" aria-current=\"true\" aria-label=\"Slide 1\"><\/button>\n<button type=\"button\" data-bs-target=\"#carousel-69d0d159ce983\" data-bs-slide-to=\"1\"  aria-current=\"true\" aria-label=\"Slide 2\"><\/button>\n<button type=\"button\" data-bs-target=\"#carousel-69d0d159ce983\" data-bs-slide-to=\"2\"  aria-current=\"true\" aria-label=\"Slide 3\"><\/button>\n\t\t\t\t\t\t<\/div>\n\t\t\t\t\t\t\n\t\t\t\t\t\t<div class=\"carousel-inner\">\n\t\t\t\t\t\t\t<div class=\"carousel-item active\">\n\t\t\t\t\t\t<div class=\"slide slide-0\" style=\"background-image:url('https:\/\/www.idrogru.it\/wp-content\/uploads\/2024\/05\/idrogru-crane-cabina-300.jpg')\" >\n\t\t\t\t\t\t\t<img loading=\"lazy\" decoding=\"async\" width=\"1024\" height=\"682\" src=\"https:\/\/www.idrogru.it\/wp-content\/uploads\/2024\/05\/idrogru-crane-cabina-300.jpg\" class=\"attachment-large size-large\" alt=\"\" srcset=\"https:\/\/www.idrogru.it\/wp-content\/uploads\/2024\/05\/idrogru-crane-cabina-300.jpg 1024w, https:\/\/www.idrogru.it\/wp-content\/uploads\/2024\/05\/idrogru-crane-cabina-300-300x200.jpg 300w, https:\/\/www.idrogru.it\/wp-content\/uploads\/2024\/05\/idrogru-crane-cabina-300-768x512.jpg 768w\" sizes=\"auto, (max-width: 1024px) 100vw, 1024px\" \/>\n\t\t\t\t\t\t<\/div>\n\t\t\t\t\t<\/div>\n<div class=\"carousel-item\">\n\t\t\t\t\t\t<div class=\"slide slide-1\" style=\"background-image:url('https:\/\/www.idrogru.it\/wp-content\/uploads\/2024\/05\/idrogru-crane-menabue-testing.jpg')\" >\n\t\t\t\t\t\t\t<img loading=\"lazy\" decoding=\"async\" width=\"1024\" height=\"683\" src=\"https:\/\/www.idrogru.it\/wp-content\/uploads\/2024\/05\/idrogru-crane-menabue-testing.jpg\" class=\"attachment-large size-large\" alt=\"\" srcset=\"https:\/\/www.idrogru.it\/wp-content\/uploads\/2024\/05\/idrogru-crane-menabue-testing.jpg 1024w, https:\/\/www.idrogru.it\/wp-content\/uploads\/2024\/05\/idrogru-crane-menabue-testing-300x200.jpg 300w, https:\/\/www.idrogru.it\/wp-content\/uploads\/2024\/05\/idrogru-crane-menabue-testing-768x512.jpg 768w\" sizes=\"auto, (max-width: 1024px) 100vw, 1024px\" \/>\n\t\t\t\t\t\t<\/div>\n\t\t\t\t\t<\/div>\n<div class=\"carousel-item\">\n\t\t\t\t\t\t<div class=\"slide slide-2\" style=\"background-image:url('https:\/\/www.idrogru.it\/wp-content\/uploads\/2024\/05\/idrogru-crane-noventa-open.jpg')\" >\n\t\t\t\t\t\t\t<img loading=\"lazy\" decoding=\"async\" width=\"1024\" height=\"682\" src=\"https:\/\/www.idrogru.it\/wp-content\/uploads\/2024\/05\/idrogru-crane-noventa-open.jpg\" class=\"attachment-large size-large\" alt=\"\" srcset=\"https:\/\/www.idrogru.it\/wp-content\/uploads\/2024\/05\/idrogru-crane-noventa-open.jpg 1024w, https:\/\/www.idrogru.it\/wp-content\/uploads\/2024\/05\/idrogru-crane-noventa-open-300x200.jpg 300w, https:\/\/www.idrogru.it\/wp-content\/uploads\/2024\/05\/idrogru-crane-noventa-open-768x512.jpg 768w\" sizes=\"auto, (max-width: 1024px) 100vw, 1024px\" \/>\n\t\t\t\t\t\t<\/div>\n\t\t\t\t\t<\/div>\n\t\t\t\t\t\t<\/div>\n\t\t\t\t\t\t\n\t\t\t\t\t<\/div>[\/vc_column][\/vc_row][vc_row full_width=&#8221;stretch_row&#8221; content_placement=&#8221;middle&#8221; css=&#8221;.vc_custom_1715164855710{padding-top: 4em !important;padding-bottom: 4em !important;background-color: #e5e5e5 !important;}&#8221;][vc_column width=&#8221;1\/2&#8243;][vc_video link=&#8221;https:\/\/www.youtube.com\/watch?v=A_-RqaGE5D8&#8243; align=&#8221;center&#8221; css=&#8221;&#8221;][\/vc_column][vc_column width=&#8221;1\/2&#8243;]<h2 class=\"deco-title sinistra\"><span class=\"deco-eylet\">Die Welt der Lkw-Krane<\/span><span>Ein Know-how<mark>unvergleichlich in der Branche<\/mark><\/span><\/h2>[vc_column_text css=&#8221;&#8221;]Durch <strong>den st\u00e4ndigen Kontakt mit den Fachleuten der Industrie auf der ganzen Welt<\/strong> sind wir immer auf dem Laufenden \u00fcber die neuesten Nachrichten, Entwicklungen und Bed\u00fcrfnisse derjenigen, die t\u00e4glich mit Hebezeugen und Lasthandhabung arbeiten. Deshalb sind<strong> wir in der Lage, konkrete, ma\u00dfgeschneiderte L\u00f6sungen zu bieten, die speziell auf jeden Bedarf zugeschnitten<\/strong> sind. Z\u00f6gern Sie nicht, uns zu kontaktieren, um mehr \u00fcber unsere Kr\u00e4ne zu erfahren und weitere Informationen zu erhalten![\/vc_column_text]<div class=\"button-wrapper sinistra\">\n\t\t\t\t\t<button type=\"button\" data-target=\"#cta-modal-69d0d159cf0ce\" data-unique=\"69d0d159cf0ce\" data-size=\"\" data-label=\"Kontaktieren Sie uns\" data-form=\"7294\" class=\"btn btn-default ajax-modal\" title=\"Kontaktieren Sie uns\">Kontaktieren Sie uns<\/button>\n\t\t\t\t<\/div>[\/vc_column][\/vc_row]<\/p>\n<\/div>","protected":false},"excerpt":{"rendered":"<p>[vc_row content_placement=&#8221;middle&#8221; css=&#8221;.vc_custom_1715162133403{padding-top: 6em !important;padding-bottom: 6em !important;}&#8221;][vc_column width=&#8221;1\/2&#8243;][vc_single_image image=&#8221;7194&#8243; img_size=&#8221;full&#8221; alignment=&#8221;center&#8221; css_animation=&#8221;fadeIn&#8221; css=&#8221;&#8221;][\/vc_column][vc_column width=&#8221;1\/2&#8243;][vc_column_text css=&#8221;&#8221;]Die Herstellung von leistungsf\u00e4higen Krane mit au\u00dfergew\u00f6hnlicher Man\u00f6vrierf\u00e4higkeit und Ladekapazit\u00e4t ist seit 50 Jahren das Kerngesch\u00e4ft von Idrogr\u00f9. Unsere Modelle k\u00f6nnen in &#8220;Light&#8221;, &#8220;Medium&#8221; und &#8220;Heavy&#8221; Kategorien eingeteilt werden, je nach der Masse des Krans, dem verwendeten Ballast und der Schwenk- [&hellip;]<\/p>\n","protected":false},"author":1,"featured_media":7193,"parent":6578,"menu_order":0,"comment_status":"closed","ping_status":"closed","template":"","meta":{"_acf_changed":false,"rs_blank_template":"","rs_page_bg_color":"","slide_template_v7":"","footnotes":""},"class_list":["post-6566","page","type-page","status-publish","has-post-thumbnail","hentry"],"acf":[],"yoast_head":"<!-- This site is optimized with the Yoast SEO plugin v27.3 - https:\/\/yoast.com\/product\/yoast-seo-wordpress\/ -->\n<title>Ma\u00dfgeschneiderte und zertifizierte Produktion - Idrogru<\/title>\n<meta name=\"robots\" content=\"index, follow, max-snippet:-1, max-image-preview:large, max-video-preview:-1\" \/>\n<link rel=\"canonical\" href=\"https:\/\/www.idrogru.it\/de\/dienstleistungen\/massgeschneiderte-und-zertifizierte-produktion\/\" \/>\n<meta property=\"og:locale\" content=\"de_DE\" \/>\n<meta property=\"og:type\" content=\"article\" \/>\n<meta property=\"og:title\" content=\"Ma\u00dfgeschneiderte und zertifizierte Produktion - Idrogru\" \/>\n<meta property=\"og:description\" content=\"[vc_row content_placement=&#8221;middle&#8221; css=&#8221;.vc_custom_1715162133403{padding-top: 6em !important;padding-bottom: 6em !important;}&#8221;][vc_column width=&#8221;1\/2&#8243;][vc_single_image image=&#8221;7194&#8243; img_size=&#8221;full&#8221; alignment=&#8221;center&#8221; css_animation=&#8221;fadeIn&#8221; css=&#8221;&#8221;][\/vc_column][vc_column width=&#8221;1\/2&#8243;][vc_column_text css=&#8221;&#8221;]Die Herstellung von leistungsf\u00e4higen Krane mit au\u00dfergew\u00f6hnlicher Man\u00f6vrierf\u00e4higkeit und Ladekapazit\u00e4t ist seit 50 Jahren das Kerngesch\u00e4ft von Idrogr\u00f9. Unsere Modelle k\u00f6nnen in &#8220;Light&#8221;, &#8220;Medium&#8221; und &#8220;Heavy&#8221; Kategorien eingeteilt werden, je nach der Masse des Krans, dem verwendeten Ballast und der Schwenk- [&hellip;]\" \/>\n<meta property=\"og:url\" content=\"https:\/\/www.idrogru.it\/de\/dienstleistungen\/massgeschneiderte-und-zertifizierte-produktion\/\" \/>\n<meta property=\"og:site_name\" content=\"Idrogru\" \/>\n<meta property=\"article:publisher\" content=\"https:\/\/www.facebook.com\/Idrogru-Srl-1651955921694151\/\" \/>\n<meta property=\"article:modified_time\" content=\"2024-08-21T12:18:13+00:00\" \/>\n<meta property=\"og:image\" content=\"https:\/\/www.idrogru.it\/wp-content\/uploads\/2024\/07\/PROGETTAZIONE-SU-MISURA-scaled.jpeg\" \/>\n\t<meta property=\"og:image:width\" content=\"2560\" \/>\n\t<meta property=\"og:image:height\" content=\"1703\" \/>\n\t<meta property=\"og:image:type\" content=\"image\/jpeg\" \/>\n<meta name=\"twitter:card\" content=\"summary_large_image\" \/>\n<meta name=\"twitter:label1\" content=\"Est. reading time\" \/>\n\t<meta name=\"twitter:data1\" content=\"2 minutes\" \/>\n<script type=\"application\/ld+json\" class=\"yoast-schema-graph\">{\"@context\":\"https:\\\/\\\/schema.org\",\"@graph\":[{\"@type\":\"WebPage\",\"@id\":\"https:\\\/\\\/www.idrogru.it\\\/de\\\/dienstleistungen\\\/massgeschneiderte-und-zertifizierte-produktion\\\/\",\"url\":\"https:\\\/\\\/www.idrogru.it\\\/de\\\/dienstleistungen\\\/massgeschneiderte-und-zertifizierte-produktion\\\/\",\"name\":\"Ma\u00dfgeschneiderte und zertifizierte Produktion - Idrogru\",\"isPartOf\":{\"@id\":\"https:\\\/\\\/www.idrogru.it\\\/de\\\/#website\"},\"primaryImageOfPage\":{\"@id\":\"https:\\\/\\\/www.idrogru.it\\\/de\\\/dienstleistungen\\\/massgeschneiderte-und-zertifizierte-produktion\\\/#primaryimage\"},\"image\":{\"@id\":\"https:\\\/\\\/www.idrogru.it\\\/de\\\/dienstleistungen\\\/massgeschneiderte-und-zertifizierte-produktion\\\/#primaryimage\"},\"thumbnailUrl\":\"https:\\\/\\\/www.idrogru.it\\\/wp-content\\\/uploads\\\/2024\\\/07\\\/PROGETTAZIONE-SU-MISURA-scaled.jpeg\",\"datePublished\":\"2024-05-07T07:16:00+00:00\",\"dateModified\":\"2024-08-21T12:18:13+00:00\",\"breadcrumb\":{\"@id\":\"https:\\\/\\\/www.idrogru.it\\\/de\\\/dienstleistungen\\\/massgeschneiderte-und-zertifizierte-produktion\\\/#breadcrumb\"},\"inLanguage\":\"de-DE\",\"potentialAction\":[{\"@type\":\"ReadAction\",\"target\":[\"https:\\\/\\\/www.idrogru.it\\\/de\\\/dienstleistungen\\\/massgeschneiderte-und-zertifizierte-produktion\\\/\"]}]},{\"@type\":\"ImageObject\",\"inLanguage\":\"de-DE\",\"@id\":\"https:\\\/\\\/www.idrogru.it\\\/de\\\/dienstleistungen\\\/massgeschneiderte-und-zertifizierte-produktion\\\/#primaryimage\",\"url\":\"https:\\\/\\\/www.idrogru.it\\\/wp-content\\\/uploads\\\/2024\\\/07\\\/PROGETTAZIONE-SU-MISURA-scaled.jpeg\",\"contentUrl\":\"https:\\\/\\\/www.idrogru.it\\\/wp-content\\\/uploads\\\/2024\\\/07\\\/PROGETTAZIONE-SU-MISURA-scaled.jpeg\",\"width\":2560,\"height\":1703},{\"@type\":\"BreadcrumbList\",\"@id\":\"https:\\\/\\\/www.idrogru.it\\\/de\\\/dienstleistungen\\\/massgeschneiderte-und-zertifizierte-produktion\\\/#breadcrumb\",\"itemListElement\":[{\"@type\":\"ListItem\",\"position\":1,\"name\":\"Home\",\"item\":\"https:\\\/\\\/www.idrogru.it\\\/de\\\/\"},{\"@type\":\"ListItem\",\"position\":2,\"name\":\"Dienstleistungen\",\"item\":\"https:\\\/\\\/www.idrogru.it\\\/de\\\/dienstleistungen\\\/\"},{\"@type\":\"ListItem\",\"position\":3,\"name\":\"Ma\u00dfgeschneiderte und zertifizierte Produktion\"}]},{\"@type\":\"WebSite\",\"@id\":\"https:\\\/\\\/www.idrogru.it\\\/de\\\/#website\",\"url\":\"https:\\\/\\\/www.idrogru.it\\\/de\\\/\",\"name\":\"Idrogru\",\"description\":\"Il tuo partner di fiducia per le gru idrauliche su misura\",\"publisher\":{\"@id\":\"https:\\\/\\\/www.idrogru.it\\\/de\\\/#organization\"},\"potentialAction\":[{\"@type\":\"SearchAction\",\"target\":{\"@type\":\"EntryPoint\",\"urlTemplate\":\"https:\\\/\\\/www.idrogru.it\\\/de\\\/?s={search_term_string}\"},\"query-input\":{\"@type\":\"PropertyValueSpecification\",\"valueRequired\":true,\"valueName\":\"search_term_string\"}}],\"inLanguage\":\"de-DE\"},{\"@type\":\"Organization\",\"@id\":\"https:\\\/\\\/www.idrogru.it\\\/de\\\/#organization\",\"name\":\"Idrogru\",\"url\":\"https:\\\/\\\/www.idrogru.it\\\/de\\\/\",\"logo\":{\"@type\":\"ImageObject\",\"inLanguage\":\"de-DE\",\"@id\":\"https:\\\/\\\/www.idrogru.it\\\/de\\\/#\\\/schema\\\/logo\\\/image\\\/\",\"url\":\"https:\\\/\\\/www.idrogru.it\\\/wp-content\\\/uploads\\\/2025\\\/03\\\/Idrogru_logoR.png\",\"contentUrl\":\"https:\\\/\\\/www.idrogru.it\\\/wp-content\\\/uploads\\\/2025\\\/03\\\/Idrogru_logoR.png\",\"width\":4870,\"height\":864,\"caption\":\"Idrogru\"},\"image\":{\"@id\":\"https:\\\/\\\/www.idrogru.it\\\/de\\\/#\\\/schema\\\/logo\\\/image\\\/\"},\"sameAs\":[\"https:\\\/\\\/www.facebook.com\\\/Idrogru-Srl-1651955921694151\\\/\",\"https:\\\/\\\/www.youtube.com\\\/channel\\\/UCt0-wyhR6AXew6QL2XwWFLw\",\"https:\\\/\\\/www.linkedin.com\\\/company\\\/idrogru\",\"https:\\\/\\\/www.instagram.com\\\/idrogru\\\/\"]}]}<\/script>\n<!-- \/ Yoast SEO plugin. -->","yoast_head_json":{"title":"Ma\u00dfgeschneiderte und zertifizierte Produktion - Idrogru","robots":{"index":"index","follow":"follow","max-snippet":"max-snippet:-1","max-image-preview":"max-image-preview:large","max-video-preview":"max-video-preview:-1"},"canonical":"https:\/\/www.idrogru.it\/de\/dienstleistungen\/massgeschneiderte-und-zertifizierte-produktion\/","og_locale":"de_DE","og_type":"article","og_title":"Ma\u00dfgeschneiderte und zertifizierte Produktion - Idrogru","og_description":"[vc_row content_placement=&#8221;middle&#8221; css=&#8221;.vc_custom_1715162133403{padding-top: 6em !important;padding-bottom: 6em !important;}&#8221;][vc_column width=&#8221;1\/2&#8243;][vc_single_image image=&#8221;7194&#8243; img_size=&#8221;full&#8221; alignment=&#8221;center&#8221; css_animation=&#8221;fadeIn&#8221; css=&#8221;&#8221;][\/vc_column][vc_column width=&#8221;1\/2&#8243;][vc_column_text css=&#8221;&#8221;]Die Herstellung von leistungsf\u00e4higen Krane mit au\u00dfergew\u00f6hnlicher Man\u00f6vrierf\u00e4higkeit und Ladekapazit\u00e4t ist seit 50 Jahren das Kerngesch\u00e4ft von Idrogr\u00f9. Unsere Modelle k\u00f6nnen in &#8220;Light&#8221;, &#8220;Medium&#8221; und &#8220;Heavy&#8221; Kategorien eingeteilt werden, je nach der Masse des Krans, dem verwendeten Ballast und der Schwenk- [&hellip;]","og_url":"https:\/\/www.idrogru.it\/de\/dienstleistungen\/massgeschneiderte-und-zertifizierte-produktion\/","og_site_name":"Idrogru","article_publisher":"https:\/\/www.facebook.com\/Idrogru-Srl-1651955921694151\/","article_modified_time":"2024-08-21T12:18:13+00:00","og_image":[{"width":2560,"height":1703,"url":"https:\/\/www.idrogru.it\/wp-content\/uploads\/2024\/07\/PROGETTAZIONE-SU-MISURA-scaled.jpeg","type":"image\/jpeg"}],"twitter_card":"summary_large_image","twitter_misc":{"Est. reading time":"2 minutes"},"schema":{"@context":"https:\/\/schema.org","@graph":[{"@type":"WebPage","@id":"https:\/\/www.idrogru.it\/de\/dienstleistungen\/massgeschneiderte-und-zertifizierte-produktion\/","url":"https:\/\/www.idrogru.it\/de\/dienstleistungen\/massgeschneiderte-und-zertifizierte-produktion\/","name":"Ma\u00dfgeschneiderte und zertifizierte Produktion - Idrogru","isPartOf":{"@id":"https:\/\/www.idrogru.it\/de\/#website"},"primaryImageOfPage":{"@id":"https:\/\/www.idrogru.it\/de\/dienstleistungen\/massgeschneiderte-und-zertifizierte-produktion\/#primaryimage"},"image":{"@id":"https:\/\/www.idrogru.it\/de\/dienstleistungen\/massgeschneiderte-und-zertifizierte-produktion\/#primaryimage"},"thumbnailUrl":"https:\/\/www.idrogru.it\/wp-content\/uploads\/2024\/07\/PROGETTAZIONE-SU-MISURA-scaled.jpeg","datePublished":"2024-05-07T07:16:00+00:00","dateModified":"2024-08-21T12:18:13+00:00","breadcrumb":{"@id":"https:\/\/www.idrogru.it\/de\/dienstleistungen\/massgeschneiderte-und-zertifizierte-produktion\/#breadcrumb"},"inLanguage":"de-DE","potentialAction":[{"@type":"ReadAction","target":["https:\/\/www.idrogru.it\/de\/dienstleistungen\/massgeschneiderte-und-zertifizierte-produktion\/"]}]},{"@type":"ImageObject","inLanguage":"de-DE","@id":"https:\/\/www.idrogru.it\/de\/dienstleistungen\/massgeschneiderte-und-zertifizierte-produktion\/#primaryimage","url":"https:\/\/www.idrogru.it\/wp-content\/uploads\/2024\/07\/PROGETTAZIONE-SU-MISURA-scaled.jpeg","contentUrl":"https:\/\/www.idrogru.it\/wp-content\/uploads\/2024\/07\/PROGETTAZIONE-SU-MISURA-scaled.jpeg","width":2560,"height":1703},{"@type":"BreadcrumbList","@id":"https:\/\/www.idrogru.it\/de\/dienstleistungen\/massgeschneiderte-und-zertifizierte-produktion\/#breadcrumb","itemListElement":[{"@type":"ListItem","position":1,"name":"Home","item":"https:\/\/www.idrogru.it\/de\/"},{"@type":"ListItem","position":2,"name":"Dienstleistungen","item":"https:\/\/www.idrogru.it\/de\/dienstleistungen\/"},{"@type":"ListItem","position":3,"name":"Ma\u00dfgeschneiderte und zertifizierte Produktion"}]},{"@type":"WebSite","@id":"https:\/\/www.idrogru.it\/de\/#website","url":"https:\/\/www.idrogru.it\/de\/","name":"Idrogru","description":"Il tuo partner di fiducia per le gru idrauliche su misura","publisher":{"@id":"https:\/\/www.idrogru.it\/de\/#organization"},"potentialAction":[{"@type":"SearchAction","target":{"@type":"EntryPoint","urlTemplate":"https:\/\/www.idrogru.it\/de\/?s={search_term_string}"},"query-input":{"@type":"PropertyValueSpecification","valueRequired":true,"valueName":"search_term_string"}}],"inLanguage":"de-DE"},{"@type":"Organization","@id":"https:\/\/www.idrogru.it\/de\/#organization","name":"Idrogru","url":"https:\/\/www.idrogru.it\/de\/","logo":{"@type":"ImageObject","inLanguage":"de-DE","@id":"https:\/\/www.idrogru.it\/de\/#\/schema\/logo\/image\/","url":"https:\/\/www.idrogru.it\/wp-content\/uploads\/2025\/03\/Idrogru_logoR.png","contentUrl":"https:\/\/www.idrogru.it\/wp-content\/uploads\/2025\/03\/Idrogru_logoR.png","width":4870,"height":864,"caption":"Idrogru"},"image":{"@id":"https:\/\/www.idrogru.it\/de\/#\/schema\/logo\/image\/"},"sameAs":["https:\/\/www.facebook.com\/Idrogru-Srl-1651955921694151\/","https:\/\/www.youtube.com\/channel\/UCt0-wyhR6AXew6QL2XwWFLw","https:\/\/www.linkedin.com\/company\/idrogru","https:\/\/www.instagram.com\/idrogru\/"]}]}},"_links":{"self":[{"href":"https:\/\/www.idrogru.it\/de\/wp-json\/wp\/v2\/pages\/6566","targetHints":{"allow":["GET"]}}],"collection":[{"href":"https:\/\/www.idrogru.it\/de\/wp-json\/wp\/v2\/pages"}],"about":[{"href":"https:\/\/www.idrogru.it\/de\/wp-json\/wp\/v2\/types\/page"}],"author":[{"embeddable":true,"href":"https:\/\/www.idrogru.it\/de\/wp-json\/wp\/v2\/users\/1"}],"replies":[{"embeddable":true,"href":"https:\/\/www.idrogru.it\/de\/wp-json\/wp\/v2\/comments?post=6566"}],"version-history":[{"count":11,"href":"https:\/\/www.idrogru.it\/de\/wp-json\/wp\/v2\/pages\/6566\/revisions"}],"predecessor-version":[{"id":7913,"href":"https:\/\/www.idrogru.it\/de\/wp-json\/wp\/v2\/pages\/6566\/revisions\/7913"}],"up":[{"embeddable":true,"href":"https:\/\/www.idrogru.it\/de\/wp-json\/wp\/v2\/pages\/6578"}],"wp:featuredmedia":[{"embeddable":true,"href":"https:\/\/www.idrogru.it\/de\/wp-json\/wp\/v2\/media\/7193"}],"wp:attachment":[{"href":"https:\/\/www.idrogru.it\/de\/wp-json\/wp\/v2\/media?parent=6566"}],"curies":[{"name":"wp","href":"https:\/\/api.w.org\/{rel}","templated":true}]}}