{"id":6556,"date":"2024-05-17T11:41:25","date_gmt":"2024-05-17T09:41:25","guid":{"rendered":"https:\/\/www.idrogru.it\/gebrauchte-produkte-zu-verkaufen\/"},"modified":"2024-08-21T15:22:12","modified_gmt":"2024-08-21T13:22:12","slug":"gebrauchte-produkte-zu-verkaufen","status":"publish","type":"page","link":"https:\/\/www.idrogru.it\/de\/dienstleistungen\/gebrauchte-produkte-zu-verkaufen\/","title":{"rendered":"Gebrauchte Produkte zu verkaufen"},"content":{"rendered":"<div class=\"wpb-content-wrapper\"><p>[vc_row full_width=&#8221;stretch_row&#8221; content_placement=&#8221;middle&#8221; css=&#8221;.vc_custom_1715943857185{padding-top: 4em !important;padding-bottom: 4em !important;background-color: #333333 !important;}&#8221;][vc_column width=&#8221;1\/2&#8243;]<div class=\"floating-block-wrapper\">\n\t\t\t<div class=\"flaoting-block text-start bg-white rounded shadow p-4\">\n\t\t\t\t<h1 class=\"deco-title text-start floating-block-title with-subtitle\"><span class=\"deco-eylet\">Gebrauchte Produkte zu verkaufen<\/span><span>Kommen Sie und entdecken Sie<mark>unsere gebrauchten Krane<\/mark><\/span><\/h1>\n\t\t\t\t<div class=\"floating-block-text mb-5\"><strong>Idrogru<\/strong> hat auch gro\u00dfe Erfahrung im Verkauf von gebrauchten Krane. Je nach Verf\u00fcgbarkeit finden Sie hier eine gro\u00dfe Auswahl an <strong>Modellen zu sehr g\u00fcnstigen Preisen<\/strong>. Sie werden auch alle Vorteile des Kaufs Ihres gebrauchten Krans von echten Profis finden, die <strong>perfekte Leistung und kompromisslose Sicherheit<\/strong> garantieren k\u00f6nnen.<\/p>\n<p>Um mehr zu erfahren, kontaktieren Sie uns ohne zu z\u00f6gern oder besuchen Sie uns!<\/div>\n\t\t\t\t\n\t\t\t<\/div>\n\t\t<\/div>[\/vc_column][vc_column width=&#8221;1\/3&#8243; offset=&#8221;vc_col-xs-offset-1 vc_col-xs-10&#8243; el_class=&#8221;text-white&#8221;]\n<div class=\"wpcf7 no-js\" id=\"wpcf7-f6908-o1\" lang=\"de-DE\" dir=\"ltr\" data-wpcf7-id=\"6908\">\n<div class=\"screen-reader-response\"><p role=\"status\" aria-live=\"polite\" aria-atomic=\"true\"><\/p> <ul><\/ul><\/div>\n<form action=\"\/de\/wp-json\/wp\/v2\/pages\/6556#wpcf7-f6908-o1\" method=\"post\" class=\"wpcf7-form init\" aria-label=\"Contact form\" novalidate=\"novalidate\" data-status=\"init\">\n<fieldset class=\"hidden-fields-container\"><input type=\"hidden\" name=\"_wpcf7\" value=\"6908\" \/><input type=\"hidden\" name=\"_wpcf7_version\" value=\"6.1.5\" \/><input type=\"hidden\" name=\"_wpcf7_locale\" value=\"de_DE\" \/><input type=\"hidden\" name=\"_wpcf7_unit_tag\" value=\"wpcf7-f6908-o1\" \/><input type=\"hidden\" name=\"_wpcf7_container_post\" value=\"0\" \/><input type=\"hidden\" name=\"_wpcf7_posted_data_hash\" value=\"\" \/><input type=\"hidden\" name=\"_wpcf7dtx_version\" value=\"5.0.5\" \/><input type=\"hidden\" name=\"_wpcf7_recaptcha_response\" value=\"\" \/>\n<\/fieldset>\n<div class=\"row\">\n\t<div class=\"col-md-6\">\n\t\t<div class=\"mb-2\">\n\t\t\t<label for=\"tnome\" class=\"form-label\">Name<sup title=\"erforderlich\">*<\/sup><\/label>\n\t\t\t<span class=\"wpcf7-form-control-wrap\" data-name=\"nome\"><input size=\"40\" maxlength=\"400\" class=\"wpcf7-form-control wpcf7-text wpcf7-validates-as-required form-control form-control-sm\" id=\"tnome\" aria-required=\"true\" aria-invalid=\"false\" value=\"\" type=\"text\" name=\"nome\" \/><\/span>\n\t\t<\/div>\n\t<\/div>\n\t<div class=\"col-md-6\">\n\t\t<div class=\"mb-2\">\n\t\t\t<label for=\"tcognome\" class=\"form-label\">Nachname<sup title=\"erforderlich\">*<\/sup><\/label>\n\t\t\t<span class=\"wpcf7-form-control-wrap\" data-name=\"cognome\"><input size=\"40\" maxlength=\"400\" class=\"wpcf7-form-control wpcf7-text wpcf7-validates-as-required form-control form-control-sm\" id=\"tcognome\" aria-required=\"true\" aria-invalid=\"false\" value=\"\" type=\"text\" name=\"cognome\" \/><\/span>\n\t\t<\/div>\n\t<\/div>\n<\/div>\n<div class=\"row\">\n\t<div class=\"col-md-6\">\n\t\t<div class=\"mb-2\">\n\t\t\t<label for=\"temail\" class=\"form-label\">E-Mail<sup title=\"erforderlich\">*<\/sup><\/label>\n\t\t\t<span class=\"wpcf7-form-control-wrap\" data-name=\"email\"><input size=\"40\" maxlength=\"400\" class=\"wpcf7-form-control wpcf7-email wpcf7-validates-as-required wpcf7-text wpcf7-validates-as-email form-control form-control-sm\" id=\"temail\" aria-required=\"true\" aria-invalid=\"false\" value=\"\" type=\"email\" name=\"email\" \/><\/span>\n\t\t<\/div>\n\t<\/div>\n        <div class=\"col-md-6\">\n\t\t<div class=\"mb-2\">\n\t\t\t<label for=\"ttel\" class=\"form-label\">Telefon<sup title=\"erforderlich\">*<\/sup><\/label>\n\t\t\t<span class=\"wpcf7-form-control-wrap\" data-name=\"tel-prenotation\"><input size=\"40\" maxlength=\"400\" class=\"wpcf7-form-control wpcf7-tel wpcf7-validates-as-required wpcf7-text wpcf7-validates-as-tel form-control form-control-sm\" id=\"ttel\" aria-required=\"true\" aria-invalid=\"false\" value=\"\" type=\"tel\" name=\"tel-prenotation\" \/><\/span>\n\t\t<\/div>\n\t<\/div>\n<\/div>\n<div class=\"row\">\n\t<div class=\"col-md-6\">\n\t\t<div class=\"mb-2\">\n\t\t\t<label for=\"tazienda\" class=\"form-label\">Name des Unternehmens<\/label>\n\t\t\t<span class=\"wpcf7-form-control-wrap\" data-name=\"azienda\"><input size=\"40\" maxlength=\"400\" class=\"wpcf7-form-control wpcf7-text form-control form-control-sm\" id=\"tazienda\" aria-invalid=\"false\" value=\"\" type=\"text\" name=\"azienda\" \/><\/span>\n\t\t<\/div>\n\t<\/div>\n\t<div class=\"col-md-6\">\n\t\t<div class=\"mb-2\">\n\t\t\t<label for=\"tluogo\" class=\"form-label\">Provinz\/Nation<\/label>\n\t\t\t<span class=\"wpcf7-form-control-wrap\" data-name=\"luogo\"><input size=\"40\" maxlength=\"400\" class=\"wpcf7-form-control wpcf7-text form-control form-control-sm\" id=\"tluogo\" aria-invalid=\"false\" value=\"\" type=\"text\" name=\"luogo\" \/><\/span>\n\t\t<\/div>\n\t<\/div>\n<\/div>\n<div class=\"row\">\n\t<div class=\"col-12\">\n\t\t<label for=\"trichiesta\" class=\"form-label\">Nach welchem Medium suchen Sie?<\/label>\n\t\t<span class=\"wpcf7-form-control-wrap\" data-name=\"richiesta\"><textarea cols=\"40\" rows=\"10\" maxlength=\"2000\" class=\"wpcf7-form-control wpcf7-textarea form-control form-control-sm\" id=\"trichiesta\" aria-invalid=\"false\" name=\"richiesta\"><\/textarea><\/span>\n\t<\/div>\n<\/div>\n<div class=\"row\">\n\t<div class=\"col-12\">\n\t\t<div class=\"form-check mb-2\">\n\t\t\t<span class=\"wpcf7-form-control-wrap\" data-name=\"privacy\"><span class=\"wpcf7-form-control wpcf7-acceptance\"><span class=\"wpcf7-list-item\"><input type=\"checkbox\" name=\"privacy\" value=\"1\" class=\"form-check-input\" id=\"tprivacy\" aria-invalid=\"false\" \/><\/span><\/span><\/span> <label class=\"form-check-label\" for=\"tprivacy\">Ich erkl\u00e4re, dass ich die <a href=\"\/it\/privacy-policy\" target=\"_blank\">Datenschutzbestimmungen<\/a> gelesen habe und mit der Verarbeitung meiner pers\u00f6nlichen Daten einverstanden bin.<\/label>\n\t\t<\/div>\n\t\t<div class=\"mb-2\">\n\t\t\t<input class=\"wpcf7-form-control wpcf7-submit has-spinner btn btn-success\" type=\"submit\" value=\"Senden\" \/>\n\t\t<\/div>\n\t<\/div>\n<\/div><div class=\"wpcf7-response-output\" aria-hidden=\"true\"><\/div>\n<\/form>\n<\/div>\n[\/vc_column][\/vc_row][vc_row full_width=&#8221;stretch_row&#8221; css=&#8221;.vc_custom_1715943571481{padding-top: 4em !important;padding-bottom: 4em !important;background-color: #e5e5e5 !important;}&#8221;][vc_column]\n\t\t\t<div class=\"gallery-images \">\n\t\t\t\t<div class=\"row g-3 justify-content-center\">\n\t\t\t\t\t\n\t\t\t<div class=\"col-xl-3 col-lg-4 col-md-6\">\n\t\t\t\t<figure class=\"aspect-image lightbox shadow\" data-delta=\"1\" style=\"background-image:url('https:\/\/www.idrogru.it\/wp-content\/uploads\/2024\/07\/DSC_0680-1024x681.jpg'); aspect-ratio:1 \/ 1;\" data-url=\"https:\/\/www.idrogru.it\/wp-content\/uploads\/2024\/07\/DSC_0680-scaled.jpg\" data-width=\"2560\" data-height=\"1703\">\n\t\t\t\t\t<img decoding=\"async\" src=\"https:\/\/www.idrogru.it\/wp-content\/uploads\/2024\/07\/DSC_0680-1024x681.jpg\" alt=\"\" \/>\n\t\t\t\t<\/figure>\n\t\t\t<\/div>\n\t\t\t<div class=\"col-xl-3 col-lg-4 col-md-6\">\n\t\t\t\t<figure class=\"aspect-image lightbox shadow\" data-delta=\"1\" style=\"background-image:url('https:\/\/www.idrogru.it\/wp-content\/uploads\/2024\/05\/idrogru-crane-esempi-mezzi-usati-vendita-modena-001.jpg'); aspect-ratio:1 \/ 1;\" data-url=\"https:\/\/www.idrogru.it\/wp-content\/uploads\/2024\/05\/idrogru-crane-esempi-mezzi-usati-vendita-modena-001.jpg\" data-width=\"600\" data-height=\"450\">\n\t\t\t\t\t<img decoding=\"async\" src=\"https:\/\/www.idrogru.it\/wp-content\/uploads\/2024\/05\/idrogru-crane-esempi-mezzi-usati-vendita-modena-001.jpg\" alt=\"\" \/>\n\t\t\t\t<\/figure>\n\t\t\t<\/div>\n\t\t\t<div class=\"col-xl-3 col-lg-4 col-md-6\">\n\t\t\t\t<figure class=\"aspect-image lightbox shadow\" data-delta=\"1\" style=\"background-image:url('https:\/\/www.idrogru.it\/wp-content\/uploads\/2024\/07\/DSC_0681-1024x681.jpg'); aspect-ratio:1 \/ 1;\" data-url=\"https:\/\/www.idrogru.it\/wp-content\/uploads\/2024\/07\/DSC_0681-scaled.jpg\" data-width=\"2560\" data-height=\"1703\">\n\t\t\t\t\t<img decoding=\"async\" src=\"https:\/\/www.idrogru.it\/wp-content\/uploads\/2024\/07\/DSC_0681-1024x681.jpg\" alt=\"\" \/>\n\t\t\t\t<\/figure>\n\t\t\t<\/div>\n\t\t\t<div class=\"col-xl-3 col-lg-4 col-md-6\">\n\t\t\t\t<figure class=\"aspect-image lightbox shadow\" data-delta=\"1\" style=\"background-image:url('https:\/\/www.idrogru.it\/wp-content\/uploads\/2024\/05\/idrogru-crane-esempi-mezzi-usati-vendita-modena-002.jpg'); aspect-ratio:1 \/ 1;\" data-url=\"https:\/\/www.idrogru.it\/wp-content\/uploads\/2024\/05\/idrogru-crane-esempi-mezzi-usati-vendita-modena-002.jpg\" data-width=\"600\" data-height=\"450\">\n\t\t\t\t\t<img decoding=\"async\" src=\"https:\/\/www.idrogru.it\/wp-content\/uploads\/2024\/05\/idrogru-crane-esempi-mezzi-usati-vendita-modena-002.jpg\" alt=\"\" \/>\n\t\t\t\t<\/figure>\n\t\t\t<\/div>\n\t\t\t<div class=\"col-xl-3 col-lg-4 col-md-6\">\n\t\t\t\t<figure class=\"aspect-image lightbox shadow\" data-delta=\"1\" style=\"background-image:url('https:\/\/www.idrogru.it\/wp-content\/uploads\/2024\/05\/idrogru-crane-esempi-mezzi-usati-vendita-modena-003.jpg'); aspect-ratio:1 \/ 1;\" data-url=\"https:\/\/www.idrogru.it\/wp-content\/uploads\/2024\/05\/idrogru-crane-esempi-mezzi-usati-vendita-modena-003.jpg\" data-width=\"600\" data-height=\"450\">\n\t\t\t\t\t<img decoding=\"async\" src=\"https:\/\/www.idrogru.it\/wp-content\/uploads\/2024\/05\/idrogru-crane-esempi-mezzi-usati-vendita-modena-003.jpg\" alt=\"\" \/>\n\t\t\t\t<\/figure>\n\t\t\t<\/div>\n\t\t\t<div class=\"col-xl-3 col-lg-4 col-md-6\">\n\t\t\t\t<figure class=\"aspect-image lightbox shadow\" data-delta=\"1\" style=\"background-image:url('https:\/\/www.idrogru.it\/wp-content\/uploads\/2024\/05\/idrogru-crane-esempi-mezzi-usati-vendita-modena-004.jpg'); aspect-ratio:1 \/ 1;\" data-url=\"https:\/\/www.idrogru.it\/wp-content\/uploads\/2024\/05\/idrogru-crane-esempi-mezzi-usati-vendita-modena-004.jpg\" data-width=\"450\" data-height=\"600\">\n\t\t\t\t\t<img decoding=\"async\" src=\"https:\/\/www.idrogru.it\/wp-content\/uploads\/2024\/05\/idrogru-crane-esempi-mezzi-usati-vendita-modena-004.jpg\" alt=\"\" \/>\n\t\t\t\t<\/figure>\n\t\t\t<\/div>\n\t\t\t<div class=\"col-xl-3 col-lg-4 col-md-6\">\n\t\t\t\t<figure class=\"aspect-image lightbox shadow\" data-delta=\"1\" style=\"background-image:url('https:\/\/www.idrogru.it\/wp-content\/uploads\/2024\/07\/DSC_0682-1024x681.jpg'); aspect-ratio:1 \/ 1;\" data-url=\"https:\/\/www.idrogru.it\/wp-content\/uploads\/2024\/07\/DSC_0682-scaled.jpg\" data-width=\"2560\" data-height=\"1703\">\n\t\t\t\t\t<img decoding=\"async\" src=\"https:\/\/www.idrogru.it\/wp-content\/uploads\/2024\/07\/DSC_0682-1024x681.jpg\" alt=\"\" \/>\n\t\t\t\t<\/figure>\n\t\t\t<\/div>\n\t\t\t\t<\/div>\n\t\t\t<\/div>[\/vc_column][\/vc_row]<\/p>\n<\/div>","protected":false},"excerpt":{"rendered":"<p>[vc_row full_width=&#8221;stretch_row&#8221; content_placement=&#8221;middle&#8221; css=&#8221;.vc_custom_1715943857185{padding-top: 4em !important;padding-bottom: 4em !important;background-color: #333333 !important;}&#8221;][vc_column width=&#8221;1\/2&#8243;][\/vc_column][vc_column width=&#8221;1\/3&#8243; offset=&#8221;vc_col-xs-offset-1 vc_col-xs-10&#8243; el_class=&#8221;text-white&#8221;][\/vc_column][\/vc_row][vc_row full_width=&#8221;stretch_row&#8221; css=&#8221;.vc_custom_1715943571481{padding-top: 4em !important;padding-bottom: 4em !important;background-color: #e5e5e5 !important;}&#8221;][vc_column][\/vc_column][\/vc_row]<\/p>\n","protected":false},"author":1,"featured_media":6491,"parent":6578,"menu_order":0,"comment_status":"closed","ping_status":"closed","template":"","meta":{"_acf_changed":false,"rs_blank_template":"","rs_page_bg_color":"","slide_template_v7":"","footnotes":""},"class_list":["post-6556","page","type-page","status-publish","has-post-thumbnail","hentry"],"acf":[],"yoast_head":"<!-- This site is optimized with the Yoast SEO plugin v27.5 - https:\/\/yoast.com\/product\/yoast-seo-wordpress\/ -->\n<title>Gebrauchte Produkte zu verkaufen - Idrogru<\/title>\n<meta name=\"robots\" content=\"index, follow, max-snippet:-1, max-image-preview:large, max-video-preview:-1\" \/>\n<link rel=\"canonical\" href=\"https:\/\/www.idrogru.it\/de\/dienstleistungen\/gebrauchte-produkte-zu-verkaufen\/\" \/>\n<meta property=\"og:locale\" content=\"de_DE\" \/>\n<meta property=\"og:type\" content=\"article\" \/>\n<meta property=\"og:title\" content=\"Gebrauchte Produkte zu verkaufen - Idrogru\" \/>\n<meta property=\"og:description\" content=\"[vc_row full_width=&#8221;stretch_row&#8221; content_placement=&#8221;middle&#8221; css=&#8221;.vc_custom_1715943857185{padding-top: 4em !important;padding-bottom: 4em !important;background-color: #333333 !important;}&#8221;][vc_column width=&#8221;1\/2&#8243;][\/vc_column][vc_column width=&#8221;1\/3&#8243; offset=&#8221;vc_col-xs-offset-1 vc_col-xs-10&#8243; el_class=&#8221;text-white&#8221;][\/vc_column][\/vc_row][vc_row full_width=&#8221;stretch_row&#8221; css=&#8221;.vc_custom_1715943571481{padding-top: 4em !important;padding-bottom: 4em !important;background-color: #e5e5e5 !important;}&#8221;][vc_column][\/vc_column][\/vc_row]\" \/>\n<meta property=\"og:url\" content=\"https:\/\/www.idrogru.it\/de\/dienstleistungen\/gebrauchte-produkte-zu-verkaufen\/\" \/>\n<meta property=\"og:site_name\" content=\"Idrogru\" \/>\n<meta property=\"article:publisher\" content=\"https:\/\/www.facebook.com\/Idrogru-Srl-1651955921694151\/\" \/>\n<meta property=\"article:modified_time\" content=\"2024-08-21T13:22:12+00:00\" \/>\n<meta property=\"og:image\" content=\"https:\/\/www.idrogru.it\/wp-content\/uploads\/2024\/07\/DSC_0682-scaled.jpg\" \/>\n\t<meta property=\"og:image:width\" content=\"2560\" \/>\n\t<meta property=\"og:image:height\" content=\"1703\" \/>\n\t<meta property=\"og:image:type\" content=\"image\/jpeg\" \/>\n<meta name=\"twitter:card\" content=\"summary_large_image\" \/>\n<meta name=\"twitter:label1\" content=\"Est. reading time\" \/>\n\t<meta name=\"twitter:data1\" content=\"1 minute\" \/>\n<script type=\"application\/ld+json\" class=\"yoast-schema-graph\">{\"@context\":\"https:\\\/\\\/schema.org\",\"@graph\":[{\"@type\":\"WebPage\",\"@id\":\"https:\\\/\\\/www.idrogru.it\\\/de\\\/dienstleistungen\\\/gebrauchte-produkte-zu-verkaufen\\\/\",\"url\":\"https:\\\/\\\/www.idrogru.it\\\/de\\\/dienstleistungen\\\/gebrauchte-produkte-zu-verkaufen\\\/\",\"name\":\"Gebrauchte Produkte zu verkaufen - Idrogru\",\"isPartOf\":{\"@id\":\"https:\\\/\\\/www.idrogru.it\\\/de\\\/#website\"},\"primaryImageOfPage\":{\"@id\":\"https:\\\/\\\/www.idrogru.it\\\/de\\\/dienstleistungen\\\/gebrauchte-produkte-zu-verkaufen\\\/#primaryimage\"},\"image\":{\"@id\":\"https:\\\/\\\/www.idrogru.it\\\/de\\\/dienstleistungen\\\/gebrauchte-produkte-zu-verkaufen\\\/#primaryimage\"},\"thumbnailUrl\":\"https:\\\/\\\/www.idrogru.it\\\/wp-content\\\/uploads\\\/2024\\\/07\\\/DSC_0682-scaled.jpg\",\"datePublished\":\"2024-05-17T09:41:25+00:00\",\"dateModified\":\"2024-08-21T13:22:12+00:00\",\"breadcrumb\":{\"@id\":\"https:\\\/\\\/www.idrogru.it\\\/de\\\/dienstleistungen\\\/gebrauchte-produkte-zu-verkaufen\\\/#breadcrumb\"},\"inLanguage\":\"de-DE\",\"potentialAction\":[{\"@type\":\"ReadAction\",\"target\":[\"https:\\\/\\\/www.idrogru.it\\\/de\\\/dienstleistungen\\\/gebrauchte-produkte-zu-verkaufen\\\/\"]}]},{\"@type\":\"ImageObject\",\"inLanguage\":\"de-DE\",\"@id\":\"https:\\\/\\\/www.idrogru.it\\\/de\\\/dienstleistungen\\\/gebrauchte-produkte-zu-verkaufen\\\/#primaryimage\",\"url\":\"https:\\\/\\\/www.idrogru.it\\\/wp-content\\\/uploads\\\/2024\\\/07\\\/DSC_0682-scaled.jpg\",\"contentUrl\":\"https:\\\/\\\/www.idrogru.it\\\/wp-content\\\/uploads\\\/2024\\\/07\\\/DSC_0682-scaled.jpg\",\"width\":2560,\"height\":1703},{\"@type\":\"BreadcrumbList\",\"@id\":\"https:\\\/\\\/www.idrogru.it\\\/de\\\/dienstleistungen\\\/gebrauchte-produkte-zu-verkaufen\\\/#breadcrumb\",\"itemListElement\":[{\"@type\":\"ListItem\",\"position\":1,\"name\":\"Home\",\"item\":\"https:\\\/\\\/www.idrogru.it\\\/de\\\/\"},{\"@type\":\"ListItem\",\"position\":2,\"name\":\"Dienstleistungen\",\"item\":\"https:\\\/\\\/www.idrogru.it\\\/de\\\/dienstleistungen\\\/\"},{\"@type\":\"ListItem\",\"position\":3,\"name\":\"Gebrauchte Produkte zu verkaufen\"}]},{\"@type\":\"WebSite\",\"@id\":\"https:\\\/\\\/www.idrogru.it\\\/de\\\/#website\",\"url\":\"https:\\\/\\\/www.idrogru.it\\\/de\\\/\",\"name\":\"Idrogru\",\"description\":\"Il tuo partner di fiducia per le gru idrauliche su misura\",\"publisher\":{\"@id\":\"https:\\\/\\\/www.idrogru.it\\\/de\\\/#organization\"},\"potentialAction\":[{\"@type\":\"SearchAction\",\"target\":{\"@type\":\"EntryPoint\",\"urlTemplate\":\"https:\\\/\\\/www.idrogru.it\\\/de\\\/?s={search_term_string}\"},\"query-input\":{\"@type\":\"PropertyValueSpecification\",\"valueRequired\":true,\"valueName\":\"search_term_string\"}}],\"inLanguage\":\"de-DE\"},{\"@type\":\"Organization\",\"@id\":\"https:\\\/\\\/www.idrogru.it\\\/de\\\/#organization\",\"name\":\"Idrogru\",\"url\":\"https:\\\/\\\/www.idrogru.it\\\/de\\\/\",\"logo\":{\"@type\":\"ImageObject\",\"inLanguage\":\"de-DE\",\"@id\":\"https:\\\/\\\/www.idrogru.it\\\/de\\\/#\\\/schema\\\/logo\\\/image\\\/\",\"url\":\"https:\\\/\\\/www.idrogru.it\\\/wp-content\\\/uploads\\\/2025\\\/03\\\/Idrogru_logoR.png\",\"contentUrl\":\"https:\\\/\\\/www.idrogru.it\\\/wp-content\\\/uploads\\\/2025\\\/03\\\/Idrogru_logoR.png\",\"width\":4870,\"height\":864,\"caption\":\"Idrogru\"},\"image\":{\"@id\":\"https:\\\/\\\/www.idrogru.it\\\/de\\\/#\\\/schema\\\/logo\\\/image\\\/\"},\"sameAs\":[\"https:\\\/\\\/www.facebook.com\\\/Idrogru-Srl-1651955921694151\\\/\",\"https:\\\/\\\/www.youtube.com\\\/channel\\\/UCt0-wyhR6AXew6QL2XwWFLw\",\"https:\\\/\\\/www.linkedin.com\\\/company\\\/idrogru\",\"https:\\\/\\\/www.instagram.com\\\/idrogru\\\/\"]}]}<\/script>\n<!-- \/ Yoast SEO plugin. -->","yoast_head_json":{"title":"Gebrauchte Produkte zu verkaufen - Idrogru","robots":{"index":"index","follow":"follow","max-snippet":"max-snippet:-1","max-image-preview":"max-image-preview:large","max-video-preview":"max-video-preview:-1"},"canonical":"https:\/\/www.idrogru.it\/de\/dienstleistungen\/gebrauchte-produkte-zu-verkaufen\/","og_locale":"de_DE","og_type":"article","og_title":"Gebrauchte Produkte zu verkaufen - Idrogru","og_description":"[vc_row full_width=&#8221;stretch_row&#8221; content_placement=&#8221;middle&#8221; css=&#8221;.vc_custom_1715943857185{padding-top: 4em !important;padding-bottom: 4em !important;background-color: #333333 !important;}&#8221;][vc_column width=&#8221;1\/2&#8243;][\/vc_column][vc_column width=&#8221;1\/3&#8243; offset=&#8221;vc_col-xs-offset-1 vc_col-xs-10&#8243; el_class=&#8221;text-white&#8221;][\/vc_column][\/vc_row][vc_row full_width=&#8221;stretch_row&#8221; css=&#8221;.vc_custom_1715943571481{padding-top: 4em !important;padding-bottom: 4em !important;background-color: #e5e5e5 !important;}&#8221;][vc_column][\/vc_column][\/vc_row]","og_url":"https:\/\/www.idrogru.it\/de\/dienstleistungen\/gebrauchte-produkte-zu-verkaufen\/","og_site_name":"Idrogru","article_publisher":"https:\/\/www.facebook.com\/Idrogru-Srl-1651955921694151\/","article_modified_time":"2024-08-21T13:22:12+00:00","og_image":[{"width":2560,"height":1703,"url":"https:\/\/www.idrogru.it\/wp-content\/uploads\/2024\/07\/DSC_0682-scaled.jpg","type":"image\/jpeg"}],"twitter_card":"summary_large_image","twitter_misc":{"Est. reading time":"1 minute"},"schema":{"@context":"https:\/\/schema.org","@graph":[{"@type":"WebPage","@id":"https:\/\/www.idrogru.it\/de\/dienstleistungen\/gebrauchte-produkte-zu-verkaufen\/","url":"https:\/\/www.idrogru.it\/de\/dienstleistungen\/gebrauchte-produkte-zu-verkaufen\/","name":"Gebrauchte Produkte zu verkaufen - Idrogru","isPartOf":{"@id":"https:\/\/www.idrogru.it\/de\/#website"},"primaryImageOfPage":{"@id":"https:\/\/www.idrogru.it\/de\/dienstleistungen\/gebrauchte-produkte-zu-verkaufen\/#primaryimage"},"image":{"@id":"https:\/\/www.idrogru.it\/de\/dienstleistungen\/gebrauchte-produkte-zu-verkaufen\/#primaryimage"},"thumbnailUrl":"https:\/\/www.idrogru.it\/wp-content\/uploads\/2024\/07\/DSC_0682-scaled.jpg","datePublished":"2024-05-17T09:41:25+00:00","dateModified":"2024-08-21T13:22:12+00:00","breadcrumb":{"@id":"https:\/\/www.idrogru.it\/de\/dienstleistungen\/gebrauchte-produkte-zu-verkaufen\/#breadcrumb"},"inLanguage":"de-DE","potentialAction":[{"@type":"ReadAction","target":["https:\/\/www.idrogru.it\/de\/dienstleistungen\/gebrauchte-produkte-zu-verkaufen\/"]}]},{"@type":"ImageObject","inLanguage":"de-DE","@id":"https:\/\/www.idrogru.it\/de\/dienstleistungen\/gebrauchte-produkte-zu-verkaufen\/#primaryimage","url":"https:\/\/www.idrogru.it\/wp-content\/uploads\/2024\/07\/DSC_0682-scaled.jpg","contentUrl":"https:\/\/www.idrogru.it\/wp-content\/uploads\/2024\/07\/DSC_0682-scaled.jpg","width":2560,"height":1703},{"@type":"BreadcrumbList","@id":"https:\/\/www.idrogru.it\/de\/dienstleistungen\/gebrauchte-produkte-zu-verkaufen\/#breadcrumb","itemListElement":[{"@type":"ListItem","position":1,"name":"Home","item":"https:\/\/www.idrogru.it\/de\/"},{"@type":"ListItem","position":2,"name":"Dienstleistungen","item":"https:\/\/www.idrogru.it\/de\/dienstleistungen\/"},{"@type":"ListItem","position":3,"name":"Gebrauchte Produkte zu verkaufen"}]},{"@type":"WebSite","@id":"https:\/\/www.idrogru.it\/de\/#website","url":"https:\/\/www.idrogru.it\/de\/","name":"Idrogru","description":"Il tuo partner di fiducia per le gru idrauliche su misura","publisher":{"@id":"https:\/\/www.idrogru.it\/de\/#organization"},"potentialAction":[{"@type":"SearchAction","target":{"@type":"EntryPoint","urlTemplate":"https:\/\/www.idrogru.it\/de\/?s={search_term_string}"},"query-input":{"@type":"PropertyValueSpecification","valueRequired":true,"valueName":"search_term_string"}}],"inLanguage":"de-DE"},{"@type":"Organization","@id":"https:\/\/www.idrogru.it\/de\/#organization","name":"Idrogru","url":"https:\/\/www.idrogru.it\/de\/","logo":{"@type":"ImageObject","inLanguage":"de-DE","@id":"https:\/\/www.idrogru.it\/de\/#\/schema\/logo\/image\/","url":"https:\/\/www.idrogru.it\/wp-content\/uploads\/2025\/03\/Idrogru_logoR.png","contentUrl":"https:\/\/www.idrogru.it\/wp-content\/uploads\/2025\/03\/Idrogru_logoR.png","width":4870,"height":864,"caption":"Idrogru"},"image":{"@id":"https:\/\/www.idrogru.it\/de\/#\/schema\/logo\/image\/"},"sameAs":["https:\/\/www.facebook.com\/Idrogru-Srl-1651955921694151\/","https:\/\/www.youtube.com\/channel\/UCt0-wyhR6AXew6QL2XwWFLw","https:\/\/www.linkedin.com\/company\/idrogru","https:\/\/www.instagram.com\/idrogru\/"]}]}},"_links":{"self":[{"href":"https:\/\/www.idrogru.it\/de\/wp-json\/wp\/v2\/pages\/6556","targetHints":{"allow":["GET"]}}],"collection":[{"href":"https:\/\/www.idrogru.it\/de\/wp-json\/wp\/v2\/pages"}],"about":[{"href":"https:\/\/www.idrogru.it\/de\/wp-json\/wp\/v2\/types\/page"}],"author":[{"embeddable":true,"href":"https:\/\/www.idrogru.it\/de\/wp-json\/wp\/v2\/users\/1"}],"replies":[{"embeddable":true,"href":"https:\/\/www.idrogru.it\/de\/wp-json\/wp\/v2\/comments?post=6556"}],"version-history":[{"count":13,"href":"https:\/\/www.idrogru.it\/de\/wp-json\/wp\/v2\/pages\/6556\/revisions"}],"predecessor-version":[{"id":7919,"href":"https:\/\/www.idrogru.it\/de\/wp-json\/wp\/v2\/pages\/6556\/revisions\/7919"}],"up":[{"embeddable":true,"href":"https:\/\/www.idrogru.it\/de\/wp-json\/wp\/v2\/pages\/6578"}],"wp:featuredmedia":[{"embeddable":true,"href":"https:\/\/www.idrogru.it\/de\/wp-json\/wp\/v2\/media\/6491"}],"wp:attachment":[{"href":"https:\/\/www.idrogru.it\/de\/wp-json\/wp\/v2\/media?parent=6556"}],"curies":[{"name":"wp","href":"https:\/\/api.w.org\/{rel}","templated":true}]}}